{"id":18928,"date":"2025-07-29T15:00:52","date_gmt":"2025-07-29T10:00:52","guid":{"rendered":"https:\/\/turkmenexporter.com\/product\/elma-granny-smith\/"},"modified":"2025-07-29T15:00:52","modified_gmt":"2025-07-29T10:00:52","slug":"elma-granny-smith","status":"publish","type":"product","link":"https:\/\/turkmenexporter.com\/tr\/urun\/elma-granny-smith\/","title":{"rendered":"Elma &#8220;Granny Smith&#8221;"},"content":{"rendered":"<ul>\n<li><span class=\"fadeinm1hgl8\"><b><span lang=\"EN-US\">K\u00f6ken: <\/span><\/b><span lang=\"EN-US\">Kaka etrap, Ahal velayat, T\u00fcrkmenistan. <\/span><\/span><span lang=\"EN-US\"><span class=\"fadeinm1hgl8\">115 hektarl\u0131k y\u00fcksek rak\u0131ml\u0131, m\u00fckemmel g\u00fcne\u015f \u0131\u015f\u0131\u011f\u0131 alan ve mineral bak\u0131m\u0131ndan zengin topraklara sahip sulanan meyve bah\u00e7eleri<\/span><\/span><span class=\"fadeinm1hgl8\"><span lang=\"EN-US\"> <\/span><\/span><\/li>\n<li><span class=\"fadeinm1hgl8\"><span lang=\"EN-US\"><b>Lezzet Profili: <\/b>Ferahlat\u0131c\u0131 ye\u015fil elma notalar\u0131 ile ek\u015fi, keskin asidite; taze yeme, pi\u015firme ve i\u015fleme i\u00e7in m\u00fckemmel<\/span><\/span><\/li>\n<li>\n<p style=\"margin: 0cm\"><span class=\"fadeinm1hgl8\"><b><span lang=\"EN-US\">Hasat D\u00f6nemi: <\/span><\/b><span lang=\"EN-US\">Ekim ortas\u0131ndan sonuna kadar. Nisan ay\u0131na kadar mevcuttur. <\/span><\/span><\/p>\n<\/li>\n<li><strong>Tepsi Tipleri<\/strong>: Sel\u00fcloz kal\u0131pl\u0131 tepsi, premium ihracat i\u00e7in iste\u011fe ba\u011fl\u0131 k\u00f6p\u00fck a\u011f<\/li>\n<li><strong>Teslimat Ko\u015fullar\u0131<\/strong>: EXW (A\u015fkabat), FOB (T\u00fcrkmenba\u015f\u0131 Liman\u0131), CIF, DDP (belirli pazarlar i\u00e7in mevcuttur)<\/li>\n<\/ul>\n","protected":false},"excerpt":{"rendered":"<p><strong>Ambalaj:<\/strong> 9 kg ve 19 kg teleskopik kutular<\/p>\n<p>Meyve<strong>eti <\/strong>: Sert, gevrek, sulu, soluk ye\u015filimsi beyaz et<\/p>\n<p><span class=\"fadeinm1hgl8\"><b><span lang=\"EN-US\">BRIX Seviyesi: <\/span><\/b><span lang=\"EN-US\">12\u00b0-12.8\u00b0Bx<\/span><\/span><\/p>\n","protected":false},"featured_media":18760,"comment_status":"open","ping_status":"closed","template":"","meta":{"_acf_changed":false},"brand":[1405],"product_cat":[1407],"product_tag":[852],"class_list":{"0":"post-18928","1":"product","2":"type-product","3":"status-publish","4":"has-post-thumbnail","6":"brand-miwe-tr","7":"product_cat-meyveler","8":"product_tag-front-product-tr","10":"first","11":"instock","12":"shipping-taxable","13":"purchasable","14":"product-type-simple"},"acf":[],"_links":{"self":[{"href":"https:\/\/turkmenexporter.com\/tr\/wp-json\/wp\/v2\/product\/18928","targetHints":{"allow":["GET"]}}],"collection":[{"href":"https:\/\/turkmenexporter.com\/tr\/wp-json\/wp\/v2\/product"}],"about":[{"href":"https:\/\/turkmenexporter.com\/tr\/wp-json\/wp\/v2\/types\/product"}],"replies":[{"embeddable":true,"href":"https:\/\/turkmenexporter.com\/tr\/wp-json\/wp\/v2\/comments?post=18928"}],"version-history":[{"count":0,"href":"https:\/\/turkmenexporter.com\/tr\/wp-json\/wp\/v2\/product\/18928\/revisions"}],"wp:featuredmedia":[{"embeddable":true,"href":"https:\/\/turkmenexporter.com\/tr\/wp-json\/wp\/v2\/media\/18760"}],"wp:attachment":[{"href":"https:\/\/turkmenexporter.com\/tr\/wp-json\/wp\/v2\/media?parent=18928"}],"wp:term":[{"taxonomy":"brand","embeddable":true,"href":"https:\/\/turkmenexporter.com\/tr\/wp-json\/wp\/v2\/brand?post=18928"},{"taxonomy":"product_cat","embeddable":true,"href":"https:\/\/turkmenexporter.com\/tr\/wp-json\/wp\/v2\/product_cat?post=18928"},{"taxonomy":"product_tag","embeddable":true,"href":"https:\/\/turkmenexporter.com\/tr\/wp-json\/wp\/v2\/product_tag?post=18928"}],"curies":[{"name":"wp","href":"https:\/\/api.w.org\/{rel}","templated":true}]}}