{"id":18930,"date":"2025-07-29T14:22:15","date_gmt":"2025-07-29T09:22:15","guid":{"rendered":"https:\/\/turkmenexporter.com\/product\/elma-glow-apple\/"},"modified":"2025-07-29T14:22:15","modified_gmt":"2025-07-29T09:22:15","slug":"elma-glow-apple","status":"publish","type":"product","link":"https:\/\/turkmenexporter.com\/tr\/urun\/elma-glow-apple\/","title":{"rendered":"Elma &#8220;Rosy Glow&#8221;"},"content":{"rendered":"<ul>\n<li><strong>K\u00f6ken: <\/strong>Kaka etrap, Ahal velayat, T\u00fcrkmenistan. <strong>115<\/strong> hektarl\u0131k y\u00fcksek rak\u0131ml\u0131, sulanan ve optimum g\u00fcne\u015f alan meyve bah\u00e7eleri<\/li>\n<li><strong>Beklenen Hasat (ton olarak): <\/strong>3,500<\/li>\n<li><strong>Hasat D\u00f6nemi: <\/strong>Ekim sonundan Kas\u0131m ba\u015f\u0131na kadar. Uygun saklama ko\u015fullar\u0131nda May\u0131s ay\u0131na kadar kullan\u0131labilir. <\/li>\n<li><strong>Teslimat Ko\u015fullar\u0131: <\/strong>EXW (Ahal b\u00f6lgesi), FOB (T\u00fcrkmenba\u015f\u0131 Liman\u0131), CIF, DDP (belirli pazarlar i\u00e7in mevcuttur)<\/li>\n<\/ul>\n","protected":false},"excerpt":{"rendered":"<p>Ambalaj: 9 kg ve 19 kg teleskopik kutular<br \/>\nMeyve eti: Gevrek, sert, beyaz ve kabu\u011fa yak\u0131n hafif pembe renkte<br \/>\nBRIX Seviyesi: 12,4\u00b0 Bx<\/p>\n","protected":false},"featured_media":18766,"comment_status":"open","ping_status":"closed","template":"","meta":{"_acf_changed":false},"brand":[1405],"product_cat":[1407],"product_tag":[],"class_list":{"0":"post-18930","1":"product","2":"type-product","3":"status-publish","4":"has-post-thumbnail","6":"brand-miwe-tr","7":"product_cat-meyveler","9":"first","10":"instock","11":"shipping-taxable","12":"purchasable","13":"product-type-simple"},"acf":[],"_links":{"self":[{"href":"https:\/\/turkmenexporter.com\/tr\/wp-json\/wp\/v2\/product\/18930","targetHints":{"allow":["GET"]}}],"collection":[{"href":"https:\/\/turkmenexporter.com\/tr\/wp-json\/wp\/v2\/product"}],"about":[{"href":"https:\/\/turkmenexporter.com\/tr\/wp-json\/wp\/v2\/types\/product"}],"replies":[{"embeddable":true,"href":"https:\/\/turkmenexporter.com\/tr\/wp-json\/wp\/v2\/comments?post=18930"}],"version-history":[{"count":0,"href":"https:\/\/turkmenexporter.com\/tr\/wp-json\/wp\/v2\/product\/18930\/revisions"}],"wp:featuredmedia":[{"embeddable":true,"href":"https:\/\/turkmenexporter.com\/tr\/wp-json\/wp\/v2\/media\/18766"}],"wp:attachment":[{"href":"https:\/\/turkmenexporter.com\/tr\/wp-json\/wp\/v2\/media?parent=18930"}],"wp:term":[{"taxonomy":"brand","embeddable":true,"href":"https:\/\/turkmenexporter.com\/tr\/wp-json\/wp\/v2\/brand?post=18930"},{"taxonomy":"product_cat","embeddable":true,"href":"https:\/\/turkmenexporter.com\/tr\/wp-json\/wp\/v2\/product_cat?post=18930"},{"taxonomy":"product_tag","embeddable":true,"href":"https:\/\/turkmenexporter.com\/tr\/wp-json\/wp\/v2\/product_tag?post=18930"}],"curies":[{"name":"wp","href":"https:\/\/api.w.org\/{rel}","templated":true}]}}