{"id":19500,"date":"2025-08-19T17:45:09","date_gmt":"2025-08-19T12:45:09","guid":{"rendered":"https:\/\/turkmenexporter.com\/product\/7-chynar-terragon-alkolsuz-karbonatli-icecek\/"},"modified":"2025-08-19T17:45:09","modified_gmt":"2025-08-19T12:45:09","slug":"7-chynar-terragon-alkolsuz-karbonatli-icecek","status":"publish","type":"product","link":"https:\/\/turkmenexporter.com\/tr\/urun\/7-chynar-terragon-alkolsuz-karbonatli-icecek\/","title":{"rendered":"7 Chynar Terragon alkols\u00fcz gazl\u0131 i\u00e7ecek"},"content":{"rendered":"<p>\u0130\u00e7indekiler: Ar\u0131t\u0131lm\u0131\u015f i\u00e7me suyu, \u015feker, i\u00e7ecek karbonatla\u015ft\u0131r\u0131c\u0131 gaz karbondioksit E290, asitlik d\u00fczenleyici sitrik asit E330, do\u011fal \u00f6zde\u015f aroma &#8220;Terragon&#8221;, koruyucu madde sodyum benzoat E211<\/p>\n<p>\u00dcr\u00fcn\u00fcn 100 sm^3&#8217;\u00fc ba\u015f\u0131na besin de\u011feri:<br \/>\n&#8211; karbonhidratlar 10,4,<br \/>\n&#8211; enerji de\u011feri 40 kcal,<\/p>\n<p>Saklama ko\u015fullar\u0131: 4\u00b0C&#8217;den az ve 25\u00b0C&#8217;den fazla olmayan bir s\u0131cakl\u0131kta saklay\u0131n<\/p>\n<p>Sertifikal\u0131 \u00fcr\u00fcn. GDO i\u00e7ermez. Raf \u00f6mr\u00fc 180 g\u00fcn <\/p>\n","protected":false},"excerpt":{"rendered":"<p>Gosha Chynar terragon gazl\u0131 i\u00e7ecek 0,5 L<br \/>\n12 \u015fi\u015fe bir blokta.<br \/>\n108 blok bir palette.<\/p>\n","protected":false},"featured_media":19236,"comment_status":"open","ping_status":"closed","template":"","meta":{"_acf_changed":false},"brand":[1323],"product_cat":[629],"product_tag":[],"class_list":{"0":"post-19500","1":"product","2":"type-product","3":"status-publish","4":"has-post-thumbnail","6":"brand-gosha-chynar-tr","7":"product_cat-icecekler","9":"first","10":"instock","11":"shipping-taxable","12":"purchasable","13":"product-type-simple"},"acf":[],"_links":{"self":[{"href":"https:\/\/turkmenexporter.com\/tr\/wp-json\/wp\/v2\/product\/19500","targetHints":{"allow":["GET"]}}],"collection":[{"href":"https:\/\/turkmenexporter.com\/tr\/wp-json\/wp\/v2\/product"}],"about":[{"href":"https:\/\/turkmenexporter.com\/tr\/wp-json\/wp\/v2\/types\/product"}],"replies":[{"embeddable":true,"href":"https:\/\/turkmenexporter.com\/tr\/wp-json\/wp\/v2\/comments?post=19500"}],"version-history":[{"count":0,"href":"https:\/\/turkmenexporter.com\/tr\/wp-json\/wp\/v2\/product\/19500\/revisions"}],"wp:featuredmedia":[{"embeddable":true,"href":"https:\/\/turkmenexporter.com\/tr\/wp-json\/wp\/v2\/media\/19236"}],"wp:attachment":[{"href":"https:\/\/turkmenexporter.com\/tr\/wp-json\/wp\/v2\/media?parent=19500"}],"wp:term":[{"taxonomy":"brand","embeddable":true,"href":"https:\/\/turkmenexporter.com\/tr\/wp-json\/wp\/v2\/brand?post=19500"},{"taxonomy":"product_cat","embeddable":true,"href":"https:\/\/turkmenexporter.com\/tr\/wp-json\/wp\/v2\/product_cat?post=19500"},{"taxonomy":"product_tag","embeddable":true,"href":"https:\/\/turkmenexporter.com\/tr\/wp-json\/wp\/v2\/product_tag?post=19500"}],"curies":[{"name":"wp","href":"https:\/\/api.w.org\/{rel}","templated":true}]}}