{"id":19510,"date":"2025-08-19T17:45:06","date_gmt":"2025-08-19T12:45:06","guid":{"rendered":"https:\/\/turkmenexporter.com\/product\/gosha-chynar-cola-alkolsuz-karbonatli-icecek-15-l\/"},"modified":"2025-08-19T17:45:06","modified_gmt":"2025-08-19T12:45:06","slug":"gosha-chynar-cola-alkolsuz-karbonatli-icecek-15-l","status":"publish","type":"product","link":"https:\/\/turkmenexporter.com\/tr\/urun\/gosha-chynar-cola-alkolsuz-karbonatli-icecek-15-l\/","title":{"rendered":"Gosha Chynar Cola gazl\u0131 i\u00e7ecek 1,5 L"},"content":{"rendered":"<p>\u0130\u00e7indekiler: Ar\u0131t\u0131lm\u0131\u015f i\u00e7me suyu, \u015feker, i\u00e7ecek karbonatlama gaz\u0131 karbondioksit E290, &#8220;Cola&#8221; bile\u015feni, kokulu bile\u015fenler. g\u0131da katk\u0131 maddeleri, koruyucu madde sodyum benzoat E211. <\/p>\n<p>\u00dcr\u00fcn\u00fcn 100 sm^3&#8217;\u00fc ba\u015f\u0131na besin de\u011feri:<br \/>\n&#8211; karbonhidrat 11 g,<br \/>\n&#8211; enerji de\u011feri 44 kcal,<br \/>\n&#8211; kafein en fazla 100 mg\/L<\/p>\n<p>Saklama ko\u015fullar\u0131: 4\u00b0C&#8217;den az ve 25\u00b0C&#8217;den fazla olmayan bir s\u0131cakl\u0131kta saklay\u0131n<\/p>\n<p>Sertifikal\u0131 \u00fcr\u00fcn. GDO i\u00e7ermez. Raf \u00f6mr\u00fc 180 g\u00fcn <\/p>\n","protected":false},"excerpt":{"rendered":"<p>Gosha Chynar Cola gazl\u0131 i\u00e7ecek 1,5 L<br \/>\n6 \u015fi\u015fe bir blokta.<br \/>\n76 blok bir palette.<\/p>\n","protected":false},"featured_media":19080,"comment_status":"open","ping_status":"closed","template":"","meta":{"_acf_changed":false},"brand":[1323],"product_cat":[629],"product_tag":[],"class_list":{"0":"post-19510","1":"product","2":"type-product","3":"status-publish","4":"has-post-thumbnail","6":"brand-gosha-chynar-tr","7":"product_cat-icecekler","9":"first","10":"instock","11":"shipping-taxable","12":"purchasable","13":"product-type-simple"},"acf":[],"_links":{"self":[{"href":"https:\/\/turkmenexporter.com\/tr\/wp-json\/wp\/v2\/product\/19510","targetHints":{"allow":["GET"]}}],"collection":[{"href":"https:\/\/turkmenexporter.com\/tr\/wp-json\/wp\/v2\/product"}],"about":[{"href":"https:\/\/turkmenexporter.com\/tr\/wp-json\/wp\/v2\/types\/product"}],"replies":[{"embeddable":true,"href":"https:\/\/turkmenexporter.com\/tr\/wp-json\/wp\/v2\/comments?post=19510"}],"version-history":[{"count":0,"href":"https:\/\/turkmenexporter.com\/tr\/wp-json\/wp\/v2\/product\/19510\/revisions"}],"wp:featuredmedia":[{"embeddable":true,"href":"https:\/\/turkmenexporter.com\/tr\/wp-json\/wp\/v2\/media\/19080"}],"wp:attachment":[{"href":"https:\/\/turkmenexporter.com\/tr\/wp-json\/wp\/v2\/media?parent=19510"}],"wp:term":[{"taxonomy":"brand","embeddable":true,"href":"https:\/\/turkmenexporter.com\/tr\/wp-json\/wp\/v2\/brand?post=19510"},{"taxonomy":"product_cat","embeddable":true,"href":"https:\/\/turkmenexporter.com\/tr\/wp-json\/wp\/v2\/product_cat?post=19510"},{"taxonomy":"product_tag","embeddable":true,"href":"https:\/\/turkmenexporter.com\/tr\/wp-json\/wp\/v2\/product_tag?post=19510"}],"curies":[{"name":"wp","href":"https:\/\/api.w.org\/{rel}","templated":true}]}}