{"id":19521,"date":"2025-08-19T17:45:03","date_gmt":"2025-08-19T12:45:03","guid":{"rendered":"https:\/\/turkmenexporter.com\/product\/gosha-chynar-yuksek-oranda-karbonatli-alkolsuz-su\/"},"modified":"2025-08-19T17:45:03","modified_gmt":"2025-08-19T12:45:03","slug":"gosha-chynar-yuksek-oranda-karbonatli-alkolsuz-su","status":"publish","type":"product","link":"https:\/\/turkmenexporter.com\/tr\/urun\/gosha-chynar-yuksek-oranda-karbonatli-alkolsuz-su\/","title":{"rendered":"Gosha Chynar y\u00fcksek oranda karbonatl\u0131 alkols\u00fcz su"},"content":{"rendered":"<p>Saklama ko\u015fullar\u0131: 4\u00b0C&#8217;den az ve 25\u00b0C&#8217;den fazla olmayan bir s\u0131cakl\u0131kta saklay\u0131n<\/p>\n<p>Sertifikal\u0131 \u00fcr\u00fcn. GDO i\u00e7ermez. Raf \u00f6mr\u00fc 180 g\u00fcn <\/p>\n","protected":false},"excerpt":{"rendered":"<p>Alkols\u00fcz gazl\u0131 vitaminli enerji i\u00e7ece\u011fi 500 ml<br \/>\nBir blokta 12 \u015fi\u015fe.<br \/>\nBir palette 120 blok.<\/p>\n","protected":false},"featured_media":19104,"comment_status":"open","ping_status":"closed","template":"","meta":{"_acf_changed":false},"brand":[1323],"product_cat":[629],"product_tag":[],"class_list":{"0":"post-19521","1":"product","2":"type-product","3":"status-publish","4":"has-post-thumbnail","6":"brand-gosha-chynar-tr","7":"product_cat-icecekler","9":"first","10":"instock","11":"shipping-taxable","12":"purchasable","13":"product-type-variable","14":"has-default-attributes"},"acf":[],"_links":{"self":[{"href":"https:\/\/turkmenexporter.com\/tr\/wp-json\/wp\/v2\/product\/19521","targetHints":{"allow":["GET"]}}],"collection":[{"href":"https:\/\/turkmenexporter.com\/tr\/wp-json\/wp\/v2\/product"}],"about":[{"href":"https:\/\/turkmenexporter.com\/tr\/wp-json\/wp\/v2\/types\/product"}],"replies":[{"embeddable":true,"href":"https:\/\/turkmenexporter.com\/tr\/wp-json\/wp\/v2\/comments?post=19521"}],"version-history":[{"count":0,"href":"https:\/\/turkmenexporter.com\/tr\/wp-json\/wp\/v2\/product\/19521\/revisions"}],"wp:featuredmedia":[{"embeddable":true,"href":"https:\/\/turkmenexporter.com\/tr\/wp-json\/wp\/v2\/media\/19104"}],"wp:attachment":[{"href":"https:\/\/turkmenexporter.com\/tr\/wp-json\/wp\/v2\/media?parent=19521"}],"wp:term":[{"taxonomy":"brand","embeddable":true,"href":"https:\/\/turkmenexporter.com\/tr\/wp-json\/wp\/v2\/brand?post=19521"},{"taxonomy":"product_cat","embeddable":true,"href":"https:\/\/turkmenexporter.com\/tr\/wp-json\/wp\/v2\/product_cat?post=19521"},{"taxonomy":"product_tag","embeddable":true,"href":"https:\/\/turkmenexporter.com\/tr\/wp-json\/wp\/v2\/product_tag?post=19521"}],"curies":[{"name":"wp","href":"https:\/\/api.w.org\/{rel}","templated":true}]}}