{"id":19567,"date":"2025-09-03T14:54:00","date_gmt":"2025-09-03T09:54:00","guid":{"rendered":"https:\/\/turkmenexporter.com\/product\/badem-marinada\/"},"modified":"2025-09-03T14:54:00","modified_gmt":"2025-09-03T09:54:00","slug":"badem-marinada","status":"publish","type":"product","link":"https:\/\/turkmenexporter.com\/tr\/urun\/badem-marinada\/","title":{"rendered":"Badem &#8220;Marinada&#8221;"},"content":{"rendered":"<p><strong>\u00c7ekirdek \u00d6zellikleri:<\/strong> Uzun \u015fekil, soluk kabuk, zengin ve dengeli tat<\/p>\n<p><strong>\u00c7ekirdek Boyutu \/ A\u011f\u0131rl\u0131\u011f\u0131:<\/strong> 12-14 mm, \u00e7ekirdek ba\u015f\u0131na ~1,2-1,3 g, 18-20 \u00e7ekirdek\/oz.<\/p>\n<p><strong>Hasat D\u00f6nemi:<\/strong> Eyl\u00fcl ba\u015f\u0131. Mart ay\u0131na kadar mevcut <\/p>\n<p><strong>Teslimat Ko\u015fullar\u0131: EXW (A\u015fkabat), <\/strong>FOB (T\u00fcrkmenba\u015f\u0131 Liman\u0131), CIF, DDP (se\u00e7ilmi\u015f pazarlar)<\/p>\n","protected":false},"excerpt":{"rendered":"<p><strong>Lezzet Profili: <\/strong>Do\u011fal olarak tatl\u0131, ceviz aromal\u0131, at\u0131\u015ft\u0131rmal\u0131k ve end\u00fcstriyel kullan\u0131m i\u00e7in uygun<\/p>\n<p><strong>Kabuk Tipi:<\/strong>\u0130nce, sert kabuklu, verimli i\u015fleme i\u00e7in uygun<\/p>\n<p><strong>Ambalaj: <\/strong>15 kg veya 25 kg Standart Kutu<\/p>\n","protected":false},"featured_media":18748,"comment_status":"open","ping_status":"closed","template":"","meta":{"_acf_changed":false},"brand":[1405],"product_cat":[1419],"product_tag":[852],"class_list":{"0":"post-19567","1":"product","2":"type-product","3":"status-publish","4":"has-post-thumbnail","6":"brand-miwe-tr","7":"product_cat-badem","8":"product_tag-front-product-tr","10":"first","11":"instock","12":"shipping-taxable","13":"purchasable","14":"product-type-simple"},"acf":[],"_links":{"self":[{"href":"https:\/\/turkmenexporter.com\/tr\/wp-json\/wp\/v2\/product\/19567","targetHints":{"allow":["GET"]}}],"collection":[{"href":"https:\/\/turkmenexporter.com\/tr\/wp-json\/wp\/v2\/product"}],"about":[{"href":"https:\/\/turkmenexporter.com\/tr\/wp-json\/wp\/v2\/types\/product"}],"replies":[{"embeddable":true,"href":"https:\/\/turkmenexporter.com\/tr\/wp-json\/wp\/v2\/comments?post=19567"}],"version-history":[{"count":0,"href":"https:\/\/turkmenexporter.com\/tr\/wp-json\/wp\/v2\/product\/19567\/revisions"}],"wp:featuredmedia":[{"embeddable":true,"href":"https:\/\/turkmenexporter.com\/tr\/wp-json\/wp\/v2\/media\/18748"}],"wp:attachment":[{"href":"https:\/\/turkmenexporter.com\/tr\/wp-json\/wp\/v2\/media?parent=19567"}],"wp:term":[{"taxonomy":"brand","embeddable":true,"href":"https:\/\/turkmenexporter.com\/tr\/wp-json\/wp\/v2\/brand?post=19567"},{"taxonomy":"product_cat","embeddable":true,"href":"https:\/\/turkmenexporter.com\/tr\/wp-json\/wp\/v2\/product_cat?post=19567"},{"taxonomy":"product_tag","embeddable":true,"href":"https:\/\/turkmenexporter.com\/tr\/wp-json\/wp\/v2\/product_tag?post=19567"}],"curies":[{"name":"wp","href":"https:\/\/api.w.org\/{rel}","templated":true}]}}