{"id":19569,"date":"2025-09-03T14:31:40","date_gmt":"2025-09-03T09:31:40","guid":{"rendered":"https:\/\/turkmenexporter.com\/product\/badem-makako\/"},"modified":"2025-09-03T14:31:40","modified_gmt":"2025-09-03T09:31:40","slug":"badem-makako","status":"publish","type":"product","link":"https:\/\/turkmenexporter.com\/tr\/urun\/badem-makako\/","title":{"rendered":"Badem &#8220;Makako&#8221;"},"content":{"rendered":"<p><strong>\u00c7ekirdek \u00d6zellikleri: <\/strong>P\u00fcr\u00fczs\u00fcz a\u00e7\u0131k kahverengi kabuk, tatl\u0131 lezzet, y\u00fcksek ya\u011f i\u00e7eri\u011fi<\/p>\n<p><strong>\u00c7ekirdek Boyutu \/ A\u011f\u0131rl\u0131\u011f\u0131:<\/strong> 11-13 mm, \u00e7ekirdek ba\u015f\u0131na ~1,1 g, 20-22 \u00e7ekirdek\/oz<\/p>\n<p><strong>Hasat D\u00f6nemi:<\/strong> A\u011fustos sonundan Eyl\u00fcl ba\u015f\u0131na kadar. Mart ay\u0131na kadar mevcut <\/p>\n<p><strong>Teslimat Ko\u015fullar\u0131: EXW (A\u015fkabat), <\/strong>FOB (T\u00fcrkmenba\u015f\u0131 Liman\u0131), CIF, DDP (se\u00e7ilmi\u015f pazarlar)<\/p>\n","protected":false},"excerpt":{"rendered":"<p><strong>Lezzet Profili: <\/strong>Do\u011fal olarak tatl\u0131, ceviz aromal\u0131, at\u0131\u015ft\u0131rmal\u0131k ve end\u00fcstriyel kullan\u0131m i\u00e7in uygun<\/p>\n<p><strong>Kabuk Tipi: <\/strong>Yar\u0131 sert kabuk, kolay \u00e7atlama<\/p>\n<p><strong>Paketleme: <\/strong>15 kg veya 25 kg Standart Kutu<\/p>\n","protected":false},"featured_media":18742,"comment_status":"open","ping_status":"closed","template":"","meta":{"_acf_changed":false},"brand":[1405],"product_cat":[1419],"product_tag":[852],"class_list":{"0":"post-19569","1":"product","2":"type-product","3":"status-publish","4":"has-post-thumbnail","6":"brand-miwe-tr","7":"product_cat-badem","8":"product_tag-front-product-tr","10":"first","11":"instock","12":"shipping-taxable","13":"purchasable","14":"product-type-simple"},"acf":[],"_links":{"self":[{"href":"https:\/\/turkmenexporter.com\/tr\/wp-json\/wp\/v2\/product\/19569","targetHints":{"allow":["GET"]}}],"collection":[{"href":"https:\/\/turkmenexporter.com\/tr\/wp-json\/wp\/v2\/product"}],"about":[{"href":"https:\/\/turkmenexporter.com\/tr\/wp-json\/wp\/v2\/types\/product"}],"replies":[{"embeddable":true,"href":"https:\/\/turkmenexporter.com\/tr\/wp-json\/wp\/v2\/comments?post=19569"}],"version-history":[{"count":0,"href":"https:\/\/turkmenexporter.com\/tr\/wp-json\/wp\/v2\/product\/19569\/revisions"}],"wp:featuredmedia":[{"embeddable":true,"href":"https:\/\/turkmenexporter.com\/tr\/wp-json\/wp\/v2\/media\/18742"}],"wp:attachment":[{"href":"https:\/\/turkmenexporter.com\/tr\/wp-json\/wp\/v2\/media?parent=19569"}],"wp:term":[{"taxonomy":"brand","embeddable":true,"href":"https:\/\/turkmenexporter.com\/tr\/wp-json\/wp\/v2\/brand?post=19569"},{"taxonomy":"product_cat","embeddable":true,"href":"https:\/\/turkmenexporter.com\/tr\/wp-json\/wp\/v2\/product_cat?post=19569"},{"taxonomy":"product_tag","embeddable":true,"href":"https:\/\/turkmenexporter.com\/tr\/wp-json\/wp\/v2\/product_tag?post=19569"}],"curies":[{"name":"wp","href":"https:\/\/api.w.org\/{rel}","templated":true}]}}