{"id":19924,"date":"2025-09-09T15:27:05","date_gmt":"2025-09-09T10:27:05","guid":{"rendered":"https:\/\/turkmenexporter.com\/product\/mekanik-sanziman-yagi-geartec-multi-80w-90\/"},"modified":"2025-09-09T15:27:05","modified_gmt":"2025-09-09T10:27:05","slug":"mekanik-sanziman-yagi-geartec-multi-80w-90","status":"publish","type":"product","link":"https:\/\/turkmenexporter.com\/tr\/urun\/mekanik-sanziman-yagi-geartec-multi-80w-90\/","title":{"rendered":"Mekanik \u015eanz\u0131man Ya\u011f\u0131 Geartec Multi 80W-90<br>"},"content":{"rendered":"<p>Otomobiller ve kamyonlar\u0131n mekanik \u015fanz\u0131manlar\u0131 i\u00e7in y\u00fcksek kaliteli ya\u011f. Ham petrolden elde edilen y\u00fcksek kaliteli mineral baz ya\u011flar ve \u00e7e\u015fitli iklim ko\u015fullar\u0131nda y\u00fcksek performans sa\u011flayan dengeli bir katk\u0131 maddesi paketi temelinde \u00fcretilmi\u015ftir. Y\u00fcksek antioksidan ve k\u00f6p\u00fck \u00f6nleyici \u00f6zelliklere sahiptir.  <\/p>\n<p> &#8211; 100\u00b0C&#8217;de kinematik viskozite mm2\/s, 14-17 aral\u0131\u011f\u0131nda<br \/>\n&#8211; Viskozite indeksi, 95&#8217;ten az olmamal\u0131<br \/>\n&#8211; Akma noktas\u0131 \u00b0C, -18&#8217;den y\u00fcksek olmamal\u0131<br \/>\n&#8211; Parlama noktas\u0131 \u00b0C, 220&#8217;den az olmamal\u0131<\/p>\n","protected":false},"excerpt":{"rendered":"<p>Mekanik \u015fanz\u0131man ya\u011f\u0131<br \/>\n20 litrelik bidonlarda ve 208 litrelik varillerde mevcuttur.<\/p>\n","protected":false},"featured_media":19827,"comment_status":"open","ping_status":"closed","template":"","meta":{"_acf_changed":false},"brand":[1438],"product_cat":[1287],"product_tag":[],"class_list":{"0":"post-19924","1":"product","2":"type-product","3":"status-publish","4":"has-post-thumbnail","6":"brand-gm-oil-tr","7":"product_cat-otomotiv-urunleri","9":"first","10":"instock","11":"shipping-taxable","12":"purchasable","13":"product-type-simple"},"acf":[],"_links":{"self":[{"href":"https:\/\/turkmenexporter.com\/tr\/wp-json\/wp\/v2\/product\/19924","targetHints":{"allow":["GET"]}}],"collection":[{"href":"https:\/\/turkmenexporter.com\/tr\/wp-json\/wp\/v2\/product"}],"about":[{"href":"https:\/\/turkmenexporter.com\/tr\/wp-json\/wp\/v2\/types\/product"}],"replies":[{"embeddable":true,"href":"https:\/\/turkmenexporter.com\/tr\/wp-json\/wp\/v2\/comments?post=19924"}],"version-history":[{"count":0,"href":"https:\/\/turkmenexporter.com\/tr\/wp-json\/wp\/v2\/product\/19924\/revisions"}],"wp:featuredmedia":[{"embeddable":true,"href":"https:\/\/turkmenexporter.com\/tr\/wp-json\/wp\/v2\/media\/19827"}],"wp:attachment":[{"href":"https:\/\/turkmenexporter.com\/tr\/wp-json\/wp\/v2\/media?parent=19924"}],"wp:term":[{"taxonomy":"brand","embeddable":true,"href":"https:\/\/turkmenexporter.com\/tr\/wp-json\/wp\/v2\/brand?post=19924"},{"taxonomy":"product_cat","embeddable":true,"href":"https:\/\/turkmenexporter.com\/tr\/wp-json\/wp\/v2\/product_cat?post=19924"},{"taxonomy":"product_tag","embeddable":true,"href":"https:\/\/turkmenexporter.com\/tr\/wp-json\/wp\/v2\/product_tag?post=19924"}],"curies":[{"name":"wp","href":"https:\/\/api.w.org\/{rel}","templated":true}]}}