{"id":19933,"date":"2025-09-09T15:27:02","date_gmt":"2025-09-09T10:27:02","guid":{"rendered":"https:\/\/turkmenexporter.com\/product\/mineral-yaglayici-motor-yagi-sae-20w-50\/"},"modified":"2025-09-09T15:27:02","modified_gmt":"2025-09-09T10:27:02","slug":"mineral-yaglayici-motor-yagi-sae-20w-50","status":"publish","type":"product","link":"https:\/\/turkmenexporter.com\/tr\/urun\/mineral-yaglayici-motor-yagi-sae-20w-50\/","title":{"rendered":"Mineral Ya\u011flay\u0131c\u0131 Motor Ya\u011f\u0131 SAE 20W-50<br>"},"content":{"rendered":"<p>Benzinli ve dizel motorlar i\u00e7in d\u00f6rt mevsim mineral ya\u011f. Mineral bazl\u0131 ve dengeli katk\u0131 maddesi paketi, ortalama a\u015f\u0131nma oran\u0131na sahip motorlarda kullan\u0131m\u0131na olanak tan\u0131r. Sistemdeki viskozite \u00f6zelliklerinin ve bas\u0131nc\u0131n stabilitesini sa\u011flar. Y\u00fcksek antioksidan ve deterjan \u00f6zelliklerine sahiptir.   <\/p>\n<p> &#8211; 100\u00b0C&#8217;de kinematik viskozite mm2\/s, 16,3-21,9 aral\u0131\u011f\u0131nda<br \/>\n&#8211; Eksi 15\u00b0C&#8217;de dinamik viskozite MPa s, 9500&#8217;den fazla olmamal\u0131d\u0131r<br \/>\n&#8211; Viskozite indeksi 120&#8217;den az olmamal\u0131d\u0131r<br \/>\n&#8211; Akma noktas\u0131 \u00b0C, -15&#8217;ten y\u00fcksek olmamal\u0131d\u0131r<br \/>\n&#8211; Parlama noktas\u0131 \u00b0C, 210&#8217;dan az olmamal\u0131d\u0131r<\/p>\n","protected":false},"excerpt":{"rendered":"<p>Mineral motor ya\u011f\u0131<br \/>\n1 L, 4 L, 5 L ve 20 L bidonlarda mevcuttur<br \/>\nHer kutu 4 adet 5 L bidon i\u00e7erir<br \/>\nHer palet 70 kutu 5 L bidon alabilir<\/p>\n","protected":false},"featured_media":19797,"comment_status":"open","ping_status":"closed","template":"","meta":{"_acf_changed":false},"brand":[1438],"product_cat":[1287],"product_tag":[],"class_list":{"0":"post-19933","1":"product","2":"type-product","3":"status-publish","4":"has-post-thumbnail","6":"brand-gm-oil-tr","7":"product_cat-otomotiv-urunleri","9":"first","10":"instock","11":"shipping-taxable","12":"purchasable","13":"product-type-simple"},"acf":[],"_links":{"self":[{"href":"https:\/\/turkmenexporter.com\/tr\/wp-json\/wp\/v2\/product\/19933","targetHints":{"allow":["GET"]}}],"collection":[{"href":"https:\/\/turkmenexporter.com\/tr\/wp-json\/wp\/v2\/product"}],"about":[{"href":"https:\/\/turkmenexporter.com\/tr\/wp-json\/wp\/v2\/types\/product"}],"replies":[{"embeddable":true,"href":"https:\/\/turkmenexporter.com\/tr\/wp-json\/wp\/v2\/comments?post=19933"}],"version-history":[{"count":0,"href":"https:\/\/turkmenexporter.com\/tr\/wp-json\/wp\/v2\/product\/19933\/revisions"}],"wp:featuredmedia":[{"embeddable":true,"href":"https:\/\/turkmenexporter.com\/tr\/wp-json\/wp\/v2\/media\/19797"}],"wp:attachment":[{"href":"https:\/\/turkmenexporter.com\/tr\/wp-json\/wp\/v2\/media?parent=19933"}],"wp:term":[{"taxonomy":"brand","embeddable":true,"href":"https:\/\/turkmenexporter.com\/tr\/wp-json\/wp\/v2\/brand?post=19933"},{"taxonomy":"product_cat","embeddable":true,"href":"https:\/\/turkmenexporter.com\/tr\/wp-json\/wp\/v2\/product_cat?post=19933"},{"taxonomy":"product_tag","embeddable":true,"href":"https:\/\/turkmenexporter.com\/tr\/wp-json\/wp\/v2\/product_tag?post=19933"}],"curies":[{"name":"wp","href":"https:\/\/api.w.org\/{rel}","templated":true}]}}