{"id":19934,"date":"2025-09-09T15:26:57","date_gmt":"2025-09-09T10:26:57","guid":{"rendered":"https:\/\/turkmenexporter.com\/product\/gelismis-tam-sentetik-motor-yagi-5w-30\/"},"modified":"2025-09-09T15:26:57","modified_gmt":"2025-09-09T10:26:57","slug":"gelismis-tam-sentetik-motor-yagi-5w-30","status":"publish","type":"product","link":"https:\/\/turkmenexporter.com\/tr\/urun\/gelismis-tam-sentetik-motor-yagi-5w-30\/","title":{"rendered":"Geli\u015fmi\u015f Tam Sentetik Motor Ya\u011f\u0131 5W-30"},"content":{"rendered":"<p>Benzinli ve dizel motorlar i\u00e7in tam sentetik d\u00f6rt mevsim ya\u011f\u0131.<br \/>\nY\u00fcksek kaliteli sentetik baz ya\u011f ve y\u00fcksek termal ve kimyasal kararl\u0131l\u0131k sa\u011flayan \u00f6zel bir katk\u0131 paketi kullan\u0131larak \u00fcretilmi\u015ftir. Korozyon \u00f6nleyici \u00f6zelli\u011fe sahiptir. Uzun kullan\u0131m \u00f6mr\u00fc sa\u011flar.  <\/p>\n<p> &#8211; 100\u00b0C&#8217;de kinematik viskozite mm2\/s, 9,3 &#8211; 12,6 aral\u0131\u011f\u0131nda<br \/>\n&#8211; Eksi 30 \u00b0C&#8217;de dinamik viskozite MPa s, 6600&#8217;den fazla de\u011fil<br \/>\n&#8211; Viskozite indeksi 145&#8217;ten az de\u011fil<br \/>\n&#8211; Akma noktas\u0131 \u00b0C, -35&#8217;ten y\u00fcksek de\u011fil<br \/>\n&#8211; Parlama noktas\u0131 \u00b0C, 200&#8217;den az de\u011fil<\/p>\n","protected":false},"excerpt":{"rendered":"<p>Geli\u015fmi\u015f tam sentetik motor ya\u011f\u0131<br \/>\n1 L, 4 L ve 5 L&#8217;lik bidonlarda mevcuttur<br \/>\nHer kutu 4 adet 5 L&#8217;lik bidon i\u00e7erir<br \/>\nHer palet 70 kutu 5 L&#8217;lik bidon alabilir<\/p>\n","protected":false},"featured_media":19779,"comment_status":"open","ping_status":"closed","template":"","meta":{"_acf_changed":false},"brand":[1438],"product_cat":[1287],"product_tag":[],"class_list":{"0":"post-19934","1":"product","2":"type-product","3":"status-publish","4":"has-post-thumbnail","6":"brand-gm-oil-tr","7":"product_cat-otomotiv-urunleri","9":"first","10":"instock","11":"shipping-taxable","12":"purchasable","13":"product-type-simple"},"acf":[],"_links":{"self":[{"href":"https:\/\/turkmenexporter.com\/tr\/wp-json\/wp\/v2\/product\/19934","targetHints":{"allow":["GET"]}}],"collection":[{"href":"https:\/\/turkmenexporter.com\/tr\/wp-json\/wp\/v2\/product"}],"about":[{"href":"https:\/\/turkmenexporter.com\/tr\/wp-json\/wp\/v2\/types\/product"}],"replies":[{"embeddable":true,"href":"https:\/\/turkmenexporter.com\/tr\/wp-json\/wp\/v2\/comments?post=19934"}],"version-history":[{"count":0,"href":"https:\/\/turkmenexporter.com\/tr\/wp-json\/wp\/v2\/product\/19934\/revisions"}],"wp:featuredmedia":[{"embeddable":true,"href":"https:\/\/turkmenexporter.com\/tr\/wp-json\/wp\/v2\/media\/19779"}],"wp:attachment":[{"href":"https:\/\/turkmenexporter.com\/tr\/wp-json\/wp\/v2\/media?parent=19934"}],"wp:term":[{"taxonomy":"brand","embeddable":true,"href":"https:\/\/turkmenexporter.com\/tr\/wp-json\/wp\/v2\/brand?post=19934"},{"taxonomy":"product_cat","embeddable":true,"href":"https:\/\/turkmenexporter.com\/tr\/wp-json\/wp\/v2\/product_cat?post=19934"},{"taxonomy":"product_tag","embeddable":true,"href":"https:\/\/turkmenexporter.com\/tr\/wp-json\/wp\/v2\/product_tag?post=19934"}],"curies":[{"name":"wp","href":"https:\/\/api.w.org\/{rel}","templated":true}]}}