{"id":19935,"date":"2025-09-09T15:27:03","date_gmt":"2025-09-09T10:27:03","guid":{"rendered":"https:\/\/turkmenexporter.com\/product\/otomatik-sanziman-yagi-atf-dxr-2\/"},"modified":"2025-09-09T15:27:03","modified_gmt":"2025-09-09T10:27:03","slug":"otomatik-sanziman-yagi-atf-dxr-2","status":"publish","type":"product","link":"https:\/\/turkmenexporter.com\/tr\/urun\/otomatik-sanziman-yagi-atf-dxr-2\/","title":{"rendered":"Otomatik \u015eanz\u0131man Ya\u011f\u0131 ATF DXR 2<br>"},"content":{"rendered":"<p>Otomatik \u015fanz\u0131manlar i\u00e7in tasarlanm\u0131\u015f y\u00fcksek kaliteli ya\u011f. Ham petrolden elde edilen y\u00fcksek kaliteli baz ya\u011flar ve ileri teknolojiler kullan\u0131larak geli\u015ftirilen katk\u0131 maddeleri temelinde \u00fcretilmi\u015ftir. En zorlu \u00e7al\u0131\u015fma ko\u015fullar\u0131n\u0131n gerekliliklerini kar\u015f\u0131lar. Y\u00fcksek h\u0131zlarda ve y\u00fcklerde \u015fanz\u0131man par\u00e7alar\u0131n\u0131 etkili bir \u015fekilde korur.   <\/p>\n<p> &#8211; 100\u00b0C&#8217;de kinematik viskozite mm2\/s, 6,5-8,5 aral\u0131\u011f\u0131nda<br \/>\n&#8211; Viskozite indeksi, 160&#8217;tan az olmamal\u0131<br \/>\n&#8211; Akma noktas\u0131 \u00b0C, -40&#8217;tan y\u00fcksek olmamal\u0131<br \/>\n&#8211; Parlama noktas\u0131 \u00b0C, 190&#8217;dan az olmamal\u0131<\/p>\n","protected":false},"excerpt":{"rendered":"<p>Otomatik \u015fanz\u0131man ya\u011f\u0131<br \/>\n1 L ve 4 L bidonlarda mevcuttur<br \/>\nHer kutu 4 adet 4 L bidon i\u00e7erir<br \/>\nHer palet 75 kutu 4 L bidon alabilir<\/p>\n","protected":false},"featured_media":19815,"comment_status":"open","ping_status":"closed","template":"","meta":{"_acf_changed":false},"brand":[1438],"product_cat":[1287],"product_tag":[],"class_list":{"0":"post-19935","1":"product","2":"type-product","3":"status-publish","4":"has-post-thumbnail","6":"brand-gm-oil-tr","7":"product_cat-otomotiv-urunleri","9":"first","10":"instock","11":"shipping-taxable","12":"purchasable","13":"product-type-simple"},"acf":[],"_links":{"self":[{"href":"https:\/\/turkmenexporter.com\/tr\/wp-json\/wp\/v2\/product\/19935","targetHints":{"allow":["GET"]}}],"collection":[{"href":"https:\/\/turkmenexporter.com\/tr\/wp-json\/wp\/v2\/product"}],"about":[{"href":"https:\/\/turkmenexporter.com\/tr\/wp-json\/wp\/v2\/types\/product"}],"replies":[{"embeddable":true,"href":"https:\/\/turkmenexporter.com\/tr\/wp-json\/wp\/v2\/comments?post=19935"}],"version-history":[{"count":0,"href":"https:\/\/turkmenexporter.com\/tr\/wp-json\/wp\/v2\/product\/19935\/revisions"}],"wp:featuredmedia":[{"embeddable":true,"href":"https:\/\/turkmenexporter.com\/tr\/wp-json\/wp\/v2\/media\/19815"}],"wp:attachment":[{"href":"https:\/\/turkmenexporter.com\/tr\/wp-json\/wp\/v2\/media?parent=19935"}],"wp:term":[{"taxonomy":"brand","embeddable":true,"href":"https:\/\/turkmenexporter.com\/tr\/wp-json\/wp\/v2\/brand?post=19935"},{"taxonomy":"product_cat","embeddable":true,"href":"https:\/\/turkmenexporter.com\/tr\/wp-json\/wp\/v2\/product_cat?post=19935"},{"taxonomy":"product_tag","embeddable":true,"href":"https:\/\/turkmenexporter.com\/tr\/wp-json\/wp\/v2\/product_tag?post=19935"}],"curies":[{"name":"wp","href":"https:\/\/api.w.org\/{rel}","templated":true}]}}