{"id":19936,"date":"2025-09-09T15:27:00","date_gmt":"2025-09-09T10:27:00","guid":{"rendered":"https:\/\/turkmenexporter.com\/product\/yari-sentetik-motor-yagi-10w-40\/"},"modified":"2025-09-09T15:27:00","modified_gmt":"2025-09-09T10:27:00","slug":"yari-sentetik-motor-yagi-10w-40","status":"publish","type":"product","link":"https:\/\/turkmenexporter.com\/tr\/urun\/yari-sentetik-motor-yagi-10w-40\/","title":{"rendered":"Yar\u0131 Sentetik Motor Ya\u011f\u0131 10W-40"},"content":{"rendered":"<p>Benzinli ve dizel motorlar i\u00e7in yar\u0131 sentetik, d\u00f6rt mevsim motor ya\u011f\u0131. Y\u00fcksek kaliteli sentetik ve mineral baz ya\u011flar kullan\u0131larak \u00fcretilmi\u015ftir. \u00d6zel olarak se\u00e7ilmi\u015f, y\u00fcksek teknolojili katk\u0131 maddeleri, yak\u0131t ekonomisi sa\u011flar ve motor par\u00e7alar\u0131n\u0131 a\u015f\u0131nma ve tortulara kar\u015f\u0131 g\u00fcvenilir bir \u015fekilde korur.  <\/p>\n<p> &#8211; 100\u00b0C&#8217;de kinematik viskozite mm2\/s, 12,5-16,3 aral\u0131\u011f\u0131nda<br \/>\n&#8211; Eksi 25 \u00b0C&#8217;de dinamik viskozite MPa s, 7000&#8217;den fazla olmamal\u0131d\u0131r<br \/>\n&#8211; Viskozite indeksi 130&#8217;dan az olmamal\u0131d\u0131r<br \/>\n&#8211; Akma noktas\u0131 \u00b0C, -30&#8217;dan y\u00fcksek olmamal\u0131d\u0131r<br \/>\n&#8211; Parlama noktas\u0131 \u00b0C, 210&#8217;dan az olmamal\u0131d\u0131r<\/p>\n","protected":false},"excerpt":{"rendered":"<p>Yar\u0131 sentetik motor ya\u011f\u0131<br \/>\n1 L, 4 L, 5 L ve 20 L&#8217;lik bidonlarda mevcuttur<br \/>\nHer kutu 4 adet 5 L&#8217;lik bidon i\u00e7erir<br \/>\nHer palet 70 kutu 5 L&#8217;lik bidon alabilir<\/p>\n","protected":false},"featured_media":19809,"comment_status":"open","ping_status":"closed","template":"","meta":{"_acf_changed":false},"brand":[1438],"product_cat":[1287],"product_tag":[],"class_list":{"0":"post-19936","1":"product","2":"type-product","3":"status-publish","4":"has-post-thumbnail","6":"brand-gm-oil-tr","7":"product_cat-otomotiv-urunleri","9":"first","10":"instock","11":"shipping-taxable","12":"purchasable","13":"product-type-simple"},"acf":[],"_links":{"self":[{"href":"https:\/\/turkmenexporter.com\/tr\/wp-json\/wp\/v2\/product\/19936","targetHints":{"allow":["GET"]}}],"collection":[{"href":"https:\/\/turkmenexporter.com\/tr\/wp-json\/wp\/v2\/product"}],"about":[{"href":"https:\/\/turkmenexporter.com\/tr\/wp-json\/wp\/v2\/types\/product"}],"replies":[{"embeddable":true,"href":"https:\/\/turkmenexporter.com\/tr\/wp-json\/wp\/v2\/comments?post=19936"}],"version-history":[{"count":0,"href":"https:\/\/turkmenexporter.com\/tr\/wp-json\/wp\/v2\/product\/19936\/revisions"}],"wp:featuredmedia":[{"embeddable":true,"href":"https:\/\/turkmenexporter.com\/tr\/wp-json\/wp\/v2\/media\/19809"}],"wp:attachment":[{"href":"https:\/\/turkmenexporter.com\/tr\/wp-json\/wp\/v2\/media?parent=19936"}],"wp:term":[{"taxonomy":"brand","embeddable":true,"href":"https:\/\/turkmenexporter.com\/tr\/wp-json\/wp\/v2\/brand?post=19936"},{"taxonomy":"product_cat","embeddable":true,"href":"https:\/\/turkmenexporter.com\/tr\/wp-json\/wp\/v2\/product_cat?post=19936"},{"taxonomy":"product_tag","embeddable":true,"href":"https:\/\/turkmenexporter.com\/tr\/wp-json\/wp\/v2\/product_tag?post=19936"}],"curies":[{"name":"wp","href":"https:\/\/api.w.org\/{rel}","templated":true}]}}