{"id":19937,"date":"2025-09-09T15:27:03","date_gmt":"2025-09-09T10:27:03","guid":{"rendered":"https:\/\/turkmenexporter.com\/product\/benzinli-ve-dizel-motorlar-icin-mineral-yag-sae-60\/"},"modified":"2025-09-09T15:27:03","modified_gmt":"2025-09-09T10:27:03","slug":"benzinli-ve-dizel-motorlar-icin-mineral-yag-sae-60","status":"publish","type":"product","link":"https:\/\/turkmenexporter.com\/tr\/urun\/benzinli-ve-dizel-motorlar-icin-mineral-yag-sae-60\/","title":{"rendered":"Benzinli ve Dizel Motorlar \u0130\u00e7in Mineral Ya\u011f SAE 60<br>"},"content":{"rendered":"<p>Benzinli ve dizel motorlar i\u00e7in yazl\u0131k mineral ya\u011f. M\u00fckemmel performans ve optimum hizmet \u00f6mr\u00fc sa\u011flamak i\u00e7in ham petrolden elde edilen y\u00fcksek kaliteli baz ya\u011flar ve \u00e7ok fonksiyonlu katk\u0131 paketleri temel al\u0131narak \u00fcretilmi\u015ftir. Zorlu \u00e7al\u0131\u015fma ko\u015fullar\u0131nda \u00e7al\u0131\u015fan motor par\u00e7alar\u0131 i\u00e7in m\u00fckemmel a\u015f\u0131nma \u00f6nleyici koruma sa\u011flar. Karbon birikintilerinin olu\u015fumunu \u00f6nler ve motor par\u00e7alar\u0131n\u0131 korozyondan korur.   <\/p>\n<p> &#8211; 100\u00b0C&#8217;de kinematik viskozite mm2\/s, 21,9-26,1 aral\u0131\u011f\u0131nda<br \/>\n&#8211; Eksi 25\u00b0C&#8217;de dinamik viskozite MPa s, 6500&#8217;den fazla olmamal\u0131d\u0131r<br \/>\n&#8211; Viskozite indeksi 90&#8217;dan az olmamal\u0131d\u0131r<br \/>\n&#8211; Akma noktas\u0131 \u00b0C, -3&#8217;ten y\u00fcksek olmamal\u0131d\u0131r<br \/>\n&#8211; Parlama noktas\u0131 \u00b0C, 250&#8217;den az olmamal\u0131d\u0131r<\/p>\n","protected":false},"excerpt":{"rendered":"<p>Mineral motor ya\u011f\u0131<br \/>\n1 L, 4 L, 5 L ve 20 L bidonlarda mevcuttur<br \/>\nHer kutu 4 adet 5 L bidon i\u00e7erir<br \/>\nHer palet 70 kutu 5 L bidon alabilir<\/p>\n","protected":false},"featured_media":19803,"comment_status":"open","ping_status":"closed","template":"","meta":{"_acf_changed":false},"brand":[1438],"product_cat":[1287],"product_tag":[852],"class_list":{"0":"post-19937","1":"product","2":"type-product","3":"status-publish","4":"has-post-thumbnail","6":"brand-gm-oil-tr","7":"product_cat-otomotiv-urunleri","8":"product_tag-front-product-tr","10":"first","11":"instock","12":"shipping-taxable","13":"purchasable","14":"product-type-simple"},"acf":[],"_links":{"self":[{"href":"https:\/\/turkmenexporter.com\/tr\/wp-json\/wp\/v2\/product\/19937","targetHints":{"allow":["GET"]}}],"collection":[{"href":"https:\/\/turkmenexporter.com\/tr\/wp-json\/wp\/v2\/product"}],"about":[{"href":"https:\/\/turkmenexporter.com\/tr\/wp-json\/wp\/v2\/types\/product"}],"replies":[{"embeddable":true,"href":"https:\/\/turkmenexporter.com\/tr\/wp-json\/wp\/v2\/comments?post=19937"}],"version-history":[{"count":0,"href":"https:\/\/turkmenexporter.com\/tr\/wp-json\/wp\/v2\/product\/19937\/revisions"}],"wp:featuredmedia":[{"embeddable":true,"href":"https:\/\/turkmenexporter.com\/tr\/wp-json\/wp\/v2\/media\/19803"}],"wp:attachment":[{"href":"https:\/\/turkmenexporter.com\/tr\/wp-json\/wp\/v2\/media?parent=19937"}],"wp:term":[{"taxonomy":"brand","embeddable":true,"href":"https:\/\/turkmenexporter.com\/tr\/wp-json\/wp\/v2\/brand?post=19937"},{"taxonomy":"product_cat","embeddable":true,"href":"https:\/\/turkmenexporter.com\/tr\/wp-json\/wp\/v2\/product_cat?post=19937"},{"taxonomy":"product_tag","embeddable":true,"href":"https:\/\/turkmenexporter.com\/tr\/wp-json\/wp\/v2\/product_tag?post=19937"}],"curies":[{"name":"wp","href":"https:\/\/api.w.org\/{rel}","templated":true}]}}