{"id":19938,"date":"2025-09-09T15:27:00","date_gmt":"2025-09-09T10:27:00","guid":{"rendered":"https:\/\/turkmenexporter.com\/product\/tam-sentetik-yaglayici-motor-yagi-5w-40\/"},"modified":"2025-09-09T15:27:00","modified_gmt":"2025-09-09T10:27:00","slug":"tam-sentetik-yaglayici-motor-yagi-5w-40","status":"publish","type":"product","link":"https:\/\/turkmenexporter.com\/tr\/urun\/tam-sentetik-yaglayici-motor-yagi-5w-40\/","title":{"rendered":"Tam Sentetik Ya\u011flay\u0131c\u0131 Motor Ya\u011f\u0131 5W-40<br>"},"content":{"rendered":"<p>enzinli ve dizel motorlar i\u00e7in tam sentetik d\u00f6rt mevsim ya\u011f\u0131. Y\u00fcksek kaliteli sentetik bile\u015fenler ve bunlara uyarlanm\u0131\u015f \u00e7ok i\u015flevli katk\u0131 maddeleri kompleksinden \u00fcretilmi\u015ftir. D\u00fc\u015f\u00fck viskozite ve y\u00fcksek verimlilik ile karakterizedir. Y\u00fcksek d\u00fczeyde motor a\u015f\u0131nma korumas\u0131, yak\u0131t ekonomisi ve uzun hizmet \u00f6mr\u00fc sa\u011flar.  <\/p>\n<p> &#8211; 100\u00b0C&#8217;de kinematik viskozite mm2\/s, 12,5-16,3 aral\u0131\u011f\u0131nda<br \/>\n&#8211; Eksi 30 \u00b0C&#8217;de dinamik viskozite MPa s, 6600&#8217;den fazla olmamal\u0131d\u0131r<br \/>\n&#8211; Viskozite indeksi 145&#8217;ten az olmamal\u0131d\u0131r<br \/>\n&#8211; Akma noktas\u0131 \u00b0C, -35&#8217;ten y\u00fcksek olmamal\u0131d\u0131r<br \/>\n&#8211; Parlama noktas\u0131 \u00b0C, 200&#8217;den az olmamal\u0131d\u0131r<\/p>\n","protected":false},"excerpt":{"rendered":"<p>Tam sentetik motor ya\u011f\u0131<br \/>\n1 L, 4 L ve 5 L bidonlarda mevcuttur<br \/>\nHer kutu 4 adet 5 L bidon i\u00e7erir<br \/>\nHer palet 70 kutu 5 L bidon alabilir<\/p>\n","protected":false},"featured_media":19785,"comment_status":"open","ping_status":"closed","template":"","meta":{"_acf_changed":false},"brand":[1438],"product_cat":[1287],"product_tag":[],"class_list":{"0":"post-19938","1":"product","2":"type-product","3":"status-publish","4":"has-post-thumbnail","6":"brand-gm-oil-tr","7":"product_cat-otomotiv-urunleri","9":"first","10":"instock","11":"shipping-taxable","12":"purchasable","13":"product-type-simple"},"acf":[],"_links":{"self":[{"href":"https:\/\/turkmenexporter.com\/tr\/wp-json\/wp\/v2\/product\/19938","targetHints":{"allow":["GET"]}}],"collection":[{"href":"https:\/\/turkmenexporter.com\/tr\/wp-json\/wp\/v2\/product"}],"about":[{"href":"https:\/\/turkmenexporter.com\/tr\/wp-json\/wp\/v2\/types\/product"}],"replies":[{"embeddable":true,"href":"https:\/\/turkmenexporter.com\/tr\/wp-json\/wp\/v2\/comments?post=19938"}],"version-history":[{"count":0,"href":"https:\/\/turkmenexporter.com\/tr\/wp-json\/wp\/v2\/product\/19938\/revisions"}],"wp:featuredmedia":[{"embeddable":true,"href":"https:\/\/turkmenexporter.com\/tr\/wp-json\/wp\/v2\/media\/19785"}],"wp:attachment":[{"href":"https:\/\/turkmenexporter.com\/tr\/wp-json\/wp\/v2\/media?parent=19938"}],"wp:term":[{"taxonomy":"brand","embeddable":true,"href":"https:\/\/turkmenexporter.com\/tr\/wp-json\/wp\/v2\/brand?post=19938"},{"taxonomy":"product_cat","embeddable":true,"href":"https:\/\/turkmenexporter.com\/tr\/wp-json\/wp\/v2\/product_cat?post=19938"},{"taxonomy":"product_tag","embeddable":true,"href":"https:\/\/turkmenexporter.com\/tr\/wp-json\/wp\/v2\/product_tag?post=19938"}],"curies":[{"name":"wp","href":"https:\/\/api.w.org\/{rel}","templated":true}]}}