{"id":19939,"date":"2025-09-09T15:27:04","date_gmt":"2025-09-09T10:27:04","guid":{"rendered":"https:\/\/turkmenexporter.com\/product\/otomobiller-ve-kamyonlar-icin-otomatik-sanziman-yagi-atf-dxr-3\/"},"modified":"2025-09-09T15:27:04","modified_gmt":"2025-09-09T10:27:04","slug":"otomobiller-ve-kamyonlar-icin-otomatik-sanziman-yagi-atf-dxr-3","status":"publish","type":"product","link":"https:\/\/turkmenexporter.com\/tr\/urun\/otomobiller-ve-kamyonlar-icin-otomatik-sanziman-yagi-atf-dxr-3\/","title":{"rendered":"Otomobiller ve Kamyonlar \u0130\u00e7in Otomatik \u015eanz\u0131man Ya\u011f\u0131 ATF DXR 3"},"content":{"rendered":"<p>Otomobillerin ve kamyonlar\u0131n otomatik \u015fanz\u0131manlar\u0131 i\u00e7in tasarlanm\u0131\u015f, y\u00fcksek etkili \u00e7ok fonksiyonlu ya\u011f. Y\u00fcksek kaliteli baz ya\u011flar ve y\u00fcksek i\u015flevsellik sa\u011flayan \u00f6zel katk\u0131 maddeleri ile \u00fcretilmi\u015ftir. S\u0131f\u0131r\u0131n alt\u0131ndaki s\u0131cakl\u0131klarda m\u00fckemmel ak\u0131\u015fkanl\u0131\u011fa sahiptir. Uzun s\u00fcre y\u00fcksek performans \u00f6zelliklerinin korunmas\u0131n\u0131 sa\u011flar.   <\/p>\n<p> &#8211; 100\u00b0C&#8217;de kinematik viskozite mm2\/s, 6,5-8,5 aral\u0131\u011f\u0131nda<br \/>\n&#8211; Viskozite indeksi, 165&#8217;ten az olmamal\u0131<br \/>\n&#8211; Akma noktas\u0131 \u00b0C, -45&#8217;ten y\u00fcksek olmamal\u0131<br \/>\n&#8211; Parlama noktas\u0131 \u00b0C, 210&#8217;dan az olmamal\u0131<\/p>\n","protected":false},"excerpt":{"rendered":"<p>Otomatik \u015fanz\u0131man ya\u011f\u0131<br \/>\n1 L ve 4 L bidonlarda mevcuttur<br \/>\nHer kutu 4 adet 4 L bidon i\u00e7erir<br \/>\nHer palet 75 kutu 4 L bidon alabilir<\/p>\n","protected":false},"featured_media":19821,"comment_status":"open","ping_status":"closed","template":"","meta":{"_acf_changed":false},"brand":[1438],"product_cat":[1287],"product_tag":[],"class_list":{"0":"post-19939","1":"product","2":"type-product","3":"status-publish","4":"has-post-thumbnail","6":"brand-gm-oil-tr","7":"product_cat-otomotiv-urunleri","9":"first","10":"instock","11":"shipping-taxable","12":"purchasable","13":"product-type-simple"},"acf":[],"_links":{"self":[{"href":"https:\/\/turkmenexporter.com\/tr\/wp-json\/wp\/v2\/product\/19939","targetHints":{"allow":["GET"]}}],"collection":[{"href":"https:\/\/turkmenexporter.com\/tr\/wp-json\/wp\/v2\/product"}],"about":[{"href":"https:\/\/turkmenexporter.com\/tr\/wp-json\/wp\/v2\/types\/product"}],"replies":[{"embeddable":true,"href":"https:\/\/turkmenexporter.com\/tr\/wp-json\/wp\/v2\/comments?post=19939"}],"version-history":[{"count":0,"href":"https:\/\/turkmenexporter.com\/tr\/wp-json\/wp\/v2\/product\/19939\/revisions"}],"wp:featuredmedia":[{"embeddable":true,"href":"https:\/\/turkmenexporter.com\/tr\/wp-json\/wp\/v2\/media\/19821"}],"wp:attachment":[{"href":"https:\/\/turkmenexporter.com\/tr\/wp-json\/wp\/v2\/media?parent=19939"}],"wp:term":[{"taxonomy":"brand","embeddable":true,"href":"https:\/\/turkmenexporter.com\/tr\/wp-json\/wp\/v2\/brand?post=19939"},{"taxonomy":"product_cat","embeddable":true,"href":"https:\/\/turkmenexporter.com\/tr\/wp-json\/wp\/v2\/product_cat?post=19939"},{"taxonomy":"product_tag","embeddable":true,"href":"https:\/\/turkmenexporter.com\/tr\/wp-json\/wp\/v2\/product_tag?post=19939"}],"curies":[{"name":"wp","href":"https:\/\/api.w.org\/{rel}","templated":true}]}}