{"id":19940,"date":"2025-09-09T15:27:05","date_gmt":"2025-09-09T10:27:05","guid":{"rendered":"https:\/\/turkmenexporter.com\/product\/hidrolik-yagi-iso-vg-46-hm\/"},"modified":"2025-09-09T15:27:05","modified_gmt":"2025-09-09T10:27:05","slug":"hidrolik-yagi-iso-vg-46-hm","status":"publish","type":"product","link":"https:\/\/turkmenexporter.com\/tr\/urun\/hidrolik-yagi-iso-vg-46-hm\/","title":{"rendered":"Hidrolik Ya\u011f\u0131 ISO VG-46 HM<br>"},"content":{"rendered":"<p>Otomobillerin, \u00f6zel makinelerin ve ekipmanlar\u0131n hidrolik sistemleri i\u00e7in tasarlanm\u0131\u015f y\u00fcksek kaliteli ya\u011f. Ham petrolden elde edilen y\u00fcksek kaliteli mineral baz ya\u011flar temelinde \u00fcretilmi\u015ftir. Y\u00fcksek antioksidan potansiyeli, termal ve kimyasal stabiliteye sahiptir. Hidrolik sistemin par\u00e7alar\u0131n\u0131 a\u015f\u0131nmaya ve uzun s\u00fcreli s\u00fcrekli \u00e7al\u0131\u015fmaya kar\u015f\u0131 korur.   <\/p>\n<p> &#8211; 100\u00b0C&#8217;de kinematik viskozite mm2\/s, 41,4-50,6 aral\u0131\u011f\u0131nda<br \/>\n&#8211; Viskozite indeksi, 95&#8217;ten az olmamak kayd\u0131yla<br \/>\n&#8211; Akma noktas\u0131 \u00b0C, -15&#8217;ten y\u00fcksek olmamak kayd\u0131yla<br \/>\n&#8211; Parlama noktas\u0131 \u00b0C, 210&#8217;dan az olmamak kayd\u0131yla<\/p>\n","protected":false},"excerpt":{"rendered":"<p>GM OIL Hidrolik Ya\u011f\u0131<br \/>\n20 litrelik bidonlarda ve 208 litrelik varillerde mevcuttur.<\/p>\n","protected":false},"featured_media":19833,"comment_status":"open","ping_status":"closed","template":"","meta":{"_acf_changed":false},"brand":[1438],"product_cat":[1287],"product_tag":[],"class_list":{"0":"post-19940","1":"product","2":"type-product","3":"status-publish","4":"has-post-thumbnail","6":"brand-gm-oil-tr","7":"product_cat-otomotiv-urunleri","9":"first","10":"instock","11":"shipping-taxable","12":"purchasable","13":"product-type-simple"},"acf":[],"_links":{"self":[{"href":"https:\/\/turkmenexporter.com\/tr\/wp-json\/wp\/v2\/product\/19940","targetHints":{"allow":["GET"]}}],"collection":[{"href":"https:\/\/turkmenexporter.com\/tr\/wp-json\/wp\/v2\/product"}],"about":[{"href":"https:\/\/turkmenexporter.com\/tr\/wp-json\/wp\/v2\/types\/product"}],"replies":[{"embeddable":true,"href":"https:\/\/turkmenexporter.com\/tr\/wp-json\/wp\/v2\/comments?post=19940"}],"version-history":[{"count":0,"href":"https:\/\/turkmenexporter.com\/tr\/wp-json\/wp\/v2\/product\/19940\/revisions"}],"wp:featuredmedia":[{"embeddable":true,"href":"https:\/\/turkmenexporter.com\/tr\/wp-json\/wp\/v2\/media\/19833"}],"wp:attachment":[{"href":"https:\/\/turkmenexporter.com\/tr\/wp-json\/wp\/v2\/media?parent=19940"}],"wp:term":[{"taxonomy":"brand","embeddable":true,"href":"https:\/\/turkmenexporter.com\/tr\/wp-json\/wp\/v2\/brand?post=19940"},{"taxonomy":"product_cat","embeddable":true,"href":"https:\/\/turkmenexporter.com\/tr\/wp-json\/wp\/v2\/product_cat?post=19940"},{"taxonomy":"product_tag","embeddable":true,"href":"https:\/\/turkmenexporter.com\/tr\/wp-json\/wp\/v2\/product_tag?post=19940"}],"curies":[{"name":"wp","href":"https:\/\/api.w.org\/{rel}","templated":true}]}}