{"id":19941,"date":"2025-09-09T15:27:01","date_gmt":"2025-09-09T10:27:01","guid":{"rendered":"https:\/\/turkmenexporter.com\/product\/benzinli-ve-dizel-motorlar-icin-mineral-yag-sae-15w-40\/"},"modified":"2025-09-09T15:27:01","modified_gmt":"2025-09-09T10:27:01","slug":"benzinli-ve-dizel-motorlar-icin-mineral-yag-sae-15w-40","status":"publish","type":"product","link":"https:\/\/turkmenexporter.com\/tr\/urun\/benzinli-ve-dizel-motorlar-icin-mineral-yag-sae-15w-40\/","title":{"rendered":"Benzinli ve Dizel Motorlar \u0130\u00e7in Mineral Ya\u011f SAE 15W-40<br>"},"content":{"rendered":"<p>Benzinli ve dizel motorlar i\u00e7in d\u00f6rt mevsim mineral ya\u011f. Farkl\u0131 kilometreli motorlarda kullan\u0131lmak \u00fczere dengeli katk\u0131 maddesi paketi ile y\u00fcksek kaliteli mineral baz ya\u011fdan \u00fcretilmi\u015ftir. Geli\u015ftirilmi\u015f performans \u00f6zelliklerine ve d\u00fc\u015f\u00fck yanma seviyelerine sahiptir. Korozyona kar\u015f\u0131 koruma sa\u011flar.   <\/p>\n<p> &#8211; 100\u00b0C&#8217;de kinematik viskozite mm2\/s, 12,5-16,3 aral\u0131\u011f\u0131nda<br \/>\n&#8211; Eksi 20 \u00b0C&#8217;de dinamik viskozite MPa s, 7000&#8217;den fazla de\u011fil<br \/>\n&#8211; Viskozite indeksi 130&#8217;dan az de\u011fil<br \/>\n&#8211; Akma noktas\u0131 \u00b0C, -20&#8217;den y\u00fcksek de\u011fil<br \/>\n&#8211; Parlama noktas\u0131 \u00b0C, 210&#8217;dan az de\u011fil<\/p>\n","protected":false},"excerpt":{"rendered":"<p>Mineral motor ya\u011f\u0131<br \/>\n1 L, 4 L, 5 L ve 20 L bidonlarda mevcuttur<br \/>\nHer kutu 4 adet 5 L bidon i\u00e7erir<br \/>\nHer palet 70 kutu 5 L bidon alabilir<\/p>\n","protected":false},"featured_media":19791,"comment_status":"open","ping_status":"closed","template":"","meta":{"_acf_changed":false},"brand":[1438],"product_cat":[1287],"product_tag":[],"class_list":{"0":"post-19941","1":"product","2":"type-product","3":"status-publish","4":"has-post-thumbnail","6":"brand-gm-oil-tr","7":"product_cat-otomotiv-urunleri","9":"first","10":"instock","11":"shipping-taxable","12":"purchasable","13":"product-type-simple"},"acf":[],"_links":{"self":[{"href":"https:\/\/turkmenexporter.com\/tr\/wp-json\/wp\/v2\/product\/19941","targetHints":{"allow":["GET"]}}],"collection":[{"href":"https:\/\/turkmenexporter.com\/tr\/wp-json\/wp\/v2\/product"}],"about":[{"href":"https:\/\/turkmenexporter.com\/tr\/wp-json\/wp\/v2\/types\/product"}],"replies":[{"embeddable":true,"href":"https:\/\/turkmenexporter.com\/tr\/wp-json\/wp\/v2\/comments?post=19941"}],"version-history":[{"count":0,"href":"https:\/\/turkmenexporter.com\/tr\/wp-json\/wp\/v2\/product\/19941\/revisions"}],"wp:featuredmedia":[{"embeddable":true,"href":"https:\/\/turkmenexporter.com\/tr\/wp-json\/wp\/v2\/media\/19791"}],"wp:attachment":[{"href":"https:\/\/turkmenexporter.com\/tr\/wp-json\/wp\/v2\/media?parent=19941"}],"wp:term":[{"taxonomy":"brand","embeddable":true,"href":"https:\/\/turkmenexporter.com\/tr\/wp-json\/wp\/v2\/brand?post=19941"},{"taxonomy":"product_cat","embeddable":true,"href":"https:\/\/turkmenexporter.com\/tr\/wp-json\/wp\/v2\/product_cat?post=19941"},{"taxonomy":"product_tag","embeddable":true,"href":"https:\/\/turkmenexporter.com\/tr\/wp-json\/wp\/v2\/product_tag?post=19941"}],"curies":[{"name":"wp","href":"https:\/\/api.w.org\/{rel}","templated":true}]}}