{"id":19989,"date":"2025-11-27T11:16:21","date_gmt":"2025-11-27T06:16:21","guid":{"rendered":"https:\/\/turkmenexporter.com\/product\/nesil-kahve-dondurularak-kurutulmush\/"},"modified":"2025-11-27T11:16:21","modified_gmt":"2025-11-27T06:16:21","slug":"nesil-kahve-dondurularak-kurutulmush","status":"publish","type":"product","link":"https:\/\/turkmenexporter.com\/tr\/urun\/nesil-kahve-dondurularak-kurutulmush\/","title":{"rendered":"Nesil Kahve Dondurularak Kurutulmu\u015f"},"content":{"rendered":"<p>Do\u011fal haz\u0131r dondurularak kurutulmu\u015f kahve. GDO&#8217;suz.<\/p>\n<p>Saklama ko\u015fullar\u0131: S\u0131k\u0131ca kapat\u0131lm\u0131\u015f bir kapta serin ve kuru bir yerde saklay\u0131n.<\/p>\n<p>NET A\u011eIRLIK: 54 g. T\u015e taraf\u0131ndan onaylanm\u0131\u015ft\u0131r 01449067-02-2023. <\/p>\n","protected":false},"excerpt":{"rendered":"<p>Do\u011fal haz\u0131r dondurularak kurutulmu\u015f kahve<\/p>\n<p>Paket ba\u015f\u0131na 30 \u00e7ubuk.<\/p>\n<p>Kutu ba\u015f\u0131na 20 paket.<\/p>\n<p>Palet ba\u015f\u0131na 96 kutu.<\/p>\n<p>Paket a\u011f\u0131rl\u0131\u011f\u0131: 54 g<\/p>\n","protected":false},"featured_media":19967,"comment_status":"open","ping_status":"closed","template":"","meta":{"_acf_changed":false},"brand":[1259],"product_cat":[733],"product_tag":[],"class_list":{"0":"post-19989","1":"product","2":"type-product","3":"status-publish","4":"has-post-thumbnail","6":"brand-nesil-coffee-tr","7":"product_cat-kahve","9":"first","10":"instock","11":"shipping-taxable","12":"purchasable","13":"product-type-simple"},"acf":[],"_links":{"self":[{"href":"https:\/\/turkmenexporter.com\/tr\/wp-json\/wp\/v2\/product\/19989","targetHints":{"allow":["GET"]}}],"collection":[{"href":"https:\/\/turkmenexporter.com\/tr\/wp-json\/wp\/v2\/product"}],"about":[{"href":"https:\/\/turkmenexporter.com\/tr\/wp-json\/wp\/v2\/types\/product"}],"replies":[{"embeddable":true,"href":"https:\/\/turkmenexporter.com\/tr\/wp-json\/wp\/v2\/comments?post=19989"}],"version-history":[{"count":0,"href":"https:\/\/turkmenexporter.com\/tr\/wp-json\/wp\/v2\/product\/19989\/revisions"}],"wp:featuredmedia":[{"embeddable":true,"href":"https:\/\/turkmenexporter.com\/tr\/wp-json\/wp\/v2\/media\/19967"}],"wp:attachment":[{"href":"https:\/\/turkmenexporter.com\/tr\/wp-json\/wp\/v2\/media?parent=19989"}],"wp:term":[{"taxonomy":"brand","embeddable":true,"href":"https:\/\/turkmenexporter.com\/tr\/wp-json\/wp\/v2\/brand?post=19989"},{"taxonomy":"product_cat","embeddable":true,"href":"https:\/\/turkmenexporter.com\/tr\/wp-json\/wp\/v2\/product_cat?post=19989"},{"taxonomy":"product_tag","embeddable":true,"href":"https:\/\/turkmenexporter.com\/tr\/wp-json\/wp\/v2\/product_tag?post=19989"}],"curies":[{"name":"wp","href":"https:\/\/api.w.org\/{rel}","templated":true}]}}