{"id":20104,"date":"2026-01-12T16:41:56","date_gmt":"2026-01-12T11:41:56","guid":{"rendered":"https:\/\/turkmenexporter.com\/product\/otomotiv-kursun-asit-aku-menzil-12v-60ah\/"},"modified":"2026-01-12T16:41:56","modified_gmt":"2026-01-12T11:41:56","slug":"otomotiv-kursun-asit-aku-menzil-12v-60ah","status":"publish","type":"product","link":"https:\/\/turkmenexporter.com\/tr\/urun\/otomotiv-kursun-asit-aku-menzil-12v-60ah\/","title":{"rendered":"Otomotiv Kur\u015fun-Asit Ak\u00fc Menzil 12V 60Ah"},"content":{"rendered":"<p data-start=\"297\" data-end=\"582\"><strong data-start=\"301\" data-end=\"339\">Menzil 12V 60Ah otomotiv ak<\/strong> \u00fcs\u00fc, binek ara\u00e7lar ve hafif otomotiv uygulamalar\u0131 i\u00e7in tasarlanm\u0131\u015f bir kur\u015fun-asit mar\u015f ak\u00fcs\u00fcd\u00fcr. T\u00fcrkmenistan&#8217;da \u00fcretilen bu ak\u00fc, standart \u00e7al\u0131\u015fma ko\u015fullar\u0131nda istikrarl\u0131 motor \u00e7al\u0131\u015ft\u0131rma ve g\u00fcvenilir g\u00fc\u00e7 kayna\u011f\u0131 i\u00e7in uygundur. <\/p>\n<ul data-start=\"1464\" data-end=\"1764\">\n<li data-start=\"1464\" data-end=\"1531\">\n<p data-start=\"1466\" data-end=\"1531\"><strong data-start=\"1466\" data-end=\"1499\">Minimum Sipari\u015f Miktar\u0131 (MOQ):<\/strong> 1.500 adet (yakla\u015f\u0131k 25 ton)<\/p>\n<\/li>\n<li data-start=\"1532\" data-end=\"1591\">\n<p data-start=\"1534\" data-end=\"1591\"><strong data-start=\"1534\" data-end=\"1548\">Ambalaj:<\/strong> Polietilen filmle sar\u0131lm\u0131\u015f, paletli<\/p>\n<\/li>\n<li data-start=\"1631\" data-end=\"1669\">\n<p data-start=\"1633\" data-end=\"1669\"><strong data-start=\"1633\" data-end=\"1651\">\u00d6deme Ko\u015fullar\u0131:<\/strong> %100 \u00f6n \u00f6deme<\/p>\n<\/li>\n<li data-start=\"1670\" data-end=\"1709\">\n<p data-start=\"1672\" data-end=\"1709\"><strong data-start=\"1672\" data-end=\"1694\">Men\u015fe \u00dclke:<\/strong> T\u00fcrkmenistan<\/p>\n<\/li>\n<\/ul>\n<p data-start=\"584\" data-end=\"762\">Hem yurt i\u00e7i kullan\u0131m hem de ihracat pazarlar\u0131 i\u00e7in tasarlanan \u00fcr\u00fcn, B2B al\u0131c\u0131lar\u0131 ve distrib\u00fct\u00f6rleri i\u00e7in performans, dayan\u0131kl\u0131l\u0131k ve maliyet verimlili\u011finin dengeli bir kombinasyonunu sunuyor.<\/p>\n","protected":false},"excerpt":{"rendered":"<p data-start=\"809\" data-end=\"868\">Binek ve hafif ara\u00e7lar i\u00e7in Menzil 12V 60Ah kur\u015fun-asit otomotiv ak\u00fcs\u00fc.<\/p>\n<ul>\n<li data-start=\"869\" data-end=\"897\">\n<p data-start=\"871\" data-end=\"897\"><strong data-start=\"871\" data-end=\"891\">Nominal Gerilim:<\/strong> 12V<\/p>\n<\/li>\n<li data-start=\"898\" data-end=\"921\">\n<p data-start=\"900\" data-end=\"921\"><strong data-start=\"900\" data-end=\"913\">Kapasite:<\/strong> 60 Ah<\/p>\n<\/li>\n<li data-start=\"922\" data-end=\"974\"><strong data-start=\"977\" data-end=\"992\">Boyutlar:<\/strong> 230 \u00d7 170 \u00d7 200 mm<\/li>\n<li data-start=\"1014\" data-end=\"1043\">\n<p data-start=\"1016\" data-end=\"1043\"><strong data-start=\"1016\" data-end=\"1027\">A\u011f\u0131rl\u0131k:<\/strong> yakla\u015f\u0131k 17 kg <\/p>\n<\/li>\n<\/ul>\n<div class=\"flex flex-col text-sm pb-25\">\n<article class=\"text-token-text-primary w-full focus:outline-none [--shadow-height:45px] has-data-writing-block:pointer-events-none has-data-writing-block:-mt-(--shadow-height) has-data-writing-block:pt-(--shadow-height) [&amp;:has([data-writing-block])&gt;*]:pointer-events-auto scroll-mt-[calc(var(--header-height)+min(200px,max(70px,20svh)))]\" dir=\"auto\" data-turn-id=\"49873057-7f6d-495e-afc5-646eaec33e23\" data-testid=\"conversation-turn-134\" data-scroll-anchor=\"true\" data-turn=\"assistant\">\n<div class=\"text-base my-auto mx-auto pb-10 [--thread-content-margin:--spacing(4)] @w-sm\/main:[--thread-content-margin:--spacing(6)] @w-lg\/main:[--thread-content-margin:--spacing(16)] px-(--thread-content-margin)\">\n<div class=\"[--thread-content-max-width:40rem] @w-lg\/main:[--thread-content-max-width:48rem] mx-auto max-w-(--thread-content-max-width) flex-1 group\/turn-messages focus-visible:outline-hidden relative flex w-full min-w-0 flex-col agent-turn\">\n<div class=\"flex max-w-full flex-col grow\">\n<div class=\"min-h-8 text-message relative flex w-full flex-col items-end gap-2 text-start break-words whitespace-normal [.text-message+&amp;]:mt-1\" dir=\"auto\" data-message-author-role=\"assistant\" data-message-id=\"de9bdc8b-7abf-4a79-93b0-d5030ff73aba\" data-message-model-slug=\"gpt-5-2\">\n<div class=\"flex w-full flex-col gap-1 empty:hidden first:pt-[1px]\">\n<div class=\"markdown prose dark:prose-invert w-full break-words dark markdown-new-styling\">\n<p data-start=\"0\" data-end=\"60\" data-is-last-node=\"\" data-is-only-node=\"\">Kesin fiyat\u0131n \u00fcretici firma ile teyit edilmesi gerekmektedir.<\/p>\n<\/div>\n<\/div>\n<\/div>\n<\/div>\n<\/div>\n<\/div>\n<\/article>\n<\/div>\n","protected":false},"featured_media":20018,"comment_status":"open","ping_status":"closed","template":"","meta":{"_acf_changed":false},"brand":[1460],"product_cat":[1287],"product_tag":[],"class_list":{"0":"post-20104","1":"product","2":"type-product","3":"status-publish","4":"has-post-thumbnail","6":"brand-hindiwar","7":"product_cat-otomotiv-urunleri","9":"first","10":"instock","11":"shipping-taxable","12":"purchasable","13":"product-type-simple"},"acf":[],"_links":{"self":[{"href":"https:\/\/turkmenexporter.com\/tr\/wp-json\/wp\/v2\/product\/20104","targetHints":{"allow":["GET"]}}],"collection":[{"href":"https:\/\/turkmenexporter.com\/tr\/wp-json\/wp\/v2\/product"}],"about":[{"href":"https:\/\/turkmenexporter.com\/tr\/wp-json\/wp\/v2\/types\/product"}],"replies":[{"embeddable":true,"href":"https:\/\/turkmenexporter.com\/tr\/wp-json\/wp\/v2\/comments?post=20104"}],"version-history":[{"count":0,"href":"https:\/\/turkmenexporter.com\/tr\/wp-json\/wp\/v2\/product\/20104\/revisions"}],"wp:featuredmedia":[{"embeddable":true,"href":"https:\/\/turkmenexporter.com\/tr\/wp-json\/wp\/v2\/media\/20018"}],"wp:attachment":[{"href":"https:\/\/turkmenexporter.com\/tr\/wp-json\/wp\/v2\/media?parent=20104"}],"wp:term":[{"taxonomy":"brand","embeddable":true,"href":"https:\/\/turkmenexporter.com\/tr\/wp-json\/wp\/v2\/brand?post=20104"},{"taxonomy":"product_cat","embeddable":true,"href":"https:\/\/turkmenexporter.com\/tr\/wp-json\/wp\/v2\/product_cat?post=20104"},{"taxonomy":"product_tag","embeddable":true,"href":"https:\/\/turkmenexporter.com\/tr\/wp-json\/wp\/v2\/product_tag?post=20104"}],"curies":[{"name":"wp","href":"https:\/\/api.w.org\/{rel}","templated":true}]}}