{"id":20108,"date":"2026-01-12T16:57:57","date_gmt":"2026-01-12T11:57:57","guid":{"rendered":"https:\/\/turkmenexporter.com\/product\/automotive-lead-acid-battery-flink12v-100ah\/"},"modified":"2026-01-12T16:57:57","modified_gmt":"2026-01-12T11:57:57","slug":"automotive-lead-acid-battery-flink12v-100ah","status":"publish","type":"product","link":"https:\/\/turkmenexporter.com\/tr\/urun\/automotive-lead-acid-battery-flink12v-100ah\/","title":{"rendered":"Otomotiv Kur\u015fun-Asit Ak\u00fc Flink12V 100Ah"},"content":{"rendered":"<p data-start=\"317\" data-end=\"604\"><strong data-start=\"321\" data-end=\"360\">Menzil 12V 100Ah otomotiv ak\u00fcs\u00fc<\/strong>, elektrik talebi y\u00fcksek ara\u00e7lar i\u00e7in tasarlanm\u0131\u015f y\u00fcksek kapasiteli kur\u015fun-asit mar\u015f ak\u00fcs\u00fcd\u00fcr. Bu model, daha y\u00fcksek yedek kapasite ve istikrarl\u0131 mar\u015f performans\u0131 gerektiren ticari ara\u00e7lar, kamyonetler ve hizmet ara\u00e7lar\u0131 i\u00e7in uygundur. <\/p>\n<ul data-start=\"1400\" data-end=\"1701\">\n<li data-start=\"1400\" data-end=\"1467\">\n<p data-start=\"1402\" data-end=\"1467\"><strong data-start=\"1402\" data-end=\"1435\">Minimum Sipari\u015f Miktar\u0131 (MOQ):<\/strong> 1.500 adet<\/p>\n<\/li>\n<li data-start=\"1468\" data-end=\"1527\">\n<p data-start=\"1470\" data-end=\"1527\"><strong data-start=\"1470\" data-end=\"1484\">Ambalaj:<\/strong> Polietilen filmle sar\u0131lm\u0131\u015f, paletli<\/p>\n<\/li>\n<li data-start=\"1567\" data-end=\"1605\">\n<p data-start=\"1569\" data-end=\"1605\"><strong data-start=\"1569\" data-end=\"1587\">\u00d6deme Ko\u015fullar\u0131:<\/strong> %100 \u00f6n \u00f6deme<\/p>\n<\/li>\n<li data-start=\"1606\" data-end=\"1645\">\n<p data-start=\"1608\" data-end=\"1645\"><strong data-start=\"1608\" data-end=\"1630\">Men\u015fe \u00dclke:<\/strong> T\u00fcrkmenistan<\/p>\n<\/li>\n<\/ul>\n<p data-start=\"1703\" data-end=\"1763\">Toplu ihracat sevkiyatlar\u0131 ve paletli lojistik i\u00e7in haz\u0131rlanm\u0131\u015ft\u0131r.<\/p>\n<p data-start=\"606\" data-end=\"747\">T\u00fcrkmenistan&#8217;da \u00fcretilen \u00e4k\u00fc, toptan da\u011f\u0131t\u0131m ve b\u00f6lgesel ve uluslararas\u0131 B2B pazarlar\u0131na ihracat tedariki i\u00e7in tasarlanm\u0131\u015ft\u0131r.<\/p>\n","protected":false},"excerpt":{"rendered":"<p>Menzil 12V 100Ah kur\u015fun-asit otomotiv ak\u00fcs\u00fc, ticari ve hizmet ara\u00e7lar\u0131 i\u00e7in.<\/p>\n<div class=\"flex flex-col text-sm pb-25\">\n<article class=\"text-token-text-primary w-full focus:outline-none [--shadow-height:45px] has-data-writing-block:pointer-events-none has-data-writing-block:-mt-(--shadow-height) has-data-writing-block:pt-(--shadow-height) [&amp;:has([data-writing-block])&gt;*]:pointer-events-auto scroll-mt-[calc(var(--header-height)+min(200px,max(70px,20svh)))]\" dir=\"auto\" data-turn-id=\"49873057-7f6d-495e-afc5-646eaec33e23\" data-testid=\"conversation-turn-134\" data-scroll-anchor=\"true\" data-turn=\"assistant\">\n<div class=\"text-base my-auto mx-auto pb-10 [--thread-content-margin:--spacing(4)] @w-sm\/main:[--thread-content-margin:--spacing(6)] @w-lg\/main:[--thread-content-margin:--spacing(16)] px-(--thread-content-margin)\">\n<div class=\"[--thread-content-max-width:40rem] @w-lg\/main:[--thread-content-max-width:48rem] mx-auto max-w-(--thread-content-max-width) flex-1 group\/turn-messages focus-visible:outline-hidden relative flex w-full min-w-0 flex-col agent-turn\">\n<div class=\"flex max-w-full flex-col grow\">\n<div class=\"min-h-8 text-message relative flex w-full flex-col items-end gap-2 text-start break-words whitespace-normal [.text-message+&amp;]:mt-1\" dir=\"auto\" data-message-author-role=\"assistant\" data-message-id=\"de9bdc8b-7abf-4a79-93b0-d5030ff73aba\" data-message-model-slug=\"gpt-5-2\">\n<div class=\"flex w-full flex-col gap-1 empty:hidden first:pt-[1px]\">\n<div class=\"markdown prose dark:prose-invert w-full break-words dark markdown-new-styling\">\n<p data-start=\"0\" data-end=\"60\" data-is-last-node=\"\" data-is-only-node=\"\">Kesin fiyat\u0131n \u00fcretici firma ile teyit edilmesi gerekmektedir.<\/p>\n<\/div>\n<\/div>\n<\/div>\n<\/div>\n<\/div>\n<\/div>\n<\/article>\n<\/div>\n<ul>\n<li data-start=\"840\" data-end=\"868\">\n<p data-start=\"842\" data-end=\"868\"><strong data-start=\"842\" data-end=\"862\">Nominal Gerilim:<\/strong> 12V<\/p>\n<\/li>\n<li data-start=\"869\" data-end=\"893\">\n<p data-start=\"871\" data-end=\"893\"><strong data-start=\"871\" data-end=\"884\">Kapasite:<\/strong> 100 Ah<\/p>\n<\/li>\n<li data-start=\"985\" data-end=\"1023\">\n<p data-start=\"987\" data-end=\"1023\"><strong data-start=\"987\" data-end=\"1002\">Boyutlar:<\/strong> 300 \u00d7 180 \u00d7 210 mm<\/p>\n<\/li>\n<\/ul>\n<p>\u0130hracata haz\u0131r, paletli, T\u00fcrkmenistan&#8217;dan tedarik.<\/p>\n","protected":false},"featured_media":20055,"comment_status":"open","ping_status":"closed","template":"","meta":{"_acf_changed":false},"brand":[1460],"product_cat":[1287],"product_tag":[852],"class_list":{"0":"post-20108","1":"product","2":"type-product","3":"status-publish","4":"has-post-thumbnail","6":"brand-hindiwar","7":"product_cat-otomotiv-urunleri","8":"product_tag-front-product-tr","10":"first","11":"instock","12":"shipping-taxable","13":"product-type-simple"},"acf":[],"_links":{"self":[{"href":"https:\/\/turkmenexporter.com\/tr\/wp-json\/wp\/v2\/product\/20108","targetHints":{"allow":["GET"]}}],"collection":[{"href":"https:\/\/turkmenexporter.com\/tr\/wp-json\/wp\/v2\/product"}],"about":[{"href":"https:\/\/turkmenexporter.com\/tr\/wp-json\/wp\/v2\/types\/product"}],"replies":[{"embeddable":true,"href":"https:\/\/turkmenexporter.com\/tr\/wp-json\/wp\/v2\/comments?post=20108"}],"version-history":[{"count":0,"href":"https:\/\/turkmenexporter.com\/tr\/wp-json\/wp\/v2\/product\/20108\/revisions"}],"wp:featuredmedia":[{"embeddable":true,"href":"https:\/\/turkmenexporter.com\/tr\/wp-json\/wp\/v2\/media\/20055"}],"wp:attachment":[{"href":"https:\/\/turkmenexporter.com\/tr\/wp-json\/wp\/v2\/media?parent=20108"}],"wp:term":[{"taxonomy":"brand","embeddable":true,"href":"https:\/\/turkmenexporter.com\/tr\/wp-json\/wp\/v2\/brand?post=20108"},{"taxonomy":"product_cat","embeddable":true,"href":"https:\/\/turkmenexporter.com\/tr\/wp-json\/wp\/v2\/product_cat?post=20108"},{"taxonomy":"product_tag","embeddable":true,"href":"https:\/\/turkmenexporter.com\/tr\/wp-json\/wp\/v2\/product_tag?post=20108"}],"curies":[{"name":"wp","href":"https:\/\/api.w.org\/{rel}","templated":true}]}}