{"id":2330,"date":"2024-01-20T00:38:57","date_gmt":"2024-01-19T19:38:57","guid":{"rendered":"https:\/\/turkmenexporter.com\/product\/kavrulmus-ay-cekirdegi\/"},"modified":"2024-09-17T19:29:28","modified_gmt":"2024-09-17T14:29:28","slug":"kavrulmus-ay-cekirdegi","status":"publish","type":"product","link":"https:\/\/turkmenexporter.com\/tr\/urun\/kavrulmus-ay-cekirdegi\/","title":{"rendered":"Kavrulmu\u015f ay \u00e7ekirde\u011fi"},"content":{"rendered":"<p>Tuzsuz kavrulmu\u015f ay \u00e7ekirde\u011fi. \u0130\u00e7indekiler: ay\u00e7i\u00e7e\u011fi tohumu. Her 100 g \u00fcr\u00fcn i\u00e7in besin de\u011feri: protein 19,3 g, ya\u011f 49,8 g, karbonhidrat 24,1 g., enerji de\u011feri 622 kcal. Saklama ko\u015fullar\u0131: +20\u00baC&#8217;de ve %70&#8217;ten fazla olmayan ba\u011f\u0131l nemde saklay\u0131n. Raf \u00f6mr\u00fc 10 ayd\u0131r. \u00dcretim tarihi ve son kullanma tarihi ambalaj \u00fczerinde belirtilmi\u015ftir. Serin ve kuru yerde muhafaza ediniz. Sertifikal\u0131 \u00fcr\u00fcn.<\/p>\n<p>Kutu hacmi: 0,019 M3<br \/>\nKutu br\u00fct a\u011f\u0131rl\u0131\u011f\u0131: 1,7 kg<\/p>\n","protected":false},"excerpt":{"rendered":"<p>Kavrulmu\u015f ay\u00e7ekirde\u011fi paketleri 30 g<br \/>\nBir kutuda 40 paket.<\/p>\n","protected":false},"featured_media":2681,"comment_status":"open","ping_status":"closed","template":"","meta":{"_acf_changed":false},"brand":[268],"product_cat":[256],"product_tag":[852],"class_list":{"0":"post-2330","1":"product","2":"type-product","3":"status-publish","4":"has-post-thumbnail","6":"brand-altyn-yunus-tr","7":"product_cat-aycekirdegi","8":"product_tag-front-product-tr","10":"first","11":"instock","12":"shipping-taxable","13":"purchasable","14":"product-type-simple"},"acf":[],"_links":{"self":[{"href":"https:\/\/turkmenexporter.com\/tr\/wp-json\/wp\/v2\/product\/2330","targetHints":{"allow":["GET"]}}],"collection":[{"href":"https:\/\/turkmenexporter.com\/tr\/wp-json\/wp\/v2\/product"}],"about":[{"href":"https:\/\/turkmenexporter.com\/tr\/wp-json\/wp\/v2\/types\/product"}],"replies":[{"embeddable":true,"href":"https:\/\/turkmenexporter.com\/tr\/wp-json\/wp\/v2\/comments?post=2330"}],"version-history":[{"count":2,"href":"https:\/\/turkmenexporter.com\/tr\/wp-json\/wp\/v2\/product\/2330\/revisions"}],"predecessor-version":[{"id":3356,"href":"https:\/\/turkmenexporter.com\/tr\/wp-json\/wp\/v2\/product\/2330\/revisions\/3356"}],"wp:featuredmedia":[{"embeddable":true,"href":"https:\/\/turkmenexporter.com\/tr\/wp-json\/wp\/v2\/media\/2681"}],"wp:attachment":[{"href":"https:\/\/turkmenexporter.com\/tr\/wp-json\/wp\/v2\/media?parent=2330"}],"wp:term":[{"taxonomy":"brand","embeddable":true,"href":"https:\/\/turkmenexporter.com\/tr\/wp-json\/wp\/v2\/brand?post=2330"},{"taxonomy":"product_cat","embeddable":true,"href":"https:\/\/turkmenexporter.com\/tr\/wp-json\/wp\/v2\/product_cat?post=2330"},{"taxonomy":"product_tag","embeddable":true,"href":"https:\/\/turkmenexporter.com\/tr\/wp-json\/wp\/v2\/product_tag?post=2330"}],"curies":[{"name":"wp","href":"https:\/\/api.w.org\/{rel}","templated":true}]}}