{"id":3327,"date":"2024-02-07T20:53:40","date_gmt":"2024-02-07T15:53:40","guid":{"rendered":"https:\/\/turkmenexporter.com\/?post_type=product&#038;p=3327"},"modified":"2024-09-17T19:29:26","modified_gmt":"2024-09-17T14:29:26","slug":"kavrulmus-tuzlu-ay-cekirdegi","status":"publish","type":"product","link":"https:\/\/turkmenexporter.com\/tr\/urun\/kavrulmus-tuzlu-ay-cekirdegi\/","title":{"rendered":"Kavrulmu\u015f tuzlu ay \u00e7ekirde\u011fi"},"content":{"rendered":"<p>Kavrulmu\u015f tuzlu ay \u00e7ekirde\u011fi. \u0130\u00e7indekiler: ay\u00e7ekirde\u011fi, yemeklik tuz. Her 100 g \u00fcr\u00fcn i\u00e7in besin de\u011feri: protein 19,3 g, ya\u011f 49,8 g, karbonhidrat 24,1 g, enerji de\u011feri 622 kcal. Saklama ko\u015fullar\u0131: +20\u00baC&#8217;de ve en fazla %70 ba\u011f\u0131l nemde saklay\u0131n. \u00dcretim tarihi ve son kullanma tarihi ambalaj \u00fczerinde belirtilmi\u015ftir. Serin ve kuru yerde muhafaza ediniz. Sertifikal\u0131 \u00fcr\u00fcn.<\/p>\n<p>Kutu hacmi: 0,019 M3<br \/>\nKutu br\u00fct a\u011f\u0131rl\u0131\u011f\u0131: 1,7 kg<\/p>\n","protected":false},"excerpt":{"rendered":"<p>Kavrulmu\u015f tuzlu ay\u00e7ekirde\u011fi paketleri 30 g<br \/>\nBir kutuda 40 paket<\/p>\n","protected":false},"featured_media":3333,"comment_status":"open","ping_status":"closed","template":"","meta":{"_acf_changed":false},"brand":[268],"product_cat":[256],"product_tag":[852],"class_list":{"0":"post-3327","1":"product","2":"type-product","3":"status-publish","4":"has-post-thumbnail","6":"brand-altyn-yunus-tr","7":"product_cat-aycekirdegi","8":"product_tag-front-product-tr","10":"first","11":"instock","12":"shipping-taxable","13":"purchasable","14":"product-type-simple"},"acf":[],"_links":{"self":[{"href":"https:\/\/turkmenexporter.com\/tr\/wp-json\/wp\/v2\/product\/3327","targetHints":{"allow":["GET"]}}],"collection":[{"href":"https:\/\/turkmenexporter.com\/tr\/wp-json\/wp\/v2\/product"}],"about":[{"href":"https:\/\/turkmenexporter.com\/tr\/wp-json\/wp\/v2\/types\/product"}],"replies":[{"embeddable":true,"href":"https:\/\/turkmenexporter.com\/tr\/wp-json\/wp\/v2\/comments?post=3327"}],"version-history":[{"count":2,"href":"https:\/\/turkmenexporter.com\/tr\/wp-json\/wp\/v2\/product\/3327\/revisions"}],"predecessor-version":[{"id":3354,"href":"https:\/\/turkmenexporter.com\/tr\/wp-json\/wp\/v2\/product\/3327\/revisions\/3354"}],"wp:featuredmedia":[{"embeddable":true,"href":"https:\/\/turkmenexporter.com\/tr\/wp-json\/wp\/v2\/media\/3333"}],"wp:attachment":[{"href":"https:\/\/turkmenexporter.com\/tr\/wp-json\/wp\/v2\/media?parent=3327"}],"wp:term":[{"taxonomy":"brand","embeddable":true,"href":"https:\/\/turkmenexporter.com\/tr\/wp-json\/wp\/v2\/brand?post=3327"},{"taxonomy":"product_cat","embeddable":true,"href":"https:\/\/turkmenexporter.com\/tr\/wp-json\/wp\/v2\/product_cat?post=3327"},{"taxonomy":"product_tag","embeddable":true,"href":"https:\/\/turkmenexporter.com\/tr\/wp-json\/wp\/v2\/product_tag?post=3327"}],"curies":[{"name":"wp","href":"https:\/\/api.w.org\/{rel}","templated":true}]}}