{"id":3373,"date":"2024-02-07T22:37:20","date_gmt":"2024-02-07T17:37:20","guid":{"rendered":"https:\/\/turkmenexporter.com\/product\/kavrulmus-tuzlu-siyah-ay-cekirdegi\/"},"modified":"2024-09-17T19:29:26","modified_gmt":"2024-09-17T14:29:26","slug":"kavrulmus-tuzlu-siyah-ay-cekirdegi","status":"publish","type":"product","link":"https:\/\/turkmenexporter.com\/tr\/urun\/kavrulmus-tuzlu-siyah-ay-cekirdegi\/","title":{"rendered":"Kavrulmu\u015f tuzlu siyah ay \u00e7ekirde\u011fi"},"content":{"rendered":"<p>Kavrulmu\u015f tuzlu siyah ay \u00e7ekirde\u011fi. \u0130\u00e7indekiler: ay\u00e7ekirde\u011fi, yemeklik tuz. Saklama ko\u015fullar\u0131: +20\u00baC&#8217;de ve en fazla %70 ba\u011f\u0131l nemde saklay\u0131n. \u00dcretim tarihi ve son kullanma tarihi ambalaj \u00fczerinde belirtilmi\u015ftir. Serin ve kuru yerde muhafaza ediniz. Sertifikal\u0131 \u00fcr\u00fcn.<\/p>\n<p>Kutu hacmi: 0,019 M3<br \/>\nKutu br\u00fct a\u011f\u0131rl\u0131\u011f\u0131: 1,7 kg<\/p>\n","protected":false},"excerpt":{"rendered":"<p>Kavrulmu\u015f ve tuzlanm\u0131\u015f siyah ay\u00e7ekirde\u011fi paketleri 30 g. Bir kutuda 40 paket.<\/p>\n","protected":false},"featured_media":3363,"comment_status":"open","ping_status":"closed","template":"","meta":{"_acf_changed":false},"brand":[268],"product_cat":[256],"product_tag":[],"class_list":{"0":"post-3373","1":"product","2":"type-product","3":"status-publish","4":"has-post-thumbnail","6":"brand-altyn-yunus-tr","7":"product_cat-aycekirdegi","9":"first","10":"instock","11":"shipping-taxable","12":"purchasable","13":"product-type-simple"},"acf":[],"_links":{"self":[{"href":"https:\/\/turkmenexporter.com\/tr\/wp-json\/wp\/v2\/product\/3373","targetHints":{"allow":["GET"]}}],"collection":[{"href":"https:\/\/turkmenexporter.com\/tr\/wp-json\/wp\/v2\/product"}],"about":[{"href":"https:\/\/turkmenexporter.com\/tr\/wp-json\/wp\/v2\/types\/product"}],"replies":[{"embeddable":true,"href":"https:\/\/turkmenexporter.com\/tr\/wp-json\/wp\/v2\/comments?post=3373"}],"version-history":[{"count":1,"href":"https:\/\/turkmenexporter.com\/tr\/wp-json\/wp\/v2\/product\/3373\/revisions"}],"predecessor-version":[{"id":3470,"href":"https:\/\/turkmenexporter.com\/tr\/wp-json\/wp\/v2\/product\/3373\/revisions\/3470"}],"wp:featuredmedia":[{"embeddable":true,"href":"https:\/\/turkmenexporter.com\/tr\/wp-json\/wp\/v2\/media\/3363"}],"wp:attachment":[{"href":"https:\/\/turkmenexporter.com\/tr\/wp-json\/wp\/v2\/media?parent=3373"}],"wp:term":[{"taxonomy":"brand","embeddable":true,"href":"https:\/\/turkmenexporter.com\/tr\/wp-json\/wp\/v2\/brand?post=3373"},{"taxonomy":"product_cat","embeddable":true,"href":"https:\/\/turkmenexporter.com\/tr\/wp-json\/wp\/v2\/product_cat?post=3373"},{"taxonomy":"product_tag","embeddable":true,"href":"https:\/\/turkmenexporter.com\/tr\/wp-json\/wp\/v2\/product_tag?post=3373"}],"curies":[{"name":"wp","href":"https:\/\/api.w.org\/{rel}","templated":true}]}}