{"id":3379,"date":"2024-02-08T00:23:18","date_gmt":"2024-02-07T19:23:18","guid":{"rendered":"https:\/\/turkmenexporter.com\/?post_type=product&#038;p=3379"},"modified":"2024-09-17T19:29:25","modified_gmt":"2024-09-17T14:29:25","slug":"kavrulmus-siyah-ay-cekirdegi","status":"publish","type":"product","link":"https:\/\/turkmenexporter.com\/tr\/urun\/kavrulmus-siyah-ay-cekirdegi\/","title":{"rendered":"Kavrulmu\u015f siyah ay \u00e7ekirde\u011fi"},"content":{"rendered":"<p>Kavrulmu\u015f siyah ay \u00e7ekirde\u011fi. \u0130\u00e7indekiler: ay\u00e7ekirde\u011fi, yemeklik tuz. Saklama ko\u015fullar\u0131: +20\u00baC&#8217;de ve en fazla %70 ba\u011f\u0131l nemde saklay\u0131n. \u00dcretim tarihi ve son kullanma tarihi ambalaj \u00fczerinde belirtilmi\u015ftir. Serin ve kuru yerde muhafaza ediniz. Sertifikal\u0131 \u00fcr\u00fcn.<\/p>\n<p>Kutu hacmi: 0,019 M3<br \/>\nKutu br\u00fct a\u011f\u0131rl\u0131\u011f\u0131: 1,7 kg<\/p>\n","protected":false},"excerpt":{"rendered":"<p>Siyah ay\u00e7ekirde\u011fi paketleri 30 g. Bir kutuda 40 paket.<\/p>\n","protected":false},"featured_media":3385,"comment_status":"open","ping_status":"closed","template":"","meta":{"_acf_changed":false},"brand":[268],"product_cat":[256],"product_tag":[852],"class_list":{"0":"post-3379","1":"product","2":"type-product","3":"status-publish","4":"has-post-thumbnail","6":"brand-altyn-yunus-tr","7":"product_cat-aycekirdegi","8":"product_tag-front-product-tr","10":"first","11":"instock","12":"shipping-taxable","13":"purchasable","14":"product-type-simple"},"acf":[],"_links":{"self":[{"href":"https:\/\/turkmenexporter.com\/tr\/wp-json\/wp\/v2\/product\/3379","targetHints":{"allow":["GET"]}}],"collection":[{"href":"https:\/\/turkmenexporter.com\/tr\/wp-json\/wp\/v2\/product"}],"about":[{"href":"https:\/\/turkmenexporter.com\/tr\/wp-json\/wp\/v2\/types\/product"}],"replies":[{"embeddable":true,"href":"https:\/\/turkmenexporter.com\/tr\/wp-json\/wp\/v2\/comments?post=3379"}],"version-history":[{"count":2,"href":"https:\/\/turkmenexporter.com\/tr\/wp-json\/wp\/v2\/product\/3379\/revisions"}],"predecessor-version":[{"id":3396,"href":"https:\/\/turkmenexporter.com\/tr\/wp-json\/wp\/v2\/product\/3379\/revisions\/3396"}],"wp:featuredmedia":[{"embeddable":true,"href":"https:\/\/turkmenexporter.com\/tr\/wp-json\/wp\/v2\/media\/3385"}],"wp:attachment":[{"href":"https:\/\/turkmenexporter.com\/tr\/wp-json\/wp\/v2\/media?parent=3379"}],"wp:term":[{"taxonomy":"brand","embeddable":true,"href":"https:\/\/turkmenexporter.com\/tr\/wp-json\/wp\/v2\/brand?post=3379"},{"taxonomy":"product_cat","embeddable":true,"href":"https:\/\/turkmenexporter.com\/tr\/wp-json\/wp\/v2\/product_cat?post=3379"},{"taxonomy":"product_tag","embeddable":true,"href":"https:\/\/turkmenexporter.com\/tr\/wp-json\/wp\/v2\/product_tag?post=3379"}],"curies":[{"name":"wp","href":"https:\/\/api.w.org\/{rel}","templated":true}]}}