{"id":3476,"date":"2024-02-08T06:38:44","date_gmt":"2024-02-08T01:38:44","guid":{"rendered":"https:\/\/turkmenexporter.com\/?post_type=product&#038;p=3476"},"modified":"2024-09-17T19:29:24","modified_gmt":"2024-09-17T14:29:24","slug":"kavrulmus-kabak-cekirdegi","status":"publish","type":"product","link":"https:\/\/turkmenexporter.com\/tr\/urun\/kavrulmus-kabak-cekirdegi\/","title":{"rendered":"Kavrulmu\u015f kabak \u00e7ekirde\u011fi"},"content":{"rendered":"<p>Kavrulmu\u015f tuzsuz kabak \u00e7ekirde\u011fi. \u0130\u00e7indekiler: kabak \u00e7ekirde\u011fi. Her 100 g \u00fcr\u00fcn i\u00e7in besin de\u011feri: protein 29,0 g, ya\u011f 13,1 g, karbonhidrat 46,7 g., enerji de\u011feri 589 kcal. Saklama ko\u015fullar\u0131: +20\u00baC \u00b15\u00baC&#8217;de ve %70&#8217;ten fazla olmayan ba\u011f\u0131l nemde saklay\u0131n. \u00dcretim tarihi ve son kullanma tarihi ambalaj \u00fczerinde belirtilmi\u015ftir. Serin ve kuru yerde muhafaza ediniz. Sertifikal\u0131 \u00fcr\u00fcn.<\/p>\n<ul>\n<li>Kutu hacmi: 0,019 M3<\/li>\n<li>Kutu br\u00fct a\u011f\u0131rl\u0131\u011f\u0131: 1,7 kg<\/li>\n<li>Raf \u00f6mr\u00fc: 10 ay<\/li>\n<\/ul>\n","protected":false},"excerpt":{"rendered":"<p>Paket i\u00e7inde kavrulmu\u015f kabak \u00e7ekirde\u011fi 30 g<br \/>\nBir kutuda 40 paket<\/p>\n","protected":false},"featured_media":3482,"comment_status":"open","ping_status":"closed","template":"","meta":{"_acf_changed":false},"brand":[268],"product_cat":[286],"product_tag":[],"class_list":{"0":"post-3476","1":"product","2":"type-product","3":"status-publish","4":"has-post-thumbnail","6":"brand-altyn-yunus-tr","7":"product_cat-kabak-cekirdegi","9":"first","10":"instock","11":"shipping-taxable","12":"purchasable","13":"product-type-simple"},"acf":[],"_links":{"self":[{"href":"https:\/\/turkmenexporter.com\/tr\/wp-json\/wp\/v2\/product\/3476","targetHints":{"allow":["GET"]}}],"collection":[{"href":"https:\/\/turkmenexporter.com\/tr\/wp-json\/wp\/v2\/product"}],"about":[{"href":"https:\/\/turkmenexporter.com\/tr\/wp-json\/wp\/v2\/types\/product"}],"replies":[{"embeddable":true,"href":"https:\/\/turkmenexporter.com\/tr\/wp-json\/wp\/v2\/comments?post=3476"}],"version-history":[{"count":2,"href":"https:\/\/turkmenexporter.com\/tr\/wp-json\/wp\/v2\/product\/3476\/revisions"}],"predecessor-version":[{"id":3493,"href":"https:\/\/turkmenexporter.com\/tr\/wp-json\/wp\/v2\/product\/3476\/revisions\/3493"}],"wp:featuredmedia":[{"embeddable":true,"href":"https:\/\/turkmenexporter.com\/tr\/wp-json\/wp\/v2\/media\/3482"}],"wp:attachment":[{"href":"https:\/\/turkmenexporter.com\/tr\/wp-json\/wp\/v2\/media?parent=3476"}],"wp:term":[{"taxonomy":"brand","embeddable":true,"href":"https:\/\/turkmenexporter.com\/tr\/wp-json\/wp\/v2\/brand?post=3476"},{"taxonomy":"product_cat","embeddable":true,"href":"https:\/\/turkmenexporter.com\/tr\/wp-json\/wp\/v2\/product_cat?post=3476"},{"taxonomy":"product_tag","embeddable":true,"href":"https:\/\/turkmenexporter.com\/tr\/wp-json\/wp\/v2\/product_tag?post=3476"}],"curies":[{"name":"wp","href":"https:\/\/api.w.org\/{rel}","templated":true}]}}