{"id":3523,"date":"2024-02-08T07:30:06","date_gmt":"2024-02-08T02:30:06","guid":{"rendered":"https:\/\/turkmenexporter.com\/?post_type=product&#038;p=3523"},"modified":"2024-09-17T19:29:23","modified_gmt":"2024-09-17T14:29:23","slug":"kavrulmus-tuzlu-misir-tohumlari","status":"publish","type":"product","link":"https:\/\/turkmenexporter.com\/tr\/urun\/kavrulmus-tuzlu-misir-tohumlari\/","title":{"rendered":"Kavrulmu\u015f tuzlu m\u0131s\u0131r tohumlar\u0131"},"content":{"rendered":"<p>Tuzlu m\u0131s\u0131r. \u0130\u00e7indekiler: m\u0131s\u0131r, ay\u00e7i\u00e7ek ya\u011f\u0131, yemek tuzu. Her 100 g \u00fcr\u00fcn i\u00e7in besin de\u011feri: protein 7,2 g, ya\u011f 13,8 g, karbonhidrat 67,0 g., enerji de\u011feri 421 kcal. Saklama ko\u015fullar\u0131: +20\u00baC +3\u00baC&#8217;de ve %70&#8217;ten fazla olmayan ba\u011f\u0131l nemde saklay\u0131n. \u00dcretim tarihi ve son kullanma tarihi ambalaj \u00fczerinde belirtilmi\u015ftir. Serin ve kuru yerde muhafaza ediniz. Sertifikal\u0131 \u00fcr\u00fcnd\u00fcr.<\/p>\n<ul>\n<li>Kutu hacmi: 0,019 M3<\/li>\n<li>Kutu br\u00fct a\u011f\u0131rl\u0131\u011f\u0131: 1,3 kg<\/li>\n<li>Raf \u00f6mr\u00fc: 10 ay<\/li>\n<\/ul>\n","protected":false},"excerpt":{"rendered":"<p>Kavrulmu\u015f tuzlu m\u0131s\u0131r tohumlar\u0131 20 g&#8217;l\u0131k paketlerde<br \/>\nBir kutuda 40 paket<\/p>\n","protected":false},"featured_media":3571,"comment_status":"open","ping_status":"closed","template":"","meta":{"_acf_changed":false},"brand":[268],"product_cat":[327],"product_tag":[852],"class_list":{"0":"post-3523","1":"product","2":"type-product","3":"status-publish","4":"has-post-thumbnail","6":"brand-altyn-yunus-tr","7":"product_cat-misir","8":"product_tag-front-product-tr","10":"first","11":"instock","12":"shipping-taxable","13":"purchasable","14":"product-type-simple"},"acf":[],"_links":{"self":[{"href":"https:\/\/turkmenexporter.com\/tr\/wp-json\/wp\/v2\/product\/3523","targetHints":{"allow":["GET"]}}],"collection":[{"href":"https:\/\/turkmenexporter.com\/tr\/wp-json\/wp\/v2\/product"}],"about":[{"href":"https:\/\/turkmenexporter.com\/tr\/wp-json\/wp\/v2\/types\/product"}],"replies":[{"embeddable":true,"href":"https:\/\/turkmenexporter.com\/tr\/wp-json\/wp\/v2\/comments?post=3523"}],"version-history":[{"count":2,"href":"https:\/\/turkmenexporter.com\/tr\/wp-json\/wp\/v2\/product\/3523\/revisions"}],"predecessor-version":[{"id":3576,"href":"https:\/\/turkmenexporter.com\/tr\/wp-json\/wp\/v2\/product\/3523\/revisions\/3576"}],"wp:featuredmedia":[{"embeddable":true,"href":"https:\/\/turkmenexporter.com\/tr\/wp-json\/wp\/v2\/media\/3571"}],"wp:attachment":[{"href":"https:\/\/turkmenexporter.com\/tr\/wp-json\/wp\/v2\/media?parent=3523"}],"wp:term":[{"taxonomy":"brand","embeddable":true,"href":"https:\/\/turkmenexporter.com\/tr\/wp-json\/wp\/v2\/brand?post=3523"},{"taxonomy":"product_cat","embeddable":true,"href":"https:\/\/turkmenexporter.com\/tr\/wp-json\/wp\/v2\/product_cat?post=3523"},{"taxonomy":"product_tag","embeddable":true,"href":"https:\/\/turkmenexporter.com\/tr\/wp-json\/wp\/v2\/product_tag?post=3523"}],"curies":[{"name":"wp","href":"https:\/\/api.w.org\/{rel}","templated":true}]}}