{"id":3582,"date":"2024-02-08T07:59:07","date_gmt":"2024-02-08T02:59:07","guid":{"rendered":"https:\/\/turkmenexporter.com\/?post_type=product&#038;p=3582"},"modified":"2024-09-17T19:29:22","modified_gmt":"2024-09-17T14:29:22","slug":"kavrulmus-tuzlu-yer-fistigi","status":"publish","type":"product","link":"https:\/\/turkmenexporter.com\/tr\/urun\/kavrulmus-tuzlu-yer-fistigi\/","title":{"rendered":"Kavrulmu\u015f tuzlu yer f\u0131st\u0131\u011f\u0131"},"content":{"rendered":"<p>Kavrulmu\u015f ve tuzlanm\u0131\u015f yer f\u0131st\u0131\u011f\u0131. \u0130\u00e7indekiler: yer f\u0131st\u0131\u011f\u0131, tuz. Her 100 g \u00fcr\u00fcn i\u00e7in besin de\u011feri: protein 26 g, ya\u011f 48,1 g, karbonhidrat 8,6 g., enerji de\u011feri 571,3 kcal. Saklama ko\u015fullar\u0131: +20\u00baC&#8217;de ve %70&#8217;i ge\u00e7meyen ba\u011f\u0131l nemde saklay\u0131n. \u00dcretim tarihi ve son kullanma tarihi ambalaj \u00fczerinde belirtilmi\u015ftir. Serin ve kuru yerde muhafaza ediniz. Sertifikal\u0131 \u00fcr\u00fcn.<\/p>\n<ul>\n<li>Kutu hacmi: 0,019 M3<\/li>\n<li>Kutu br\u00fct a\u011f\u0131rl\u0131\u011f\u0131: 1,7 kg<\/li>\n<li>Raf \u00f6mr\u00fc: 10 ay<\/li>\n<\/ul>\n","protected":false},"excerpt":{"rendered":"<p>Kavrulmu\u015f tuzlu yer f\u0131st\u0131\u011f\u0131 paketleri 30 g<br \/>\nBir kutuda 40 paket<\/p>\n","protected":false},"featured_media":3588,"comment_status":"open","ping_status":"closed","template":"","meta":{"_acf_changed":false},"brand":[268],"product_cat":[328],"product_tag":[852],"class_list":{"0":"post-3582","1":"product","2":"type-product","3":"status-publish","4":"has-post-thumbnail","6":"brand-altyn-yunus-tr","7":"product_cat-yer-fistigi","8":"product_tag-front-product-tr","10":"first","11":"instock","12":"shipping-taxable","13":"purchasable","14":"product-type-simple"},"acf":[],"_links":{"self":[{"href":"https:\/\/turkmenexporter.com\/tr\/wp-json\/wp\/v2\/product\/3582","targetHints":{"allow":["GET"]}}],"collection":[{"href":"https:\/\/turkmenexporter.com\/tr\/wp-json\/wp\/v2\/product"}],"about":[{"href":"https:\/\/turkmenexporter.com\/tr\/wp-json\/wp\/v2\/types\/product"}],"replies":[{"embeddable":true,"href":"https:\/\/turkmenexporter.com\/tr\/wp-json\/wp\/v2\/comments?post=3582"}],"version-history":[{"count":2,"href":"https:\/\/turkmenexporter.com\/tr\/wp-json\/wp\/v2\/product\/3582\/revisions"}],"predecessor-version":[{"id":3599,"href":"https:\/\/turkmenexporter.com\/tr\/wp-json\/wp\/v2\/product\/3582\/revisions\/3599"}],"wp:featuredmedia":[{"embeddable":true,"href":"https:\/\/turkmenexporter.com\/tr\/wp-json\/wp\/v2\/media\/3588"}],"wp:attachment":[{"href":"https:\/\/turkmenexporter.com\/tr\/wp-json\/wp\/v2\/media?parent=3582"}],"wp:term":[{"taxonomy":"brand","embeddable":true,"href":"https:\/\/turkmenexporter.com\/tr\/wp-json\/wp\/v2\/brand?post=3582"},{"taxonomy":"product_cat","embeddable":true,"href":"https:\/\/turkmenexporter.com\/tr\/wp-json\/wp\/v2\/product_cat?post=3582"},{"taxonomy":"product_tag","embeddable":true,"href":"https:\/\/turkmenexporter.com\/tr\/wp-json\/wp\/v2\/product_tag?post=3582"}],"curies":[{"name":"wp","href":"https:\/\/api.w.org\/{rel}","templated":true}]}}