{"id":3634,"date":"2024-02-08T08:41:05","date_gmt":"2024-02-08T03:41:05","guid":{"rendered":"https:\/\/turkmenexporter.com\/?post_type=product&#038;p=3634"},"modified":"2024-09-17T19:29:21","modified_gmt":"2024-09-17T14:29:21","slug":"kavrulmus-ve-tuzlanmis-antep-fistigi","status":"publish","type":"product","link":"https:\/\/turkmenexporter.com\/tr\/urun\/kavrulmus-ve-tuzlanmis-antep-fistigi\/","title":{"rendered":"Kavrulmu\u015f ve tuzlanm\u0131\u015f antep f\u0131st\u0131\u011f\u0131"},"content":{"rendered":"<p>Kavrulmu\u015f, tuzlanm\u0131\u015f antep f\u0131st\u0131\u011f\u0131. \u0130\u00e7indekiler: Antep f\u0131st\u0131\u011f\u0131, tuz. Saklama ko\u015fullar\u0131: 20\u00baC s\u0131cakl\u0131kta ve havan\u0131n ba\u011f\u0131l nemi %70&#8217;i ge\u00e7meyecek \u015fekilde saklay\u0131n. \u00dcretim tarihi ve son kullanma tarihi ambalaj \u00fczerinde belirtilmi\u015ftir. Serin ve kuru bir yerde saklay\u0131n. Her 100 g \u00fcr\u00fcn i\u00e7in besin de\u011feri: proteinler &#8211; 20 g, ya\u011flar &#8211; 50 g, karbonhidratlar &#8211; 7 g. Enerji de\u011feri &#8211; 558 kcal. GDO i\u00e7ermez. \u00dcr\u00fcn sertifikal\u0131d\u0131r.<\/p>\n<ul>\n<li>Kutu hacmi: 0,019 M3<\/li>\n<li>Kutu br\u00fct a\u011f\u0131rl\u0131\u011f\u0131: 1,7 kg<\/li>\n<li>Raf \u00f6mr\u00fc: 10 ay<\/li>\n<\/ul>\n","protected":false},"excerpt":{"rendered":"<p>Kavrulmu\u015f tuzlu antep f\u0131st\u0131\u011f\u0131 paketleri 35 g<br \/>\nBir kutuda 40 paket<\/p>\n","protected":false},"featured_media":3640,"comment_status":"open","ping_status":"closed","template":"","meta":{"_acf_changed":false},"brand":[268],"product_cat":[329],"product_tag":[],"class_list":{"0":"post-3634","1":"product","2":"type-product","3":"status-publish","4":"has-post-thumbnail","6":"brand-altyn-yunus-tr","7":"product_cat-antep-fistigi","9":"first","10":"instock","11":"shipping-taxable","12":"purchasable","13":"product-type-simple"},"acf":[],"_links":{"self":[{"href":"https:\/\/turkmenexporter.com\/tr\/wp-json\/wp\/v2\/product\/3634","targetHints":{"allow":["GET"]}}],"collection":[{"href":"https:\/\/turkmenexporter.com\/tr\/wp-json\/wp\/v2\/product"}],"about":[{"href":"https:\/\/turkmenexporter.com\/tr\/wp-json\/wp\/v2\/types\/product"}],"replies":[{"embeddable":true,"href":"https:\/\/turkmenexporter.com\/tr\/wp-json\/wp\/v2\/comments?post=3634"}],"version-history":[{"count":2,"href":"https:\/\/turkmenexporter.com\/tr\/wp-json\/wp\/v2\/product\/3634\/revisions"}],"predecessor-version":[{"id":3651,"href":"https:\/\/turkmenexporter.com\/tr\/wp-json\/wp\/v2\/product\/3634\/revisions\/3651"}],"wp:featuredmedia":[{"embeddable":true,"href":"https:\/\/turkmenexporter.com\/tr\/wp-json\/wp\/v2\/media\/3640"}],"wp:attachment":[{"href":"https:\/\/turkmenexporter.com\/tr\/wp-json\/wp\/v2\/media?parent=3634"}],"wp:term":[{"taxonomy":"brand","embeddable":true,"href":"https:\/\/turkmenexporter.com\/tr\/wp-json\/wp\/v2\/brand?post=3634"},{"taxonomy":"product_cat","embeddable":true,"href":"https:\/\/turkmenexporter.com\/tr\/wp-json\/wp\/v2\/product_cat?post=3634"},{"taxonomy":"product_tag","embeddable":true,"href":"https:\/\/turkmenexporter.com\/tr\/wp-json\/wp\/v2\/product_tag?post=3634"}],"curies":[{"name":"wp","href":"https:\/\/api.w.org\/{rel}","templated":true}]}}