{"id":3657,"date":"2024-02-08T09:59:58","date_gmt":"2024-02-08T04:59:58","guid":{"rendered":"https:\/\/turkmenexporter.com\/?post_type=product&#038;p=3657"},"modified":"2024-09-17T19:29:20","modified_gmt":"2024-09-17T14:29:20","slug":"karpuz-aromali-sakizli-lolipop","status":"publish","type":"product","link":"https:\/\/turkmenexporter.com\/tr\/urun\/karpuz-aromali-sakizli-lolipop\/","title":{"rendered":"Karpuz aromal\u0131 sak\u0131zl\u0131 lolipop"},"content":{"rendered":"<p>&#8220;Melek&#8221; karpuz aromal\u0131 sak\u0131zl\u0131 lolipop. \u0130\u00e7indekiler: \u015eeker, glikoz \u015furubu, do\u011fal &#8220;Karpuz&#8221; aromas\u0131, sitrik asit (E330), do\u011fal g\u0131da boyas\u0131 (E160c), karpuz aromal\u0131 sak\u0131z. Her 100 g \u00fcr\u00fcn i\u00e7in besin de\u011feri: karbonhidrat &#8211; 93,3 g. Enerji de\u011feri &#8211; 392 kcal. \u00dcretim tarihi ve son kullanma tarihi ambalaj \u00fczerinde belirtilmi\u015ftir. Saklama ko\u015fullar\u0131: 18\u00b13\u00baC&#8217;de ve maksimum %75 ba\u011f\u0131l nemde saklay\u0131n. GDO&#8217;suz. Serin ve kuru bir yerde saklay\u0131n. Sertifikal\u0131 \u00fcr\u00fcn.<\/p>\n<ul>\n<li>Kutu hacmi: 0,044 M3<\/li>\n<li>Kutu br\u00fct a\u011f\u0131rl\u0131\u011f\u0131: 15,5 kg<\/li>\n<li>Raf \u00f6mr\u00fc: 18 ay<\/li>\n<\/ul>\n","protected":false},"excerpt":{"rendered":"<p>Karpuz aromal\u0131 sak\u0131zl\u0131 lolipop 12 g. Bir blokta 100 adet.<br \/>\nBir kutuda 12 blok. Belirtilen fiyat 1 blok i\u00e7indir.<\/p>\n","protected":false},"featured_media":3663,"comment_status":"open","ping_status":"closed","template":"","meta":{"_acf_changed":false},"brand":[268],"product_cat":[323],"product_tag":[],"class_list":{"0":"post-3657","1":"product","2":"type-product","3":"status-publish","4":"has-post-thumbnail","6":"brand-altyn-yunus-tr","7":"product_cat-sekerler","9":"first","10":"instock","11":"shipping-taxable","12":"purchasable","13":"product-type-simple"},"acf":[],"_links":{"self":[{"href":"https:\/\/turkmenexporter.com\/tr\/wp-json\/wp\/v2\/product\/3657","targetHints":{"allow":["GET"]}}],"collection":[{"href":"https:\/\/turkmenexporter.com\/tr\/wp-json\/wp\/v2\/product"}],"about":[{"href":"https:\/\/turkmenexporter.com\/tr\/wp-json\/wp\/v2\/types\/product"}],"replies":[{"embeddable":true,"href":"https:\/\/turkmenexporter.com\/tr\/wp-json\/wp\/v2\/comments?post=3657"}],"version-history":[{"count":2,"href":"https:\/\/turkmenexporter.com\/tr\/wp-json\/wp\/v2\/product\/3657\/revisions"}],"predecessor-version":[{"id":3674,"href":"https:\/\/turkmenexporter.com\/tr\/wp-json\/wp\/v2\/product\/3657\/revisions\/3674"}],"wp:featuredmedia":[{"embeddable":true,"href":"https:\/\/turkmenexporter.com\/tr\/wp-json\/wp\/v2\/media\/3663"}],"wp:attachment":[{"href":"https:\/\/turkmenexporter.com\/tr\/wp-json\/wp\/v2\/media?parent=3657"}],"wp:term":[{"taxonomy":"brand","embeddable":true,"href":"https:\/\/turkmenexporter.com\/tr\/wp-json\/wp\/v2\/brand?post=3657"},{"taxonomy":"product_cat","embeddable":true,"href":"https:\/\/turkmenexporter.com\/tr\/wp-json\/wp\/v2\/product_cat?post=3657"},{"taxonomy":"product_tag","embeddable":true,"href":"https:\/\/turkmenexporter.com\/tr\/wp-json\/wp\/v2\/product_tag?post=3657"}],"curies":[{"name":"wp","href":"https:\/\/api.w.org\/{rel}","templated":true}]}}