{"id":5622,"date":"2024-03-04T13:24:54","date_gmt":"2024-03-04T08:24:54","guid":{"rendered":"https:\/\/turkmenexporter.com\/product\/huzelnuts-ile-todino-cikolata-bar\/"},"modified":"2024-09-17T19:29:14","modified_gmt":"2024-09-17T14:29:14","slug":"huzelnuts-ile-todino-cikolata-bar","status":"publish","type":"product","link":"https:\/\/turkmenexporter.com\/tr\/urun\/huzelnuts-ile-todino-cikolata-bar\/","title":{"rendered":"Huzelnuts ile TODINO \u00e7ikolata bar"},"content":{"rendered":"<ul>\n<li>Kutu hacmi: 0,018 M3<\/li>\n<li>Kutu br\u00fct a\u011f\u0131rl\u0131\u011f\u0131: 7,8 kg<\/li>\n<li>Raf \u00f6mr\u00fc: 18 ay.<\/li>\n<\/ul>\n","protected":false},"excerpt":{"rendered":"<p>TODINO huzelnutlu \u00e7ikolata 30 gr. Bel\u00e7ika Teknolojileri ile \u00fcretilmi\u015ftir.<\/p>\n<p>Bir blokta 20 adet. Bir kutuda 12 blok.<\/p>\n","protected":false},"featured_media":4162,"comment_status":"open","ping_status":"closed","template":"","meta":{"_acf_changed":false},"brand":[268],"product_cat":[325],"product_tag":[],"class_list":{"0":"post-5622","1":"product","2":"type-product","3":"status-publish","4":"has-post-thumbnail","6":"brand-altyn-yunus-tr","7":"product_cat-cikolata","9":"first","10":"instock","11":"shipping-taxable","12":"purchasable","13":"product-type-variable","14":"has-default-attributes"},"acf":[],"_links":{"self":[{"href":"https:\/\/turkmenexporter.com\/tr\/wp-json\/wp\/v2\/product\/5622","targetHints":{"allow":["GET"]}}],"collection":[{"href":"https:\/\/turkmenexporter.com\/tr\/wp-json\/wp\/v2\/product"}],"about":[{"href":"https:\/\/turkmenexporter.com\/tr\/wp-json\/wp\/v2\/types\/product"}],"replies":[{"embeddable":true,"href":"https:\/\/turkmenexporter.com\/tr\/wp-json\/wp\/v2\/comments?post=5622"}],"version-history":[{"count":1,"href":"https:\/\/turkmenexporter.com\/tr\/wp-json\/wp\/v2\/product\/5622\/revisions"}],"predecessor-version":[{"id":10546,"href":"https:\/\/turkmenexporter.com\/tr\/wp-json\/wp\/v2\/product\/5622\/revisions\/10546"}],"wp:featuredmedia":[{"embeddable":true,"href":"https:\/\/turkmenexporter.com\/tr\/wp-json\/wp\/v2\/media\/4162"}],"wp:attachment":[{"href":"https:\/\/turkmenexporter.com\/tr\/wp-json\/wp\/v2\/media?parent=5622"}],"wp:term":[{"taxonomy":"brand","embeddable":true,"href":"https:\/\/turkmenexporter.com\/tr\/wp-json\/wp\/v2\/brand?post=5622"},{"taxonomy":"product_cat","embeddable":true,"href":"https:\/\/turkmenexporter.com\/tr\/wp-json\/wp\/v2\/product_cat?post=5622"},{"taxonomy":"product_tag","embeddable":true,"href":"https:\/\/turkmenexporter.com\/tr\/wp-json\/wp\/v2\/product_tag?post=5622"}],"curies":[{"name":"wp","href":"https:\/\/api.w.org\/{rel}","templated":true}]}}