{"id":5625,"date":"2024-03-04T13:24:54","date_gmt":"2024-03-04T08:24:54","guid":{"rendered":"https:\/\/turkmenexporter.com\/product\/glory-cikolata\/"},"modified":"2024-09-17T19:29:13","modified_gmt":"2024-09-17T14:29:13","slug":"glory-cikolata","status":"publish","type":"product","link":"https:\/\/turkmenexporter.com\/tr\/urun\/glory-cikolata\/","title":{"rendered":"GLORY \u00e7ikolata"},"content":{"rendered":"<ul>\n<li>Kutu hacmi: 0,019 M3<\/li>\n<li>Kutu br\u00fct a\u011f\u0131rl\u0131\u011f\u0131: 10,85 kg<\/li>\n<li>Raf \u00f6mr\u00fc: 18 ay.<\/li>\n<\/ul>\n","protected":false},"excerpt":{"rendered":"<p>Bel\u00e7ika Teknolojileri ile GLORY \u00e7ikolata barlar\u0131 \u00fcretilmi\u015ftir 75gr.<\/p>\n<p>Bir blokta 24 adet. Bir kutuda 6 blok.<\/p>\n","protected":false},"featured_media":4113,"comment_status":"open","ping_status":"closed","template":"","meta":{"_acf_changed":false},"brand":[268],"product_cat":[325],"product_tag":[852],"class_list":{"0":"post-5625","1":"product","2":"type-product","3":"status-publish","4":"has-post-thumbnail","6":"brand-altyn-yunus-tr","7":"product_cat-cikolata","8":"product_tag-front-product-tr","10":"first","11":"instock","12":"shipping-taxable","13":"purchasable","14":"product-type-variable","15":"has-default-attributes"},"acf":[],"_links":{"self":[{"href":"https:\/\/turkmenexporter.com\/tr\/wp-json\/wp\/v2\/product\/5625","targetHints":{"allow":["GET"]}}],"collection":[{"href":"https:\/\/turkmenexporter.com\/tr\/wp-json\/wp\/v2\/product"}],"about":[{"href":"https:\/\/turkmenexporter.com\/tr\/wp-json\/wp\/v2\/types\/product"}],"replies":[{"embeddable":true,"href":"https:\/\/turkmenexporter.com\/tr\/wp-json\/wp\/v2\/comments?post=5625"}],"version-history":[{"count":1,"href":"https:\/\/turkmenexporter.com\/tr\/wp-json\/wp\/v2\/product\/5625\/revisions"}],"predecessor-version":[{"id":10545,"href":"https:\/\/turkmenexporter.com\/tr\/wp-json\/wp\/v2\/product\/5625\/revisions\/10545"}],"wp:featuredmedia":[{"embeddable":true,"href":"https:\/\/turkmenexporter.com\/tr\/wp-json\/wp\/v2\/media\/4113"}],"wp:attachment":[{"href":"https:\/\/turkmenexporter.com\/tr\/wp-json\/wp\/v2\/media?parent=5625"}],"wp:term":[{"taxonomy":"brand","embeddable":true,"href":"https:\/\/turkmenexporter.com\/tr\/wp-json\/wp\/v2\/brand?post=5625"},{"taxonomy":"product_cat","embeddable":true,"href":"https:\/\/turkmenexporter.com\/tr\/wp-json\/wp\/v2\/product_cat?post=5625"},{"taxonomy":"product_tag","embeddable":true,"href":"https:\/\/turkmenexporter.com\/tr\/wp-json\/wp\/v2\/product_tag?post=5625"}],"curies":[{"name":"wp","href":"https:\/\/api.w.org\/{rel}","templated":true}]}}