{"id":5638,"date":"2024-03-04T13:24:54","date_gmt":"2024-03-04T08:24:54","guid":{"rendered":"https:\/\/turkmenexporter.com\/product\/tower-nugali-sutlu-cikolatali-karamel-bar\/"},"modified":"2024-09-17T19:29:13","modified_gmt":"2024-09-17T14:29:13","slug":"tower-nugali-sutlu-cikolatali-karamel-bar","status":"publish","type":"product","link":"https:\/\/turkmenexporter.com\/tr\/urun\/tower-nugali-sutlu-cikolatali-karamel-bar\/","title":{"rendered":"TOWER nugal\u0131 s\u00fctl\u00fc \u00e7ikolatal\u0131 karamel bar"},"content":{"rendered":"<p>&#8220;Tower&#8221; s\u00fctl\u00fc \u00e7ikolata kapl\u0131 nugal\u0131 karamel bar. \u0130\u00e7indekiler: \u015eeker, glikoz \u015furubu, tam ya\u011fl\u0131 s\u00fct tozu, ya\u011fs\u0131z s\u00fct tozu, rafine edilmi\u015f deodorize bitkisel ya\u011f (ay\u00e7i\u00e7ek ya\u011f\u0131, palm ya\u011f\u0131), kuru yumurta tozu, lesitin (E322), kakao tozu, \u00e7ikolata lik\u00f6r\u00fc, kakao ya\u011f\u0131, sodyum karbonat (E500), do\u011fal aroma &#8220;\u00c7ikolata&#8221;, do\u011fal aroma &#8220;Karamel&#8221;, sorbitol. Her 100 g \u00fcr\u00fcn i\u00e7in besin de\u011feri: proteinler &#8211; 3,8 g, ya\u011flar &#8211; 16,0 g, karbonhidratlar &#8211; 72,0 g. Enerji de\u011feri &#8211; 445 kcal. \u00dcretim tarihi ve son kullanma tarihi ambalaj \u00fczerinde belirtilmi\u015ftir. Saklama ko\u015fullar\u0131: +5\u00baC ile +22\u00baC aras\u0131ndaki bir s\u0131cakl\u0131kta ve %70&#8217;ten fazla olmayan ba\u011f\u0131l hava neminde saklay\u0131n. \u00dcr\u00fcnlerimiz domuz ya\u011f\u0131 i\u00e7ermez. \u00dcr\u00fcn sertifikal\u0131d\u0131r. GDO i\u00e7ermez.<\/p>\n<p>Kutu hacmi: 0,027 M3<\/p>\n<p>Kutu br\u00fct a\u011f\u0131rl\u0131\u011f\u0131: 13,5 kg<\/p>\n<p>Raf \u00f6mr\u00fc: 18 ay<\/p>\n","protected":false},"excerpt":{"rendered":"<p>TOWER nugal\u0131 s\u00fctl\u00fc \u00e7ikolata karamel bar 45 gr<\/p>\n<p>Bir blokta 48 adet. Bir kutuda 6 blok.<\/p>\n","protected":false},"featured_media":4180,"comment_status":"open","ping_status":"closed","template":"","meta":{"_acf_changed":false},"brand":[268],"product_cat":[325],"product_tag":[],"class_list":{"0":"post-5638","1":"product","2":"type-product","3":"status-publish","4":"has-post-thumbnail","6":"brand-altyn-yunus-tr","7":"product_cat-cikolata","9":"first","10":"instock","11":"shipping-taxable","12":"purchasable","13":"product-type-simple"},"acf":[],"_links":{"self":[{"href":"https:\/\/turkmenexporter.com\/tr\/wp-json\/wp\/v2\/product\/5638","targetHints":{"allow":["GET"]}}],"collection":[{"href":"https:\/\/turkmenexporter.com\/tr\/wp-json\/wp\/v2\/product"}],"about":[{"href":"https:\/\/turkmenexporter.com\/tr\/wp-json\/wp\/v2\/types\/product"}],"replies":[{"embeddable":true,"href":"https:\/\/turkmenexporter.com\/tr\/wp-json\/wp\/v2\/comments?post=5638"}],"version-history":[{"count":1,"href":"https:\/\/turkmenexporter.com\/tr\/wp-json\/wp\/v2\/product\/5638\/revisions"}],"predecessor-version":[{"id":5644,"href":"https:\/\/turkmenexporter.com\/tr\/wp-json\/wp\/v2\/product\/5638\/revisions\/5644"}],"wp:featuredmedia":[{"embeddable":true,"href":"https:\/\/turkmenexporter.com\/tr\/wp-json\/wp\/v2\/media\/4180"}],"wp:attachment":[{"href":"https:\/\/turkmenexporter.com\/tr\/wp-json\/wp\/v2\/media?parent=5638"}],"wp:term":[{"taxonomy":"brand","embeddable":true,"href":"https:\/\/turkmenexporter.com\/tr\/wp-json\/wp\/v2\/brand?post=5638"},{"taxonomy":"product_cat","embeddable":true,"href":"https:\/\/turkmenexporter.com\/tr\/wp-json\/wp\/v2\/product_cat?post=5638"},{"taxonomy":"product_tag","embeddable":true,"href":"https:\/\/turkmenexporter.com\/tr\/wp-json\/wp\/v2\/product_tag?post=5638"}],"curies":[{"name":"wp","href":"https:\/\/api.w.org\/{rel}","templated":true}]}}