{"id":5665,"date":"2024-03-04T13:25:02","date_gmt":"2024-03-04T08:25:02","guid":{"rendered":"https:\/\/turkmenexporter.com\/product\/game-on-coklu-tahil-iceren-cikolata\/"},"modified":"2024-09-17T19:29:11","modified_gmt":"2024-09-17T14:29:11","slug":"game-on-coklu-tahil-iceren-cikolata","status":"publish","type":"product","link":"https:\/\/turkmenexporter.com\/tr\/urun\/game-on-coklu-tahil-iceren-cikolata\/","title":{"rendered":"GAME ON \u00e7oklu tah\u0131l i\u00e7eren \u00e7ikolata"},"content":{"rendered":"<p>&#8220;Game On&#8221; \u00e7ok tah\u0131ll\u0131 \u00e7ikolatal\u0131 \u015feker. \u0130\u00e7indekiler: Tah\u0131l gevre\u011fi (yulaf, bu\u011fday, m\u0131s\u0131r), toz \u015feker, laurik tip kakao ya\u011f\u0131 ikamesi, ya\u011fs\u0131z s\u00fct tozu, kakao tozu, em\u00fclgat\u00f6r (E322) lesitin, \u00e7ikolata aromas\u0131. Her 100 g \u00fcr\u00fcn i\u00e7in besin de\u011feri: proteinler &#8211; 7,5 g, ya\u011flar &#8211; 21,1 g, karbonhidratlar &#8211; 62,2 g. Enerji de\u011feri &#8211; 469 kcal. \u00dcretim tarihi ve son kullanma tarihi ambalaj \u00fczerinde belirtilmi\u015ftir. Saklama ko\u015fullar\u0131: 18\u00b13\u00baC&#8217;de ve maksimum %75 ba\u011f\u0131l nemde saklay\u0131n. GDO&#8217;suz. Serin ve kuru bir yerde saklay\u0131n. Sertifikal\u0131 \u00fcr\u00fcn.<\/p>\n<p>Kutu hacmi: 0,018 M3<\/p>\n<p>Kutu br\u00fct a\u011f\u0131rl\u0131\u011f\u0131: 6,3 kg<\/p>\n<p>Raf \u00f6mr\u00fc: 18 ay<\/p>\n","protected":false},"excerpt":{"rendered":"<p>GAME ON \u00e7oklu tah\u0131l i\u00e7eren \u00e7ikolata 20gr<\/p>\n<p>Bir blokta 24 adet. Bir kutuda 12 blok.<\/p>\n","protected":false},"featured_media":4212,"comment_status":"open","ping_status":"closed","template":"","meta":{"_acf_changed":false},"brand":[268],"product_cat":[325],"product_tag":[852],"class_list":{"0":"post-5665","1":"product","2":"type-product","3":"status-publish","4":"has-post-thumbnail","6":"brand-altyn-yunus-tr","7":"product_cat-cikolata","8":"product_tag-front-product-tr","10":"first","11":"instock","12":"shipping-taxable","13":"purchasable","14":"product-type-simple"},"acf":[],"_links":{"self":[{"href":"https:\/\/turkmenexporter.com\/tr\/wp-json\/wp\/v2\/product\/5665","targetHints":{"allow":["GET"]}}],"collection":[{"href":"https:\/\/turkmenexporter.com\/tr\/wp-json\/wp\/v2\/product"}],"about":[{"href":"https:\/\/turkmenexporter.com\/tr\/wp-json\/wp\/v2\/types\/product"}],"replies":[{"embeddable":true,"href":"https:\/\/turkmenexporter.com\/tr\/wp-json\/wp\/v2\/comments?post=5665"}],"version-history":[{"count":1,"href":"https:\/\/turkmenexporter.com\/tr\/wp-json\/wp\/v2\/product\/5665\/revisions"}],"predecessor-version":[{"id":10538,"href":"https:\/\/turkmenexporter.com\/tr\/wp-json\/wp\/v2\/product\/5665\/revisions\/10538"}],"wp:featuredmedia":[{"embeddable":true,"href":"https:\/\/turkmenexporter.com\/tr\/wp-json\/wp\/v2\/media\/4212"}],"wp:attachment":[{"href":"https:\/\/turkmenexporter.com\/tr\/wp-json\/wp\/v2\/media?parent=5665"}],"wp:term":[{"taxonomy":"brand","embeddable":true,"href":"https:\/\/turkmenexporter.com\/tr\/wp-json\/wp\/v2\/brand?post=5665"},{"taxonomy":"product_cat","embeddable":true,"href":"https:\/\/turkmenexporter.com\/tr\/wp-json\/wp\/v2\/product_cat?post=5665"},{"taxonomy":"product_tag","embeddable":true,"href":"https:\/\/turkmenexporter.com\/tr\/wp-json\/wp\/v2\/product_tag?post=5665"}],"curies":[{"name":"wp","href":"https:\/\/api.w.org\/{rel}","templated":true}]}}