{"id":5811,"date":"2024-03-09T19:35:56","date_gmt":"2024-03-09T14:35:56","guid":{"rendered":"https:\/\/turkmenexporter.com\/product\/springa-mini-yer-fistikli-ve-karamelli-cikolata-sekerleri\/"},"modified":"2024-09-17T19:29:06","modified_gmt":"2024-09-17T14:29:06","slug":"springa-mini-yer-fistikli-ve-karamelli-cikolata-sekerleri","status":"publish","type":"product","link":"https:\/\/turkmenexporter.com\/tr\/urun\/springa-mini-yer-fistikli-ve-karamelli-cikolata-sekerleri\/","title":{"rendered":"SPRINGA MINI yer f\u0131st\u0131kl\u0131 ve karamelli \u00e7ikolata \u015fekerleri"},"content":{"rendered":"<p>&#8220;Springa&#8221; s\u00fctl\u00fc \u00e7ikolata kapl\u0131 yer f\u0131st\u0131kl\u0131 karamel bar. \u0130\u00e7indekiler: \u015eeker, yer f\u0131st\u0131\u011f\u0131, glikoz \u015furubu, tam ya\u011fl\u0131 s\u00fct tozu, ya\u011fs\u0131z s\u00fct tozu, rafine deodorize ay\u00e7i\u00e7ek ya\u011f\u0131, palm ya\u011f\u0131, kuru yumurta tozu, lesitin (E322), kakao tozu, \u00e7ikolata lik\u00f6r\u00fc, kakao ya\u011f\u0131, sodyum karbonat, (E500), do\u011fal aromalar &#8220;\u00c7ikolata&#8221;, &#8220;Karamel&#8221;, tatland\u0131r\u0131c\u0131 sorbitol (E420). Her 100 g \u00fcr\u00fcn i\u00e7in besin de\u011feri: proteinler &#8211; 7,6 g, ya\u011flar &#8211; 63,2 g, karbonhidratlar &#8211; 20,9 g. Enerji de\u011feri &#8211; 471 kcal. \u00dcretim tarihi ve son kullanma tarihi ambalaj \u00fczerinde belirtilmi\u015ftir. Saklama ko\u015fullar\u0131: 18\u00b13\u00baC s\u0131cakl\u0131kta ve maksimum %75 ba\u011f\u0131l nemde saklay\u0131n\u0131z. \u00dcr\u00fcnlerimiz domuz ya\u011f\u0131 i\u00e7ermez. \u00dcr\u00fcn sertifikal\u0131d\u0131r. GDO i\u00e7ermez.<\/p>\n<p>Kutu hacmi: 0,024 M3<\/p>\n<p>Kutu br\u00fct a\u011f\u0131rl\u0131\u011f\u0131: 5,6 kg<\/p>\n<p>Raf \u00f6mr\u00fc 18 ay<\/p>\n","protected":false},"excerpt":{"rendered":"<p>F\u0131st\u0131kl\u0131 ve karamelli \u00e7ikolata \u015fekerlemeleri 500 gr<\/p>\n<p>Bir kutuda 10 paket.<\/p>\n","protected":false},"featured_media":4400,"comment_status":"open","ping_status":"closed","template":"","meta":{"_acf_changed":false},"brand":[268],"product_cat":[325],"product_tag":[852],"class_list":{"0":"post-5811","1":"product","2":"type-product","3":"status-publish","4":"has-post-thumbnail","6":"brand-altyn-yunus-tr","7":"product_cat-cikolata","8":"product_tag-front-product-tr","10":"first","11":"instock","12":"shipping-taxable","13":"purchasable","14":"product-type-simple"},"acf":[],"_links":{"self":[{"href":"https:\/\/turkmenexporter.com\/tr\/wp-json\/wp\/v2\/product\/5811","targetHints":{"allow":["GET"]}}],"collection":[{"href":"https:\/\/turkmenexporter.com\/tr\/wp-json\/wp\/v2\/product"}],"about":[{"href":"https:\/\/turkmenexporter.com\/tr\/wp-json\/wp\/v2\/types\/product"}],"replies":[{"embeddable":true,"href":"https:\/\/turkmenexporter.com\/tr\/wp-json\/wp\/v2\/comments?post=5811"}],"version-history":[{"count":1,"href":"https:\/\/turkmenexporter.com\/tr\/wp-json\/wp\/v2\/product\/5811\/revisions"}],"predecessor-version":[{"id":10514,"href":"https:\/\/turkmenexporter.com\/tr\/wp-json\/wp\/v2\/product\/5811\/revisions\/10514"}],"wp:featuredmedia":[{"embeddable":true,"href":"https:\/\/turkmenexporter.com\/tr\/wp-json\/wp\/v2\/media\/4400"}],"wp:attachment":[{"href":"https:\/\/turkmenexporter.com\/tr\/wp-json\/wp\/v2\/media?parent=5811"}],"wp:term":[{"taxonomy":"brand","embeddable":true,"href":"https:\/\/turkmenexporter.com\/tr\/wp-json\/wp\/v2\/brand?post=5811"},{"taxonomy":"product_cat","embeddable":true,"href":"https:\/\/turkmenexporter.com\/tr\/wp-json\/wp\/v2\/product_cat?post=5811"},{"taxonomy":"product_tag","embeddable":true,"href":"https:\/\/turkmenexporter.com\/tr\/wp-json\/wp\/v2\/product_tag?post=5811"}],"curies":[{"name":"wp","href":"https:\/\/api.w.org\/{rel}","templated":true}]}}