{"id":5812,"date":"2024-03-09T19:35:56","date_gmt":"2024-03-09T14:35:56","guid":{"rendered":"https:\/\/turkmenexporter.com\/product\/champion-yer-fistikli-ve-nugali-sutlu-cikolatali-karamel-bar\/"},"modified":"2024-09-17T19:29:06","modified_gmt":"2024-09-17T14:29:06","slug":"champion-yer-fistikli-ve-nugali-sutlu-cikolatali-karamel-bar","status":"publish","type":"product","link":"https:\/\/turkmenexporter.com\/tr\/urun\/champion-yer-fistikli-ve-nugali-sutlu-cikolatali-karamel-bar\/","title":{"rendered":"CHAMPION yer f\u0131st\u0131kl\u0131 ve nugal\u0131 s\u00fctl\u00fc \u00e7ikolatal\u0131 karamel bar"},"content":{"rendered":"<p>&#8220;Champion&#8221; s\u00fctl\u00fc \u00e7ikolata kapl\u0131, yer f\u0131st\u0131kl\u0131 ve nugal\u0131 karamel bar. \u0130\u00e7indekiler: \u015eeker, yer f\u0131st\u0131\u011f\u0131, glikoz \u015furubu, tam ya\u011fl\u0131 s\u00fct tozu, ya\u011fs\u0131z s\u00fct tozu, rafine edilmi\u015f deodorize bitkisel ya\u011f (ay\u00e7i\u00e7ek ya\u011f\u0131, palm ya\u011f\u0131), kuru yumurta tozu, lesitin (E322), kakao tozu, \u00e7ikolata lik\u00f6r\u00fc, kakao ya\u011f\u0131, sodyum karbonat, (E500), do\u011fal aroma vericiler &#8220;\u00c7ikolata&#8221;, do\u011fal aroma vericiler &#8220;Karamel&#8221;, sorbitol&#8221;. Her 100 g \u00fcr\u00fcn i\u00e7in besin de\u011feri: proteinler &#8211; 7,6 g, ya\u011flar &#8211; 63,2 g, karbonhidratlar &#8211; 20,9 g. Enerji de\u011feri &#8211; 471 kcal. \u00dcretim tarihi ve son kullanma tarihi ambalaj \u00fczerinde belirtilmi\u015ftir. Saklama ko\u015fullar\u0131: +5\u00baC ile +22\u00baC aras\u0131ndaki bir s\u0131cakl\u0131kta ve %70&#8217;ten fazla olmayan ba\u011f\u0131l hava neminde saklay\u0131n. \u00dcr\u00fcnlerimiz domuz ya\u011f\u0131 i\u00e7ermez. \u00dcr\u00fcn sertifikal\u0131d\u0131r. GDO i\u00e7ermez.<\/p>\n<p>Kutu hacmi: 0,026 M3<\/p>\n<p>Kutu br\u00fct a\u011f\u0131rl\u0131\u011f\u0131: 13,5 kg<\/p>\n<p>Raf \u00f6mr\u00fc 18 ay<\/p>\n","protected":false},"excerpt":{"rendered":"<p>F\u0131st\u0131kl\u0131 ve nugal\u0131 s\u00fctl\u00fc karamel \u00e7ikolata 45 gr<\/p>\n<p>Bir blokta 48 adet. Bir kutuda 6 blok.<\/p>\n","protected":false},"featured_media":4256,"comment_status":"open","ping_status":"closed","template":"","meta":{"_acf_changed":false},"brand":[268],"product_cat":[325],"product_tag":[],"class_list":{"0":"post-5812","1":"product","2":"type-product","3":"status-publish","4":"has-post-thumbnail","6":"brand-altyn-yunus-tr","7":"product_cat-cikolata","9":"first","10":"instock","11":"shipping-taxable","12":"purchasable","13":"product-type-simple"},"acf":[],"_links":{"self":[{"href":"https:\/\/turkmenexporter.com\/tr\/wp-json\/wp\/v2\/product\/5812","targetHints":{"allow":["GET"]}}],"collection":[{"href":"https:\/\/turkmenexporter.com\/tr\/wp-json\/wp\/v2\/product"}],"about":[{"href":"https:\/\/turkmenexporter.com\/tr\/wp-json\/wp\/v2\/types\/product"}],"replies":[{"embeddable":true,"href":"https:\/\/turkmenexporter.com\/tr\/wp-json\/wp\/v2\/comments?post=5812"}],"version-history":[{"count":1,"href":"https:\/\/turkmenexporter.com\/tr\/wp-json\/wp\/v2\/product\/5812\/revisions"}],"predecessor-version":[{"id":10513,"href":"https:\/\/turkmenexporter.com\/tr\/wp-json\/wp\/v2\/product\/5812\/revisions\/10513"}],"wp:featuredmedia":[{"embeddable":true,"href":"https:\/\/turkmenexporter.com\/tr\/wp-json\/wp\/v2\/media\/4256"}],"wp:attachment":[{"href":"https:\/\/turkmenexporter.com\/tr\/wp-json\/wp\/v2\/media?parent=5812"}],"wp:term":[{"taxonomy":"brand","embeddable":true,"href":"https:\/\/turkmenexporter.com\/tr\/wp-json\/wp\/v2\/brand?post=5812"},{"taxonomy":"product_cat","embeddable":true,"href":"https:\/\/turkmenexporter.com\/tr\/wp-json\/wp\/v2\/product_cat?post=5812"},{"taxonomy":"product_tag","embeddable":true,"href":"https:\/\/turkmenexporter.com\/tr\/wp-json\/wp\/v2\/product_tag?post=5812"}],"curies":[{"name":"wp","href":"https:\/\/api.w.org\/{rel}","templated":true}]}}