{"id":5813,"date":"2024-03-09T19:35:57","date_gmt":"2024-03-09T14:35:57","guid":{"rendered":"https:\/\/turkmenexporter.com\/product\/sutlu-cikolata-ile-kaplanmis-broly-hindistan-cevizli-bar\/"},"modified":"2024-09-17T19:29:05","modified_gmt":"2024-09-17T14:29:05","slug":"sutlu-cikolata-ile-kaplanmis-broly-hindistan-cevizli-bar","status":"publish","type":"product","link":"https:\/\/turkmenexporter.com\/tr\/urun\/sutlu-cikolata-ile-kaplanmis-broly-hindistan-cevizli-bar\/","title":{"rendered":"S\u00fctl\u00fc \u00e7ikolata ile kaplanm\u0131\u015f BROLY hindistan cevizli bar"},"content":{"rendered":"<p>S\u00fctl\u00fc \u00e7ikolata ile kaplanm\u0131\u015f &#8220;Broly&#8221; hindistan cevizli bar. \u0130\u00e7indekiler: Hindistan cevizi gevre\u011fi, bitkisel palmiye ya\u011f\u0131, kakao tozu, \u00e7ikolata lik\u00f6r\u00fc, kakao ya\u011f\u0131, ya\u011fs\u0131z s\u00fct tozu %1,5, peynir alt\u0131 suyu, glukoz, tabie tuzu, E322 lesitin em\u00fclgat\u00f6r, E422 gliserin nem tutucu, E202 gliserol koruyucu, E415 ksantan sak\u0131z\u0131, &#8220;Hindistan Cevizi&#8221;, vanilin ve &#8220;\u00c7ikolata&#8221; aromas\u0131 do\u011fal ile \u00f6zde\u015ftir. Her 100 g \u00fcr\u00fcn i\u00e7in besin de\u011feri: proteinler &#8211; 63 g, ya\u011flar &#8211; 31,9 g, karbonhidratlar &#8211; 57,5 g. Enerji de\u011feri &#8211; 542,3 kcal. \u00dcretim tarihi ve son kullanma tarihi ambalaj \u00fczerinde belirtilmi\u015ftir. Saklama ko\u015fullar\u0131: 18\u00b13\u00baC s\u0131cakl\u0131kta ve maksimum %75 ba\u011f\u0131l nemde saklay\u0131n\u0131z. \u00dcr\u00fcnlerimiz domuz ya\u011f\u0131 i\u00e7ermez. \u00dcr\u00fcn sertifikal\u0131d\u0131r. GDO i\u00e7ermez.<\/p>\n<p>Kutu hacmi: 0,018 M3<\/p>\n<p>Kutu br\u00fct a\u011f\u0131rl\u0131\u011f\u0131: 9 kg<\/p>\n<p>Raf \u00f6mr\u00fc 18 ay<\/p>\n","protected":false},"excerpt":{"rendered":"<p>S\u00fctl\u00fc \u00e7ikolata ile kaplanm\u0131\u015f hindistan cevizli bar 30 gr<\/p>\n<p>Bir blokta 24 adet. Bir kutuda 12 blok.<\/p>\n","protected":false},"featured_media":4262,"comment_status":"open","ping_status":"closed","template":"","meta":{"_acf_changed":false},"brand":[268],"product_cat":[325],"product_tag":[852],"class_list":{"0":"post-5813","1":"product","2":"type-product","3":"status-publish","4":"has-post-thumbnail","6":"brand-altyn-yunus-tr","7":"product_cat-cikolata","8":"product_tag-front-product-tr","10":"first","11":"instock","12":"shipping-taxable","13":"purchasable","14":"product-type-simple"},"acf":[],"_links":{"self":[{"href":"https:\/\/turkmenexporter.com\/tr\/wp-json\/wp\/v2\/product\/5813","targetHints":{"allow":["GET"]}}],"collection":[{"href":"https:\/\/turkmenexporter.com\/tr\/wp-json\/wp\/v2\/product"}],"about":[{"href":"https:\/\/turkmenexporter.com\/tr\/wp-json\/wp\/v2\/types\/product"}],"replies":[{"embeddable":true,"href":"https:\/\/turkmenexporter.com\/tr\/wp-json\/wp\/v2\/comments?post=5813"}],"version-history":[{"count":1,"href":"https:\/\/turkmenexporter.com\/tr\/wp-json\/wp\/v2\/product\/5813\/revisions"}],"predecessor-version":[{"id":10508,"href":"https:\/\/turkmenexporter.com\/tr\/wp-json\/wp\/v2\/product\/5813\/revisions\/10508"}],"wp:featuredmedia":[{"embeddable":true,"href":"https:\/\/turkmenexporter.com\/tr\/wp-json\/wp\/v2\/media\/4262"}],"wp:attachment":[{"href":"https:\/\/turkmenexporter.com\/tr\/wp-json\/wp\/v2\/media?parent=5813"}],"wp:term":[{"taxonomy":"brand","embeddable":true,"href":"https:\/\/turkmenexporter.com\/tr\/wp-json\/wp\/v2\/brand?post=5813"},{"taxonomy":"product_cat","embeddable":true,"href":"https:\/\/turkmenexporter.com\/tr\/wp-json\/wp\/v2\/product_cat?post=5813"},{"taxonomy":"product_tag","embeddable":true,"href":"https:\/\/turkmenexporter.com\/tr\/wp-json\/wp\/v2\/product_tag?post=5813"}],"curies":[{"name":"wp","href":"https:\/\/api.w.org\/{rel}","templated":true}]}}