{"id":5814,"date":"2024-03-09T19:35:58","date_gmt":"2024-03-09T14:35:58","guid":{"rendered":"https:\/\/turkmenexporter.com\/product\/karamel-dolgulu-muhtesem-sutlu-cikolata-sekerleri\/"},"modified":"2024-09-17T19:29:04","modified_gmt":"2024-09-17T14:29:04","slug":"karamel-dolgulu-muhtesem-sutlu-cikolata-sekerleri","status":"publish","type":"product","link":"https:\/\/turkmenexporter.com\/tr\/urun\/karamel-dolgulu-muhtesem-sutlu-cikolata-sekerleri\/","title":{"rendered":"Karamel dolgulu muhte\u015fem s\u00fctl\u00fc \u00e7ikolata \u015fekerleri"},"content":{"rendered":"<p>Karamel dolgulu &#8220;Brilliant&#8221; s\u00fctl\u00fc \u00e7ikolata \u015fekeri. \u0130\u00e7indekiler: \u015eeker, kakao kitlesi, kakao ya\u011f\u0131, bitkisel ya\u011f (palm), melas, tam ya\u011fl\u0131 s\u00fct tozu, ya\u011fs\u0131z s\u00fct tozu, peynir alt\u0131 suyu tozu, em\u00fclgat\u00f6r soya lesitini E322 em\u00fclgat\u00f6r, g\u0131da tuzu, etil vanilin tozu, do\u011fal &#8220;\u00c7ikolata&#8221; ile \u00f6zde\u015f aroma. Toplam kuru kakao kal\u0131nt\u0131s\u0131 i\u00e7eri\u011fi %25&#8217;ten az de\u011fildir. Her 100 g \u00fcr\u00fcn i\u00e7in besin de\u011feri: proteinler &#8211; 7,7 g, ya\u011flar &#8211; 28,0 g, karbonhidratlar &#8211; 53,0 g. Enerji de\u011feri &#8211; 499 kcal. Karamel dolgulu &#8220;Brilliant&#8221; bitter \u00e7ikolatal\u0131 \u015fekerleme. \u0130\u00e7indekiler: \u015eeker, kakao kitlesi, kakao ya\u011f\u0131 ikamesi, bitkisel ya\u011f (palm), melas, ya\u011fs\u0131z s\u00fct tozu, em\u00fclgat\u00f6r soya lesitini E322 em\u00fclgat\u00f6r, tuz, etil vanilin tozu, do\u011fal &#8220;\u00c7ikolata&#8221; ile \u00f6zde\u015f aroma. Toplam kuru kakao kal\u0131nt\u0131s\u0131 i\u00e7eri\u011fi %40&#8217;tan az de\u011fildir. Her 100 g \u00fcr\u00fcn i\u00e7in besin de\u011feri: proteinler &#8211; 8,0 g, ya\u011flar &#8211; 28,0 g, karbonhidratlar &#8211; 63,5 g. Enerji de\u011feri &#8211; 538 kcal. Eser miktarda s\u00fct \u00fcr\u00fcnleri, yer f\u0131st\u0131\u011f\u0131 ve di\u011fer kuruyemi\u015fler i\u00e7erebilir. \u00dcr\u00fcnlerimizin hi\u00e7biri ilave alkol veya domuz ya\u011f\u0131 i\u00e7ermez. \u00dcretim tarihi ve son kullanma tarihi ambalaj \u00fczerinde belirtilmi\u015ftir. Saklama ko\u015fullar\u0131: +5\u00baC ile +22\u00baC aras\u0131nda ve ba\u011f\u0131l hava nemi %70&#8217;i ge\u00e7meyecek \u015fekilde saklay\u0131n. GDO&#8217;suz. \u00dcr\u00fcn sertifikal\u0131d\u0131r.<\/p>\n<p>Kutu hacmi: 0,067 M3<\/p>\n<p>Kutu br\u00fct a\u011f\u0131rl\u0131\u011f\u0131: 7,1 kg <\/p>\n<p>Raf \u00f6mr\u00fc 18 ay<\/p>\n","protected":false},"excerpt":{"rendered":"<p>Karamel dolgulu s\u00fctl\u00fc \u00e7ikolata \u015fekerlemeleri 170 gr<\/p>\n<p>Bir kutuda 12 blok.<\/p>\n","protected":false},"featured_media":4286,"comment_status":"open","ping_status":"closed","template":"","meta":{"_acf_changed":false},"brand":[268],"product_cat":[325],"product_tag":[852],"class_list":{"0":"post-5814","1":"product","2":"type-product","3":"status-publish","4":"has-post-thumbnail","6":"brand-altyn-yunus-tr","7":"product_cat-cikolata","8":"product_tag-front-product-tr","10":"first","11":"instock","12":"shipping-taxable","13":"purchasable","14":"product-type-simple"},"acf":[],"_links":{"self":[{"href":"https:\/\/turkmenexporter.com\/tr\/wp-json\/wp\/v2\/product\/5814","targetHints":{"allow":["GET"]}}],"collection":[{"href":"https:\/\/turkmenexporter.com\/tr\/wp-json\/wp\/v2\/product"}],"about":[{"href":"https:\/\/turkmenexporter.com\/tr\/wp-json\/wp\/v2\/types\/product"}],"replies":[{"embeddable":true,"href":"https:\/\/turkmenexporter.com\/tr\/wp-json\/wp\/v2\/comments?post=5814"}],"version-history":[{"count":1,"href":"https:\/\/turkmenexporter.com\/tr\/wp-json\/wp\/v2\/product\/5814\/revisions"}],"predecessor-version":[{"id":10499,"href":"https:\/\/turkmenexporter.com\/tr\/wp-json\/wp\/v2\/product\/5814\/revisions\/10499"}],"wp:featuredmedia":[{"embeddable":true,"href":"https:\/\/turkmenexporter.com\/tr\/wp-json\/wp\/v2\/media\/4286"}],"wp:attachment":[{"href":"https:\/\/turkmenexporter.com\/tr\/wp-json\/wp\/v2\/media?parent=5814"}],"wp:term":[{"taxonomy":"brand","embeddable":true,"href":"https:\/\/turkmenexporter.com\/tr\/wp-json\/wp\/v2\/brand?post=5814"},{"taxonomy":"product_cat","embeddable":true,"href":"https:\/\/turkmenexporter.com\/tr\/wp-json\/wp\/v2\/product_cat?post=5814"},{"taxonomy":"product_tag","embeddable":true,"href":"https:\/\/turkmenexporter.com\/tr\/wp-json\/wp\/v2\/product_tag?post=5814"}],"curies":[{"name":"wp","href":"https:\/\/api.w.org\/{rel}","templated":true}]}}