{"id":5816,"date":"2024-03-09T19:35:59","date_gmt":"2024-03-09T14:35:59","guid":{"rendered":"https:\/\/turkmenexporter.com\/product\/sunday-nugali-karamel-bar\/"},"modified":"2024-09-17T19:29:03","modified_gmt":"2024-09-17T14:29:03","slug":"sunday-nugali-karamel-bar","status":"publish","type":"product","link":"https:\/\/turkmenexporter.com\/tr\/urun\/sunday-nugali-karamel-bar\/","title":{"rendered":"SUNDAY Nugal\u0131 karamel bar"},"content":{"rendered":"<p>&#8220;Sunday&#8221; \u015fekerleme glaze kapl\u0131 nugal\u0131 karamel bar. \u0130\u00e7indekiler: \u015eeker, glikoz \u015furubu, tam ya\u011fl\u0131 s\u00fct tozu, ya\u011fs\u0131z s\u00fct tozu, rafine edilmi\u015f deodorize bitkisel ya\u011f (ay\u00e7i\u00e7ek ya\u011f\u0131, palm ya\u011f\u0131), kuru yumurta tozu, lesitin (E322), kakao tozu, sodyum karbonat (E500), do\u011fal aroma vericiler &#8220;\u00c7ikolata&#8221;, do\u011fal aroma vericiler &#8220;Karamel&#8221;, sorbitol. Her 100 g \u00fcr\u00fcn i\u00e7in besin de\u011feri: proteinler &#8211; 7,6 g, ya\u011flar &#8211; 20,9 g, karbonhidratlar &#8211; 63,2 g. Enerji de\u011feri &#8211; 471 kcal. \u00dcretim tarihi ve son kullanma tarihi ambalaj \u00fczerinde belirtilmi\u015ftir. Saklama ko\u015fullar\u0131: 18\u00b13\u00baC&#8217;de ve maksimum %75 ba\u011f\u0131l nemde saklay\u0131n. GDO&#8217;suz. Serin ve kuru bir yerde saklay\u0131n. Sertifikal\u0131 \u00fcr\u00fcn.<\/p>\n<p>Kutu hacmi: 0,011 M3<\/p>\n<p>Kutu br\u00fct a\u011f\u0131rl\u0131\u011f\u0131: 3,5 kg <\/p>\n<p>Raf \u00f6mr\u00fc 18 ay<\/p>\n","protected":false},"excerpt":{"rendered":"<p>\u015eekerleme glaze kapl\u0131 nugal\u0131 karamel bar 20 gr<\/p>\n<p>Bir blokta 24 adet. Bir kutuda 6 blok.<\/p>\n","protected":false},"featured_media":4304,"comment_status":"open","ping_status":"closed","template":"","meta":{"_acf_changed":false},"brand":[268],"product_cat":[325],"product_tag":[],"class_list":{"0":"post-5816","1":"product","2":"type-product","3":"status-publish","4":"has-post-thumbnail","6":"brand-altyn-yunus-tr","7":"product_cat-cikolata","9":"first","10":"instock","11":"shipping-taxable","12":"purchasable","13":"product-type-simple"},"acf":[],"_links":{"self":[{"href":"https:\/\/turkmenexporter.com\/tr\/wp-json\/wp\/v2\/product\/5816","targetHints":{"allow":["GET"]}}],"collection":[{"href":"https:\/\/turkmenexporter.com\/tr\/wp-json\/wp\/v2\/product"}],"about":[{"href":"https:\/\/turkmenexporter.com\/tr\/wp-json\/wp\/v2\/types\/product"}],"replies":[{"embeddable":true,"href":"https:\/\/turkmenexporter.com\/tr\/wp-json\/wp\/v2\/comments?post=5816"}],"version-history":[{"count":1,"href":"https:\/\/turkmenexporter.com\/tr\/wp-json\/wp\/v2\/product\/5816\/revisions"}],"predecessor-version":[{"id":10489,"href":"https:\/\/turkmenexporter.com\/tr\/wp-json\/wp\/v2\/product\/5816\/revisions\/10489"}],"wp:featuredmedia":[{"embeddable":true,"href":"https:\/\/turkmenexporter.com\/tr\/wp-json\/wp\/v2\/media\/4304"}],"wp:attachment":[{"href":"https:\/\/turkmenexporter.com\/tr\/wp-json\/wp\/v2\/media?parent=5816"}],"wp:term":[{"taxonomy":"brand","embeddable":true,"href":"https:\/\/turkmenexporter.com\/tr\/wp-json\/wp\/v2\/brand?post=5816"},{"taxonomy":"product_cat","embeddable":true,"href":"https:\/\/turkmenexporter.com\/tr\/wp-json\/wp\/v2\/product_cat?post=5816"},{"taxonomy":"product_tag","embeddable":true,"href":"https:\/\/turkmenexporter.com\/tr\/wp-json\/wp\/v2\/product_tag?post=5816"}],"curies":[{"name":"wp","href":"https:\/\/api.w.org\/{rel}","templated":true}]}}