{"id":5817,"date":"2024-03-09T19:35:59","date_gmt":"2024-03-09T14:35:59","guid":{"rendered":"https:\/\/turkmenexporter.com\/product\/rast-cikolatali-nugat-bar\/"},"modified":"2024-09-17T19:29:03","modified_gmt":"2024-09-17T14:29:03","slug":"rast-cikolatali-nugat-bar","status":"publish","type":"product","link":"https:\/\/turkmenexporter.com\/tr\/urun\/rast-cikolatali-nugat-bar\/","title":{"rendered":"RAST \u00e7ikolatal\u0131 nugat bar"},"content":{"rendered":"<p>\u015eekerleme glaze ile s\u0131rlanm\u0131\u015f \u00e7ikolatal\u0131 nugal\u0131 &#8220;Rast&#8221; bar. \u0130\u00e7indekiler: Pudra \u015fekeri, kakao ya\u011f\u0131 ikamesi, ya\u011fs\u0131z s\u00fct tozu, kakao tozu, glikoz, palm ya\u011f\u0131, fruktoz, yumurta ak\u0131 tozu, soya lesitini E322 em\u00fclgat\u00f6r, do\u011fala \u00f6zde\u015f vanilya aromas\u0131, yemeklik tuz. Her 100 g \u00fcr\u00fcn i\u00e7in besin de\u011feri: proteinler &#8211; 7,6 g, ya\u011flar &#8211; 20,9 g, karbonhidratlar &#8211; 63,2 g. Enerji de\u011feri &#8211; 471 kcal. \u00dcretim tarihi ve son kullanma tarihi ambalaj \u00fczerinde belirtilmi\u015ftir. Saklama ko\u015fullar\u0131: 18\u00b13\u00baC&#8217;de ve maksimum %75 ba\u011f\u0131l nemde saklay\u0131n. GDO&#8217;suz. Serin ve kuru bir yerde saklay\u0131n. Sertifikal\u0131 \u00fcr\u00fcn.<\/p>\n<p>Kutu hacmi: 0,009 M3<\/p>\n<p>Kutu br\u00fct a\u011f\u0131rl\u0131\u011f\u0131: 3,5 kg <\/p>\n<p>Raf \u00f6mr\u00fc 18 ay<\/p>\n","protected":false},"excerpt":{"rendered":"<p>\u015eekerleme s\u0131rl\u0131 \u00e7ikolatal\u0131 nugat bar 20 gr<\/p>\n<p>Bir blokta 24 adet. Bir kutuda 6 blok.<\/p>\n","protected":false},"featured_media":5114,"comment_status":"open","ping_status":"closed","template":"","meta":{"_acf_changed":false},"brand":[268],"product_cat":[325],"product_tag":[852],"class_list":{"0":"post-5817","1":"product","2":"type-product","3":"status-publish","4":"has-post-thumbnail","6":"brand-altyn-yunus-tr","7":"product_cat-cikolata","8":"product_tag-front-product-tr","10":"first","11":"instock","12":"shipping-taxable","13":"purchasable","14":"product-type-simple"},"acf":[],"_links":{"self":[{"href":"https:\/\/turkmenexporter.com\/tr\/wp-json\/wp\/v2\/product\/5817","targetHints":{"allow":["GET"]}}],"collection":[{"href":"https:\/\/turkmenexporter.com\/tr\/wp-json\/wp\/v2\/product"}],"about":[{"href":"https:\/\/turkmenexporter.com\/tr\/wp-json\/wp\/v2\/types\/product"}],"replies":[{"embeddable":true,"href":"https:\/\/turkmenexporter.com\/tr\/wp-json\/wp\/v2\/comments?post=5817"}],"version-history":[{"count":1,"href":"https:\/\/turkmenexporter.com\/tr\/wp-json\/wp\/v2\/product\/5817\/revisions"}],"predecessor-version":[{"id":10488,"href":"https:\/\/turkmenexporter.com\/tr\/wp-json\/wp\/v2\/product\/5817\/revisions\/10488"}],"wp:featuredmedia":[{"embeddable":true,"href":"https:\/\/turkmenexporter.com\/tr\/wp-json\/wp\/v2\/media\/5114"}],"wp:attachment":[{"href":"https:\/\/turkmenexporter.com\/tr\/wp-json\/wp\/v2\/media?parent=5817"}],"wp:term":[{"taxonomy":"brand","embeddable":true,"href":"https:\/\/turkmenexporter.com\/tr\/wp-json\/wp\/v2\/brand?post=5817"},{"taxonomy":"product_cat","embeddable":true,"href":"https:\/\/turkmenexporter.com\/tr\/wp-json\/wp\/v2\/product_cat?post=5817"},{"taxonomy":"product_tag","embeddable":true,"href":"https:\/\/turkmenexporter.com\/tr\/wp-json\/wp\/v2\/product_tag?post=5817"}],"curies":[{"name":"wp","href":"https:\/\/api.w.org\/{rel}","templated":true}]}}