{"id":5818,"date":"2024-03-09T19:36:00","date_gmt":"2024-03-09T14:36:00","guid":{"rendered":"https:\/\/turkmenexporter.com\/product\/bashlik-bitter-cikolata\/"},"modified":"2024-09-17T19:29:02","modified_gmt":"2024-09-17T14:29:02","slug":"bashlik-bitter-cikolata","status":"publish","type":"product","link":"https:\/\/turkmenexporter.com\/tr\/urun\/bashlik-bitter-cikolata\/","title":{"rendered":"BASHLIK bitter \u00e7ikolata"},"content":{"rendered":"<p>&#8220;Bashlik&#8221; bitter \u00e7ikolata. \u0130\u00e7indekiler: \u015feker, kakao ya\u011f\u0131 ikamesi, kakao tozu, hindistan cevizi ya\u011f\u0131, em\u00fclgat\u00f6r E322 lesitin, do\u011fal ile \u00f6zde\u015f &#8220;Vanilin&#8221; aromas\u0131. \u00dcr\u00fcnlerimiz domuz ya\u011f\u0131 i\u00e7ermez. \u00dcretim tarihi ve son kullanma tarihi ambalaj \u00fczerinde belirtilmi\u015ftir. Saklama ko\u015fullar\u0131: +5\u00baC ile +22\u00baC aras\u0131ndaki bir s\u0131cakl\u0131kta ve %70&#8217;ten fazla olmayan ba\u011f\u0131l hava neminde saklay\u0131n. \u00dcr\u00fcn sertifikal\u0131d\u0131r. GDO i\u00e7ermez. Her 100 g \u00fcr\u00fcn i\u00e7in besin de\u011feri: proteinler &#8211; 2,0 g, ya\u011flar &#8211; 30,0 g, karbonhidratlar &#8211; 65,0 g. Enerji de\u011feri &#8211; 540 kcal.<\/p>\n<p>Kutu hacmi: 0,014 M3<\/p>\n<p>Kutu br\u00fct a\u011f\u0131rl\u0131\u011f\u0131: 6,7 kg <\/p>\n<p>Raf \u00f6mr\u00fc 18 ay<\/p>\n","protected":false},"excerpt":{"rendered":"<p>Bitter \u00e7ikolata 20 gr<\/p>\n<p>Bir blokta 24 adet. Bir kutuda 10 blok.<\/p>\n","protected":false},"featured_media":4328,"comment_status":"open","ping_status":"closed","template":"","meta":{"_acf_changed":false},"brand":[268],"product_cat":[325],"product_tag":[],"class_list":{"0":"post-5818","1":"product","2":"type-product","3":"status-publish","4":"has-post-thumbnail","6":"brand-altyn-yunus-tr","7":"product_cat-cikolata","9":"first","10":"instock","11":"shipping-taxable","12":"purchasable","13":"product-type-simple"},"acf":[],"_links":{"self":[{"href":"https:\/\/turkmenexporter.com\/tr\/wp-json\/wp\/v2\/product\/5818","targetHints":{"allow":["GET"]}}],"collection":[{"href":"https:\/\/turkmenexporter.com\/tr\/wp-json\/wp\/v2\/product"}],"about":[{"href":"https:\/\/turkmenexporter.com\/tr\/wp-json\/wp\/v2\/types\/product"}],"replies":[{"embeddable":true,"href":"https:\/\/turkmenexporter.com\/tr\/wp-json\/wp\/v2\/comments?post=5818"}],"version-history":[{"count":1,"href":"https:\/\/turkmenexporter.com\/tr\/wp-json\/wp\/v2\/product\/5818\/revisions"}],"predecessor-version":[{"id":10485,"href":"https:\/\/turkmenexporter.com\/tr\/wp-json\/wp\/v2\/product\/5818\/revisions\/10485"}],"wp:featuredmedia":[{"embeddable":true,"href":"https:\/\/turkmenexporter.com\/tr\/wp-json\/wp\/v2\/media\/4328"}],"wp:attachment":[{"href":"https:\/\/turkmenexporter.com\/tr\/wp-json\/wp\/v2\/media?parent=5818"}],"wp:term":[{"taxonomy":"brand","embeddable":true,"href":"https:\/\/turkmenexporter.com\/tr\/wp-json\/wp\/v2\/brand?post=5818"},{"taxonomy":"product_cat","embeddable":true,"href":"https:\/\/turkmenexporter.com\/tr\/wp-json\/wp\/v2\/product_cat?post=5818"},{"taxonomy":"product_tag","embeddable":true,"href":"https:\/\/turkmenexporter.com\/tr\/wp-json\/wp\/v2\/product_tag?post=5818"}],"curies":[{"name":"wp","href":"https:\/\/api.w.org\/{rel}","templated":true}]}}