{"id":5819,"date":"2024-03-09T19:36:01","date_gmt":"2024-03-09T14:36:01","guid":{"rendered":"https:\/\/turkmenexporter.com\/product\/cikolata-kapli-cocosan-hindistan-cevizi-barlari\/"},"modified":"2024-09-17T19:29:01","modified_gmt":"2024-09-17T14:29:01","slug":"cikolata-kapli-cocosan-hindistan-cevizi-barlari","status":"publish","type":"product","link":"https:\/\/turkmenexporter.com\/tr\/urun\/cikolata-kapli-cocosan-hindistan-cevizi-barlari\/","title":{"rendered":"\u00c7ikolata kapl\u0131 COCOSAN hindistan cevizi barlar\u0131"},"content":{"rendered":"<p>&#8220;Cocosan&#8221; hindistan cevizi \u015fekerleri \u015fekerleme s\u0131rlar\u0131 ile kaplanm\u0131\u015ft\u0131r. \u0130\u00e7indekiler: Hindistan cevizi gevre\u011fi, glukoz, bitkisel (palm) ya\u011f, kakao tozu, ya\u011fs\u0131z s\u00fct tozu, su tutucu E422 em\u00fclgat\u00f6r, potasyum sorbat E202, tuz, peynir alt\u0131 suyu, k\u0131vam artt\u0131r\u0131c\u0131 ksantan zamk\u0131 E415, E322 soya lesitini em\u00fclgat\u00f6r, do\u011fal &#8220;Hindistan Cevizi&#8221; ile \u00f6zde\u015f aroma, do\u011fal &#8220;Vanilin&#8221; ile \u00f6zde\u015f aroma, do\u011fal &#8220;\u00c7ikolata&#8221; ile \u00f6zde\u015f aroma. Her 100 g \u00fcr\u00fcn i\u00e7in besin de\u011feri: proteinler &#8211; 3 g, ya\u011flar &#8211; 3,4 g, karbonhidratlar &#8211; 10 g. Enerji de\u011feri &#8211; 83 kcal. \u00dcretim tarihi ve son kullanma tarihi ambalaj \u00fczerinde belirtilmi\u015ftir. Saklama ko\u015fullar\u0131: 18\u00b13\u00baC s\u0131cakl\u0131kta ve maksimum %75 ba\u011f\u0131l nemde saklay\u0131n\u0131z. \u00dcr\u00fcnlerimiz domuz ya\u011f\u0131 i\u00e7ermez. \u00dcr\u00fcn sertifikal\u0131d\u0131r. GDO i\u00e7ermez.<\/p>\n<p>Kutu hacmi: 0,017 M3<\/p>\n<p>Kutu br\u00fct a\u011f\u0131rl\u0131\u011f\u0131: 7 kg <\/p>\n<p>Raf \u00f6mr\u00fc 18 ay<\/p>\n","protected":false},"excerpt":{"rendered":"<p>\u00c7ikolata kapl\u0131 hindistan cevizli bar 30 gr<\/p>\n<p>Bir blokta 18 adet. Bir kutuda 12 blok.<\/p>\n","protected":false},"featured_media":4292,"comment_status":"open","ping_status":"closed","template":"","meta":{"_acf_changed":false},"brand":[268],"product_cat":[325],"product_tag":[852],"class_list":{"0":"post-5819","1":"product","2":"type-product","3":"status-publish","4":"has-post-thumbnail","6":"brand-altyn-yunus-tr","7":"product_cat-cikolata","8":"product_tag-front-product-tr","10":"first","11":"instock","12":"shipping-taxable","13":"purchasable","14":"product-type-simple"},"acf":[],"_links":{"self":[{"href":"https:\/\/turkmenexporter.com\/tr\/wp-json\/wp\/v2\/product\/5819","targetHints":{"allow":["GET"]}}],"collection":[{"href":"https:\/\/turkmenexporter.com\/tr\/wp-json\/wp\/v2\/product"}],"about":[{"href":"https:\/\/turkmenexporter.com\/tr\/wp-json\/wp\/v2\/types\/product"}],"replies":[{"embeddable":true,"href":"https:\/\/turkmenexporter.com\/tr\/wp-json\/wp\/v2\/comments?post=5819"}],"version-history":[{"count":1,"href":"https:\/\/turkmenexporter.com\/tr\/wp-json\/wp\/v2\/product\/5819\/revisions"}],"predecessor-version":[{"id":10480,"href":"https:\/\/turkmenexporter.com\/tr\/wp-json\/wp\/v2\/product\/5819\/revisions\/10480"}],"wp:featuredmedia":[{"embeddable":true,"href":"https:\/\/turkmenexporter.com\/tr\/wp-json\/wp\/v2\/media\/4292"}],"wp:attachment":[{"href":"https:\/\/turkmenexporter.com\/tr\/wp-json\/wp\/v2\/media?parent=5819"}],"wp:term":[{"taxonomy":"brand","embeddable":true,"href":"https:\/\/turkmenexporter.com\/tr\/wp-json\/wp\/v2\/brand?post=5819"},{"taxonomy":"product_cat","embeddable":true,"href":"https:\/\/turkmenexporter.com\/tr\/wp-json\/wp\/v2\/product_cat?post=5819"},{"taxonomy":"product_tag","embeddable":true,"href":"https:\/\/turkmenexporter.com\/tr\/wp-json\/wp\/v2\/product_tag?post=5819"}],"curies":[{"name":"wp","href":"https:\/\/api.w.org\/{rel}","templated":true}]}}