{"id":5820,"date":"2024-03-09T19:36:02","date_gmt":"2024-03-09T14:36:02","guid":{"rendered":"https:\/\/turkmenexporter.com\/product\/atom-havalandirilmis-cikolata\/"},"modified":"2024-09-17T19:29:00","modified_gmt":"2024-09-17T14:29:00","slug":"atom-havalandirilmis-cikolata","status":"publish","type":"product","link":"https:\/\/turkmenexporter.com\/tr\/urun\/atom-havalandirilmis-cikolata\/","title":{"rendered":"ATOM havaland\u0131r\u0131lm\u0131\u015f \u00e7ikolata"},"content":{"rendered":"<p>&#8220;Atom&#8221; havaland\u0131r\u0131lm\u0131\u015f \u00e7ikolata. \u0130\u00e7indekiler: \u015eeker, bitkisel ya\u011f (palm ya\u011f\u0131), kakao tozu, s\u00fct ya\u011f\u0131, em\u00fclgat\u00f6r E322 lesitin, tuz, etil vanilin, do\u011fala \u00f6zde\u015f &#8220;\u00c7ikolata&#8221; aromas\u0131. \u00dcr\u00fcnlerimiz domuz ya\u011f\u0131 i\u00e7ermez. \u00dcretim tarihi ve son kullanma tarihi ambalaj \u00fczerinde belirtilmi\u015ftir. Saklama ko\u015fullar\u0131: +5\u00baC ile +22\u00baC aras\u0131ndaki bir s\u0131cakl\u0131kta ve %70&#8217;ten fazla olmayan ba\u011f\u0131l hava neminde saklay\u0131n. \u00dcr\u00fcn sertifikal\u0131d\u0131r. GDO i\u00e7ermez. Her 100 g \u00fcr\u00fcn i\u00e7in besin de\u011feri: proteinler &#8211; 6,0 g, ya\u011flar &#8211; 30,0 g, karbonhidratlar &#8211; 55,0 g. Enerji de\u011feri &#8211; 510 kcal. <\/p>\n<p>Kutu hacmi: 0,01 M3<\/p>\n<p>Kutu br\u00fct a\u011f\u0131rl\u0131\u011f\u0131: 5,6 kg <\/p>\n<p>Raf \u00f6mr\u00fc 18 ay<\/p>\n","protected":false},"excerpt":{"rendered":"<p>Havaland\u0131r\u0131lm\u0131\u015f \u00e7ikolata 60 gr<\/p>\n<p>Bir blokta 12 adet. Bir kutuda 6 blok.<\/p>\n","protected":false},"featured_media":4346,"comment_status":"open","ping_status":"closed","template":"","meta":{"_acf_changed":false},"brand":[268],"product_cat":[325],"product_tag":[852],"class_list":{"0":"post-5820","1":"product","2":"type-product","3":"status-publish","4":"has-post-thumbnail","6":"brand-altyn-yunus-tr","7":"product_cat-cikolata","8":"product_tag-front-product-tr","10":"first","11":"instock","12":"shipping-taxable","13":"purchasable","14":"product-type-simple"},"acf":[],"_links":{"self":[{"href":"https:\/\/turkmenexporter.com\/tr\/wp-json\/wp\/v2\/product\/5820","targetHints":{"allow":["GET"]}}],"collection":[{"href":"https:\/\/turkmenexporter.com\/tr\/wp-json\/wp\/v2\/product"}],"about":[{"href":"https:\/\/turkmenexporter.com\/tr\/wp-json\/wp\/v2\/types\/product"}],"replies":[{"embeddable":true,"href":"https:\/\/turkmenexporter.com\/tr\/wp-json\/wp\/v2\/comments?post=5820"}],"version-history":[{"count":1,"href":"https:\/\/turkmenexporter.com\/tr\/wp-json\/wp\/v2\/product\/5820\/revisions"}],"predecessor-version":[{"id":10471,"href":"https:\/\/turkmenexporter.com\/tr\/wp-json\/wp\/v2\/product\/5820\/revisions\/10471"}],"wp:featuredmedia":[{"embeddable":true,"href":"https:\/\/turkmenexporter.com\/tr\/wp-json\/wp\/v2\/media\/4346"}],"wp:attachment":[{"href":"https:\/\/turkmenexporter.com\/tr\/wp-json\/wp\/v2\/media?parent=5820"}],"wp:term":[{"taxonomy":"brand","embeddable":true,"href":"https:\/\/turkmenexporter.com\/tr\/wp-json\/wp\/v2\/brand?post=5820"},{"taxonomy":"product_cat","embeddable":true,"href":"https:\/\/turkmenexporter.com\/tr\/wp-json\/wp\/v2\/product_cat?post=5820"},{"taxonomy":"product_tag","embeddable":true,"href":"https:\/\/turkmenexporter.com\/tr\/wp-json\/wp\/v2\/product_tag?post=5820"}],"curies":[{"name":"wp","href":"https:\/\/api.w.org\/{rel}","templated":true}]}}