{"id":5825,"date":"2024-03-09T19:36:04","date_gmt":"2024-03-09T14:36:04","guid":{"rendered":"https:\/\/turkmenexporter.com\/product\/melek-cikolatali-plastik-tavsan\/"},"modified":"2024-09-17T19:28:57","modified_gmt":"2024-09-17T14:28:57","slug":"melek-cikolatali-plastik-tavsan","status":"publish","type":"product","link":"https:\/\/turkmenexporter.com\/tr\/urun\/melek-cikolatali-plastik-tavsan\/","title":{"rendered":"MELEK \u00e7ikolatal\u0131 plastik tav\u015fan"},"content":{"rendered":"<p>&#8220;Melek&#8221; plastik yumurta, s\u00fctl\u00fc &#8211; \u00e7ikolata kremal\u0131 ve i\u00e7inde oyuncak. \u0130\u00e7indekiler: Pudra \u015fekeri, kakao tozu, ya\u011fs\u0131z s\u00fct tozu, palmiye ve palmiye bitkisel ya\u011flar\u0131, em\u00fclgat\u00f6r lesitin (E322), do\u011fal &#8220;F\u0131nd\u0131k&#8221;, &#8220;Vanilin&#8221; ile \u00f6zde\u015f aromalar. \u00dcr\u00fcnlerimiz domuz ya\u011f\u0131 i\u00e7ermez. \u00dcretim tarihi ve son kullanma tarihi ambalaj \u00fczerinde belirtilmi\u015ftir. Saklama ko\u015fullar\u0131: 18\u00b13\u00baC s\u0131cakl\u0131kta ve %75&#8217;ten fazla olmayan ba\u011f\u0131l hava neminde saklay\u0131n. \u00dcr\u00fcn sertifikal\u0131d\u0131r. GDO i\u00e7ermez. Her 100 g \u00fcr\u00fcn i\u00e7in besin de\u011feri: proteinler &#8211; 13,4 g, ya\u011flar &#8211; 18,5 g, karbonhidratlar &#8211; 62,4 g. Enerji de\u011feri &#8211; 448,9 kcal.<\/p>\n<p>Kutu hacmi: 0,045 M3<\/p>\n<p>Kutu br\u00fct a\u011f\u0131rl\u0131\u011f\u0131: 5,4 kg <\/p>\n<p>Raf \u00f6mr\u00fc 18 ay<\/p>\n","protected":false},"excerpt":{"rendered":"<p>\u00c7ikolatal\u0131 plastik tav\u015fan 22 gr<\/p>\n<p>Bir blokta 24 adet. Bir kutuda 6 blok.<\/p>\n","protected":false},"featured_media":4376,"comment_status":"open","ping_status":"closed","template":"","meta":{"_acf_changed":false},"brand":[268],"product_cat":[325],"product_tag":[852],"class_list":{"0":"post-5825","1":"product","2":"type-product","3":"status-publish","4":"has-post-thumbnail","6":"brand-altyn-yunus-tr","7":"product_cat-cikolata","8":"product_tag-front-product-tr","10":"first","11":"instock","12":"shipping-taxable","13":"purchasable","14":"product-type-simple"},"acf":[],"_links":{"self":[{"href":"https:\/\/turkmenexporter.com\/tr\/wp-json\/wp\/v2\/product\/5825","targetHints":{"allow":["GET"]}}],"collection":[{"href":"https:\/\/turkmenexporter.com\/tr\/wp-json\/wp\/v2\/product"}],"about":[{"href":"https:\/\/turkmenexporter.com\/tr\/wp-json\/wp\/v2\/types\/product"}],"replies":[{"embeddable":true,"href":"https:\/\/turkmenexporter.com\/tr\/wp-json\/wp\/v2\/comments?post=5825"}],"version-history":[{"count":1,"href":"https:\/\/turkmenexporter.com\/tr\/wp-json\/wp\/v2\/product\/5825\/revisions"}],"predecessor-version":[{"id":10442,"href":"https:\/\/turkmenexporter.com\/tr\/wp-json\/wp\/v2\/product\/5825\/revisions\/10442"}],"wp:featuredmedia":[{"embeddable":true,"href":"https:\/\/turkmenexporter.com\/tr\/wp-json\/wp\/v2\/media\/4376"}],"wp:attachment":[{"href":"https:\/\/turkmenexporter.com\/tr\/wp-json\/wp\/v2\/media?parent=5825"}],"wp:term":[{"taxonomy":"brand","embeddable":true,"href":"https:\/\/turkmenexporter.com\/tr\/wp-json\/wp\/v2\/brand?post=5825"},{"taxonomy":"product_cat","embeddable":true,"href":"https:\/\/turkmenexporter.com\/tr\/wp-json\/wp\/v2\/product_cat?post=5825"},{"taxonomy":"product_tag","embeddable":true,"href":"https:\/\/turkmenexporter.com\/tr\/wp-json\/wp\/v2\/product_tag?post=5825"}],"curies":[{"name":"wp","href":"https:\/\/api.w.org\/{rel}","templated":true}]}}