{"id":6232,"date":"2024-03-09T19:36:06","date_gmt":"2024-03-09T14:36:06","guid":{"rendered":"https:\/\/turkmenexporter.com\/product\/topgam-sekerli-sakizlar\/"},"modified":"2024-09-17T19:28:54","modified_gmt":"2024-09-17T14:28:54","slug":"topgam-sekerli-sakizlar","status":"publish","type":"product","link":"https:\/\/turkmenexporter.com\/tr\/urun\/topgam-sekerli-sakizlar\/","title":{"rendered":"TOPGAM \u015fekerli sak\u0131zlar"},"content":{"rendered":"<ul>\n<li>Kutu hacmi: 0,021 M3<\/li>\n<li>Kutu br\u00fct a\u011f\u0131rl\u0131\u011f\u0131: 5,5 kg<\/li>\n<li>Raf \u00f6mr\u00fc: 18 ay.<\/li>\n<\/ul>\n","protected":false},"excerpt":{"rendered":"<p>Sak\u0131z \u00e7ubuklar\u0131 2,5 gr 200 adet blok halinde. Bir kutuda 10 blok.<\/p>\n","protected":false},"featured_media":5048,"comment_status":"open","ping_status":"closed","template":"","meta":{"_acf_changed":false},"brand":[268],"product_cat":[324],"product_tag":[],"class_list":{"0":"post-6232","1":"product","2":"type-product","3":"status-publish","4":"has-post-thumbnail","6":"brand-altyn-yunus-tr","7":"product_cat-sakiz-cignemek","9":"first","10":"instock","11":"shipping-taxable","12":"purchasable","13":"product-type-variable","14":"has-default-attributes"},"acf":[],"_links":{"self":[{"href":"https:\/\/turkmenexporter.com\/tr\/wp-json\/wp\/v2\/product\/6232","targetHints":{"allow":["GET"]}}],"collection":[{"href":"https:\/\/turkmenexporter.com\/tr\/wp-json\/wp\/v2\/product"}],"about":[{"href":"https:\/\/turkmenexporter.com\/tr\/wp-json\/wp\/v2\/types\/product"}],"replies":[{"embeddable":true,"href":"https:\/\/turkmenexporter.com\/tr\/wp-json\/wp\/v2\/comments?post=6232"}],"version-history":[{"count":1,"href":"https:\/\/turkmenexporter.com\/tr\/wp-json\/wp\/v2\/product\/6232\/revisions"}],"predecessor-version":[{"id":9928,"href":"https:\/\/turkmenexporter.com\/tr\/wp-json\/wp\/v2\/product\/6232\/revisions\/9928"}],"wp:featuredmedia":[{"embeddable":true,"href":"https:\/\/turkmenexporter.com\/tr\/wp-json\/wp\/v2\/media\/5048"}],"wp:attachment":[{"href":"https:\/\/turkmenexporter.com\/tr\/wp-json\/wp\/v2\/media?parent=6232"}],"wp:term":[{"taxonomy":"brand","embeddable":true,"href":"https:\/\/turkmenexporter.com\/tr\/wp-json\/wp\/v2\/brand?post=6232"},{"taxonomy":"product_cat","embeddable":true,"href":"https:\/\/turkmenexporter.com\/tr\/wp-json\/wp\/v2\/product_cat?post=6232"},{"taxonomy":"product_tag","embeddable":true,"href":"https:\/\/turkmenexporter.com\/tr\/wp-json\/wp\/v2\/product_tag?post=6232"}],"curies":[{"name":"wp","href":"https:\/\/api.w.org\/{rel}","templated":true}]}}