{"id":6240,"date":"2024-03-09T19:36:07","date_gmt":"2024-03-09T14:36:07","guid":{"rendered":"https:\/\/turkmenexporter.com\/product\/toffee-cigneme-sekerleri\/"},"modified":"2024-09-17T19:28:53","modified_gmt":"2024-09-17T14:28:53","slug":"toffee-cigneme-sekerleri","status":"publish","type":"product","link":"https:\/\/turkmenexporter.com\/tr\/urun\/toffee-cigneme-sekerleri\/","title":{"rendered":"TOFFEE \u00e7i\u011fneme \u015fekerleri"},"content":{"rendered":"<p>Karpuz dolgulu \u00e7i\u011fneme tatl\u0131lar\u0131. \u0130\u00e7indekiler: Palm ya\u011f\u0131, tatland\u0131r\u0131c\u0131 sorbitol E420, jelatin, em\u00fclgat\u00f6r gliserin monostearat E471, asitlik d\u00fczenleyici sitrik asit E330, \u015feker ikamesi dekstroz, kabartma tozu sodyum karbonat E500, k\u0131vam artt\u0131r\u0131c\u0131 arap zamk\u0131 E414, koruyucu potasyum sorbat E202, maltodekstrin (m\u0131s\u0131r ni\u015fastas\u0131), aromatik dekstrus &#8220;Karpuz&#8221;, em\u00fclgat\u00f6r lesitin E322, jelle\u015ftirici pektin E440, stabilizat\u00f6r sodyum sitrat 3-s\u00fcbstit\u00fce E331. Elma dolgulu \u00e7i\u011fneme tatl\u0131lar\u0131. \u0130\u00e7indekiler: Palm ya\u011f\u0131, tatland\u0131r\u0131c\u0131 sorbitol E420, jelatin, em\u00fclgat\u00f6r gliserin monostearat E471, asitlik d\u00fczenleyici sitrik asit E330, \u015feker ikamesi dekstroz, kabartma tozu sodyum karbonat E500, k\u0131vam artt\u0131r\u0131c\u0131 arap zamk\u0131 E414, koruyucu potasyum sorbat E202, maltodekstrin (m\u0131s\u0131r ni\u015fastas\u0131), aromatik dekstrus &#8220;Elma&#8221;, em\u00fclgat\u00f6r lesitin E322, jelle\u015ftirici pektin E440, stabilizat\u00f6r sodyum sitrat 3-s\u00fcbstit\u00fce E331. Kiraz dolgulu tatl\u0131lar\u0131 \u00e7i\u011fnemek. \u0130\u00e7indekiler: Palm ya\u011f\u0131, tatland\u0131r\u0131c\u0131 sorbitol E420, jelatin, em\u00fclgat\u00f6r gliserin monostearat E471, asitlik d\u00fczenleyici sitrik asit E330, \u015feker ikamesi dekstroz, kabartma tozu sodyum karbonat E500, k\u0131vam artt\u0131r\u0131c\u0131 arap zamk\u0131 E414, koruyucu potasyum sorbat E202, maltodekstrin (m\u0131s\u0131r ni\u015fastas\u0131), aromatik dekstrus &#8220;Cherry&#8221;, em\u00fclgat\u00f6r lesitin E322, jelle\u015ftirici pektin E440, stabilizat\u00f6r sodyum sitrat 3-s\u00fcbstit\u00fce E331. Mango ile doldurulmu\u015f \u00e7i\u011fneme tatl\u0131lar\u0131. \u0130\u00e7indekiler: Palm ya\u011f\u0131, tatland\u0131r\u0131c\u0131 sorbitol E420, jelatin, em\u00fclgat\u00f6r gliserin monostearat E471, asitlik d\u00fczenleyici sitrik asit E330, \u015feker ikamesi dekstroz, kabartma tozu sodyum karbonat E500, k\u0131vam artt\u0131r\u0131c\u0131 arap zamk\u0131 E414, koruyucu potasyum sorbat E202, maltodekstrin (m\u0131s\u0131r ni\u015fastas\u0131), aromatik dekstrus &#8220;Mango&#8221;, em\u00fclgat\u00f6r lesitin E322, jelle\u015ftirici pektin E440, stabilizat\u00f6r sodyum sitrat 3-s\u00fcbstit\u00fce E331. \u00c7ilek dolgulu \u00e7i\u011fneme tatl\u0131lar\u0131. \u0130\u00e7indekiler: Palm ya\u011f\u0131, tatland\u0131r\u0131c\u0131 sorbitol E420, jelatin, em\u00fclgat\u00f6r gliserin monostearat E471, asitlik d\u00fczenleyici sitrik asit E330, \u015feker ikamesi dekstroz, kabartma tozu sodyum karbonat E500, k\u0131vam artt\u0131r\u0131c\u0131 arap zamk\u0131 E414, koruyucu potasyum sorbat E202, maltodekstrin (m\u0131s\u0131r ni\u015fastas\u0131), aromatik dekstrus &#8220;\u00c7ilek&#8221;, em\u00fclgat\u00f6r lesitin E322, jelle\u015ftirici pektin E440, stabilizat\u00f6r sodyum sitrat 3-s\u00fcbstit\u00fce E331.<\/p>\n<p>Kutu hacmi: 0,022 M3<\/p>\n<p>Kutu br\u00fct a\u011f\u0131rl\u0131\u011f\u0131: 8,6 kg<\/p>\n<p>Raf \u00f6mr\u00fc 18 ay<\/p>\n","protected":false},"excerpt":{"rendered":"<p>Kar\u0131\u015f\u0131k aromal\u0131 \u00e7i\u011fneme \u015fekerleri: karpuz, elma, kiraz, mango, portakal, \u00e7ilek dolgulu 1000 gr<\/p>\n<p>Bir kutuda 8 blok.<\/p>\n","protected":false},"featured_media":5851,"comment_status":"open","ping_status":"closed","template":"","meta":{"_acf_changed":false},"brand":[268],"product_cat":[323],"product_tag":[],"class_list":{"0":"post-6240","1":"product","2":"type-product","3":"status-publish","4":"has-post-thumbnail","6":"brand-altyn-yunus-tr","7":"product_cat-sekerler","9":"first","10":"instock","11":"shipping-taxable","12":"purchasable","13":"product-type-simple"},"acf":[],"_links":{"self":[{"href":"https:\/\/turkmenexporter.com\/tr\/wp-json\/wp\/v2\/product\/6240","targetHints":{"allow":["GET"]}}],"collection":[{"href":"https:\/\/turkmenexporter.com\/tr\/wp-json\/wp\/v2\/product"}],"about":[{"href":"https:\/\/turkmenexporter.com\/tr\/wp-json\/wp\/v2\/types\/product"}],"replies":[{"embeddable":true,"href":"https:\/\/turkmenexporter.com\/tr\/wp-json\/wp\/v2\/comments?post=6240"}],"version-history":[{"count":1,"href":"https:\/\/turkmenexporter.com\/tr\/wp-json\/wp\/v2\/product\/6240\/revisions"}],"predecessor-version":[{"id":10425,"href":"https:\/\/turkmenexporter.com\/tr\/wp-json\/wp\/v2\/product\/6240\/revisions\/10425"}],"wp:featuredmedia":[{"embeddable":true,"href":"https:\/\/turkmenexporter.com\/tr\/wp-json\/wp\/v2\/media\/5851"}],"wp:attachment":[{"href":"https:\/\/turkmenexporter.com\/tr\/wp-json\/wp\/v2\/media?parent=6240"}],"wp:term":[{"taxonomy":"brand","embeddable":true,"href":"https:\/\/turkmenexporter.com\/tr\/wp-json\/wp\/v2\/brand?post=6240"},{"taxonomy":"product_cat","embeddable":true,"href":"https:\/\/turkmenexporter.com\/tr\/wp-json\/wp\/v2\/product_cat?post=6240"},{"taxonomy":"product_tag","embeddable":true,"href":"https:\/\/turkmenexporter.com\/tr\/wp-json\/wp\/v2\/product_tag?post=6240"}],"curies":[{"name":"wp","href":"https:\/\/api.w.org\/{rel}","templated":true}]}}