{"id":6241,"date":"2024-03-09T19:36:07","date_gmt":"2024-03-09T14:36:07","guid":{"rendered":"https:\/\/turkmenexporter.com\/product\/toffee-cubuk-cigneme-sekerleri\/"},"modified":"2024-09-17T19:28:53","modified_gmt":"2024-09-17T14:28:53","slug":"toffee-cubuk-cigneme-sekerleri","status":"publish","type":"product","link":"https:\/\/turkmenexporter.com\/tr\/urun\/toffee-cubuk-cigneme-sekerleri\/","title":{"rendered":"TOFFEE \u00e7ubuk \u00e7i\u011fneme \u015fekerleri"},"content":{"rendered":"<p>Karpuz aromal\u0131 \u00e7i\u011fneme \u015fekerleri. \u0130\u00e7erik \u015feker, glikoz, bitkisel ya\u011f (palm), jelatin, asitlik d\u00fczenleyici sitrik asit E330, stabilizat\u00f6r gliserol monostearat E471, beyaz g\u0131da rengi E171, tatland\u0131r\u0131c\u0131 sorbitol E420, \u015feker ikamesi dekstroz, maltodekstrin (m\u0131s\u0131r ni\u015fastas\u0131), em\u00fclgat\u00f6r arap zamk\u0131 E414, kabartma tozu karbonat sodyum E500, koruyucu potasyum sorbat E202, jelle\u015ftirici pektin E440, em\u00fclgat\u00f6r soya lesitini E322, do\u011fal &#8220;Karpuz&#8221; ile \u00f6zde\u015f aroma, g\u0131da katk\u0131 maddesi talk E553. Elma aromal\u0131 \u00e7i\u011fneme \u015fekerleri. \u0130\u00e7indekiler: \u015feker, glikoz, bitkisel ya\u011f (palm), jelatin, asitlik d\u00fczenleyici sitrik asit E330, stabilizat\u00f6r gliserol monostearat E471, beyaz g\u0131da rengi E171, tatland\u0131r\u0131c\u0131 sorbitol E420, \u015feker ikamesi dekstroz, maltodekstrin (m\u0131s\u0131r ni\u015fastas\u0131), em\u00fclgat\u00f6r arap zamk\u0131 E414, kabartma tozu sodyum karbonat E500, koruyucu potasyum sorbat E202, jelle\u015ftirici pektin E440, em\u00fclgat\u00f6r soya lesitini E322, do\u011fal &#8220;Elma&#8221; ile \u00f6zde\u015f aroma, g\u0131da katk\u0131 maddesi talk E553. Kiraz aromal\u0131 \u00e7i\u011fneme \u015fekerleri. \u0130\u00e7indekiler: \u015feker, glikoz, bitkisel ya\u011f (palm), jelatin, asitlik d\u00fczenleyici sitrik asit E330, stabilizat\u00f6r gliserol monostearat E471, beyaz g\u0131da rengi E171, tatland\u0131r\u0131c\u0131 sorbitol E420, \u015feker ikamesi dekstroz, maltodekstrin (m\u0131s\u0131r ni\u015fastas\u0131), em\u00fclgat\u00f6r arap zamk\u0131 E414, kabartma tozu karbonat sodyum E500, koruyucu potasyum sorbat E202, jelle\u015ftirici pektin E440, em\u00fclgat\u00f6r soya lesitini E322, do\u011fala \u00f6zde\u015f vi\u015fne aromas\u0131, g\u0131da katk\u0131 maddesi talk E553. Mango aromal\u0131 \u00e7i\u011fneme \u015fekerleri. \u0130\u00e7indekiler: \u015feker, glikoz, bitkisel ya\u011f (palm), jelatin, asitlik d\u00fczenleyici sitrik asit E330, stabilizat\u00f6r gliserol monostearat E471, beyaz g\u0131da rengi E171, tatland\u0131r\u0131c\u0131 sorbitol E420, \u015feker ikamesi dekstroz, maltodekstrin (m\u0131s\u0131r ni\u015fastas\u0131), em\u00fclgat\u00f6r arap zamk\u0131 E414, kabartma tozu karbonat sodyum E500, koruyucu potasyum sorbat E202, jelle\u015ftirici pektin E440, em\u00fclgat\u00f6r soya lesitini E322, do\u011fal &#8220;Mango&#8221; ile \u00f6zde\u015f aroma, g\u0131da katk\u0131 maddesi talk E553.<\/p>\n<p>Kutu hacmi: 0,022 M3<\/p>\n<p>Kutu br\u00fct a\u011f\u0131rl\u0131\u011f\u0131: 8,6 kg<\/p>\n<p>Raf \u00f6mr\u00fc 18 ay<\/p>\n","protected":false},"excerpt":{"rendered":"<p>Kar\u0131\u015f\u0131k aromal\u0131 \u00e7ubuk \u015fekerler: karpuz, elma, kiraz, mango, portakal, \u00e7ilek i\u00e7i dolgulu 800 gr<\/p>\n<p>Bir kutuda 8 blok.<\/p>\n","protected":false},"featured_media":5858,"comment_status":"open","ping_status":"closed","template":"","meta":{"_acf_changed":false},"brand":[268],"product_cat":[323],"product_tag":[852],"class_list":{"0":"post-6241","1":"product","2":"type-product","3":"status-publish","4":"has-post-thumbnail","6":"brand-altyn-yunus-tr","7":"product_cat-sekerler","8":"product_tag-front-product-tr","10":"first","11":"instock","12":"shipping-taxable","13":"purchasable","14":"product-type-simple"},"acf":[],"_links":{"self":[{"href":"https:\/\/turkmenexporter.com\/tr\/wp-json\/wp\/v2\/product\/6241","targetHints":{"allow":["GET"]}}],"collection":[{"href":"https:\/\/turkmenexporter.com\/tr\/wp-json\/wp\/v2\/product"}],"about":[{"href":"https:\/\/turkmenexporter.com\/tr\/wp-json\/wp\/v2\/types\/product"}],"replies":[{"embeddable":true,"href":"https:\/\/turkmenexporter.com\/tr\/wp-json\/wp\/v2\/comments?post=6241"}],"version-history":[{"count":1,"href":"https:\/\/turkmenexporter.com\/tr\/wp-json\/wp\/v2\/product\/6241\/revisions"}],"predecessor-version":[{"id":10424,"href":"https:\/\/turkmenexporter.com\/tr\/wp-json\/wp\/v2\/product\/6241\/revisions\/10424"}],"wp:featuredmedia":[{"embeddable":true,"href":"https:\/\/turkmenexporter.com\/tr\/wp-json\/wp\/v2\/media\/5858"}],"wp:attachment":[{"href":"https:\/\/turkmenexporter.com\/tr\/wp-json\/wp\/v2\/media?parent=6241"}],"wp:term":[{"taxonomy":"brand","embeddable":true,"href":"https:\/\/turkmenexporter.com\/tr\/wp-json\/wp\/v2\/brand?post=6241"},{"taxonomy":"product_cat","embeddable":true,"href":"https:\/\/turkmenexporter.com\/tr\/wp-json\/wp\/v2\/product_cat?post=6241"},{"taxonomy":"product_tag","embeddable":true,"href":"https:\/\/turkmenexporter.com\/tr\/wp-json\/wp\/v2\/product_tag?post=6241"}],"curies":[{"name":"wp","href":"https:\/\/api.w.org\/{rel}","templated":true}]}}