{"id":6260,"date":"2024-03-09T19:36:15","date_gmt":"2024-03-09T14:36:15","guid":{"rendered":"https:\/\/turkmenexporter.com\/product\/menta-sakiz-yastiklari-sekersiz\/"},"modified":"2026-03-29T03:56:59","modified_gmt":"2026-03-28T22:56:59","slug":"menta-sakiz-yastiklari-sekersiz","status":"publish","type":"product","link":"https:\/\/turkmenexporter.com\/tr\/urun\/menta-sakiz-yastiklari-sekersiz\/","title":{"rendered":"MENTA sak\u0131z yast\u0131klar\u0131 \u015fekersiz"},"content":{"rendered":"<ul>\n<li>Box volume: 0,013 M3<\/li>\n<li>Kutu br\u00fct a\u011f\u0131rl\u0131\u011f\u0131: 8,66 kg<\/li>\n<li>Raf \u00f6mr\u00fc: 18 ay.<\/li>\n<\/ul>\n","protected":false},"excerpt":{"rendered":"<p>Sak\u0131z yast\u0131klar\u0131 13,2 gr<\/p>\n<p>Bir blokta 30 paket. Bir kutuda 20 blok.<\/p>\n","protected":false},"featured_media":4904,"comment_status":"open","ping_status":"closed","template":"","meta":{"_acf_changed":false},"brand":[268],"product_cat":[324],"product_tag":[852],"class_list":{"0":"post-6260","1":"product","2":"type-product","3":"status-publish","4":"has-post-thumbnail","6":"brand-altyn-yunus-tr","7":"product_cat-sakiz-cignemek","8":"product_tag-front-product-tr","10":"first","11":"instock","12":"shipping-taxable","13":"purchasable","14":"product-type-variable","15":"has-default-attributes"},"acf":[],"_links":{"self":[{"href":"https:\/\/turkmenexporter.com\/tr\/wp-json\/wp\/v2\/product\/6260","targetHints":{"allow":["GET"]}}],"collection":[{"href":"https:\/\/turkmenexporter.com\/tr\/wp-json\/wp\/v2\/product"}],"about":[{"href":"https:\/\/turkmenexporter.com\/tr\/wp-json\/wp\/v2\/types\/product"}],"replies":[{"embeddable":true,"href":"https:\/\/turkmenexporter.com\/tr\/wp-json\/wp\/v2\/comments?post=6260"}],"version-history":[{"count":1,"href":"https:\/\/turkmenexporter.com\/tr\/wp-json\/wp\/v2\/product\/6260\/revisions"}],"predecessor-version":[{"id":10400,"href":"https:\/\/turkmenexporter.com\/tr\/wp-json\/wp\/v2\/product\/6260\/revisions\/10400"}],"wp:featuredmedia":[{"embeddable":true,"href":"https:\/\/turkmenexporter.com\/tr\/wp-json\/wp\/v2\/media\/4904"}],"wp:attachment":[{"href":"https:\/\/turkmenexporter.com\/tr\/wp-json\/wp\/v2\/media?parent=6260"}],"wp:term":[{"taxonomy":"brand","embeddable":true,"href":"https:\/\/turkmenexporter.com\/tr\/wp-json\/wp\/v2\/brand?post=6260"},{"taxonomy":"product_cat","embeddable":true,"href":"https:\/\/turkmenexporter.com\/tr\/wp-json\/wp\/v2\/product_cat?post=6260"},{"taxonomy":"product_tag","embeddable":true,"href":"https:\/\/turkmenexporter.com\/tr\/wp-json\/wp\/v2\/product_tag?post=6260"}],"curies":[{"name":"wp","href":"https:\/\/api.w.org\/{rel}","templated":true}]}}