{"id":6269,"date":"2024-03-09T19:36:22","date_gmt":"2024-03-09T14:36:22","guid":{"rendered":"https:\/\/turkmenexporter.com\/product\/well-sakiz-blister-sekersiz\/"},"modified":"2024-09-17T19:28:49","modified_gmt":"2024-09-17T14:28:49","slug":"well-sakiz-blister-sekersiz","status":"publish","type":"product","link":"https:\/\/turkmenexporter.com\/tr\/urun\/well-sakiz-blister-sekersiz\/","title":{"rendered":"WELL sak\u0131z blister \u015fekersiz"},"content":{"rendered":"<ul>\n<li>Kutu hacmi: 0,019 M3<\/li>\n<li>Kutu br\u00fct a\u011f\u0131rl\u0131\u011f\u0131: 4,6 kg<\/li>\n<li>Raf \u00f6mr\u00fc: 18 ay.<\/li>\n<\/ul>\n","protected":false},"excerpt":{"rendered":"<p>Sak\u0131z yast\u0131klar\u0131 13 gr<\/p>\n<p>Bir blokta 12 paket. Bir kutuda 24 blok.<\/p>\n","protected":false},"featured_media":4886,"comment_status":"open","ping_status":"closed","template":"","meta":{"_acf_changed":false},"brand":[268],"product_cat":[324],"product_tag":[852],"class_list":{"0":"post-6269","1":"product","2":"type-product","3":"status-publish","4":"has-post-thumbnail","6":"brand-altyn-yunus-tr","7":"product_cat-sakiz-cignemek","8":"product_tag-front-product-tr","10":"first","11":"instock","12":"shipping-taxable","13":"purchasable","14":"product-type-variable","15":"has-default-attributes"},"acf":[],"_links":{"self":[{"href":"https:\/\/turkmenexporter.com\/tr\/wp-json\/wp\/v2\/product\/6269","targetHints":{"allow":["GET"]}}],"collection":[{"href":"https:\/\/turkmenexporter.com\/tr\/wp-json\/wp\/v2\/product"}],"about":[{"href":"https:\/\/turkmenexporter.com\/tr\/wp-json\/wp\/v2\/types\/product"}],"replies":[{"embeddable":true,"href":"https:\/\/turkmenexporter.com\/tr\/wp-json\/wp\/v2\/comments?post=6269"}],"version-history":[{"count":1,"href":"https:\/\/turkmenexporter.com\/tr\/wp-json\/wp\/v2\/product\/6269\/revisions"}],"predecessor-version":[{"id":10395,"href":"https:\/\/turkmenexporter.com\/tr\/wp-json\/wp\/v2\/product\/6269\/revisions\/10395"}],"wp:featuredmedia":[{"embeddable":true,"href":"https:\/\/turkmenexporter.com\/tr\/wp-json\/wp\/v2\/media\/4886"}],"wp:attachment":[{"href":"https:\/\/turkmenexporter.com\/tr\/wp-json\/wp\/v2\/media?parent=6269"}],"wp:term":[{"taxonomy":"brand","embeddable":true,"href":"https:\/\/turkmenexporter.com\/tr\/wp-json\/wp\/v2\/brand?post=6269"},{"taxonomy":"product_cat","embeddable":true,"href":"https:\/\/turkmenexporter.com\/tr\/wp-json\/wp\/v2\/product_cat?post=6269"},{"taxonomy":"product_tag","embeddable":true,"href":"https:\/\/turkmenexporter.com\/tr\/wp-json\/wp\/v2\/product_tag?post=6269"}],"curies":[{"name":"wp","href":"https:\/\/api.w.org\/{rel}","templated":true}]}}