{"id":6292,"date":"2024-03-09T19:36:23","date_gmt":"2024-03-09T14:36:23","guid":{"rendered":"https:\/\/turkmenexporter.com\/product\/topgam-sekerli-sakiz-draje\/"},"modified":"2024-09-17T19:28:46","modified_gmt":"2024-09-17T14:28:46","slug":"topgam-sekerli-sakiz-draje","status":"publish","type":"product","link":"https:\/\/turkmenexporter.com\/tr\/urun\/topgam-sekerli-sakiz-draje\/","title":{"rendered":"TOPGAM \u015fekerli sak\u0131z draje"},"content":{"rendered":"<ul>\n<li>Kutu hacmi: 0,04 M3<\/li>\n<li>Kutu br\u00fct a\u011f\u0131rl\u0131\u011f\u0131: 3,5 kg<\/li>\n<li>Raf \u00f6mr\u00fc: 18 ay.<\/li>\n<\/ul>\n","protected":false},"excerpt":{"rendered":"<p>S\u0131v\u0131 dolgulu \u015fekerli sak\u0131z draje 3,5 gr<\/p>\n<p>Bir blokta 100 adet. 18 blocks in a box.Yeni y\u0131l \u00e7ikolatas\u0131 125 gr.<\/p>\n","protected":false},"featured_media":4706,"comment_status":"open","ping_status":"closed","template":"","meta":{"_acf_changed":false},"brand":[268],"product_cat":[324],"product_tag":[852],"class_list":{"0":"post-6292","1":"product","2":"type-product","3":"status-publish","4":"has-post-thumbnail","6":"brand-altyn-yunus-tr","7":"product_cat-sakiz-cignemek","8":"product_tag-front-product-tr","10":"first","11":"instock","12":"shipping-taxable","13":"purchasable","14":"product-type-variable","15":"has-default-attributes"},"acf":[],"_links":{"self":[{"href":"https:\/\/turkmenexporter.com\/tr\/wp-json\/wp\/v2\/product\/6292","targetHints":{"allow":["GET"]}}],"collection":[{"href":"https:\/\/turkmenexporter.com\/tr\/wp-json\/wp\/v2\/product"}],"about":[{"href":"https:\/\/turkmenexporter.com\/tr\/wp-json\/wp\/v2\/types\/product"}],"replies":[{"embeddable":true,"href":"https:\/\/turkmenexporter.com\/tr\/wp-json\/wp\/v2\/comments?post=6292"}],"version-history":[{"count":1,"href":"https:\/\/turkmenexporter.com\/tr\/wp-json\/wp\/v2\/product\/6292\/revisions"}],"predecessor-version":[{"id":10380,"href":"https:\/\/turkmenexporter.com\/tr\/wp-json\/wp\/v2\/product\/6292\/revisions\/10380"}],"wp:featuredmedia":[{"embeddable":true,"href":"https:\/\/turkmenexporter.com\/tr\/wp-json\/wp\/v2\/media\/4706"}],"wp:attachment":[{"href":"https:\/\/turkmenexporter.com\/tr\/wp-json\/wp\/v2\/media?parent=6292"}],"wp:term":[{"taxonomy":"brand","embeddable":true,"href":"https:\/\/turkmenexporter.com\/tr\/wp-json\/wp\/v2\/brand?post=6292"},{"taxonomy":"product_cat","embeddable":true,"href":"https:\/\/turkmenexporter.com\/tr\/wp-json\/wp\/v2\/product_cat?post=6292"},{"taxonomy":"product_tag","embeddable":true,"href":"https:\/\/turkmenexporter.com\/tr\/wp-json\/wp\/v2\/product_tag?post=6292"}],"curies":[{"name":"wp","href":"https:\/\/api.w.org\/{rel}","templated":true}]}}