{"id":6301,"date":"2024-03-09T19:36:27","date_gmt":"2024-03-09T14:36:27","guid":{"rendered":"https:\/\/turkmenexporter.com\/product\/topgam-seker-karisimli-meyveli-sakiz\/"},"modified":"2024-09-17T19:28:45","modified_gmt":"2024-09-17T14:28:45","slug":"topgam-seker-karisimli-meyveli-sakiz","status":"publish","type":"product","link":"https:\/\/turkmenexporter.com\/tr\/urun\/topgam-seker-karisimli-meyveli-sakiz\/","title":{"rendered":"TOPGAM \u015feker kar\u0131\u015f\u0131ml\u0131 meyveli sak\u0131z"},"content":{"rendered":"<p>&#8220;Topgam&#8221; sak\u0131z. \u0130\u00e7indekiler: sak\u0131z baz\u0131, glikoz, pudra \u015fekeri, gliserin (E422), lesitin (E322), sorbitol (E420), \u00e7ilek, \u015feftali \u00e7ark\u0131felek meyvesi, k\u0131zam\u0131k, portakal aromalar\u0131, sitrik asit (E330), g\u0131da boyalar\u0131 (E102, E110, E124, E133), talk. G\u00fcne\u015f \u0131\u015f\u0131\u011f\u0131ndan uzak tutunuz. Serin ve kuru yerde muhafaza ediniz. Her 100 g \u00fcr\u00fcn i\u00e7in besin de\u011feri: karbonhidrat &#8211; 79,0 g., enerji de\u011feri &#8211; 317 kcal. Saklama ko\u015fullar\u0131: 18\u00b13\u00baC&#8217;de ve maksimum %75 ba\u011f\u0131l nemde saklay\u0131n\u0131z. \u00dcretim tarihi ve son kullanma tarihi ambalaj \u00fczerinde belirtilmi\u015ftir. GDO i\u00e7ermez. Sertifikal\u0131 \u00fcr\u00fcn. <\/p>\n<p>Kutu hacmi: 0,029 M3<\/p>\n<p>Kutu br\u00fct a\u011f\u0131rl\u0131\u011f\u0131: 17,7 kg <\/p>\n<p>Raf \u00f6mr\u00fc 18 ay<\/p>\n","protected":false},"excerpt":{"rendered":"<p>\u015eeker kar\u0131\u015f\u0131ml\u0131 sak\u0131z meyve aromal\u0131 17,5 gr<\/p>\n<p>Bir blokta 20 paket. Bir kutuda 40 blok.<\/p>\n","protected":false},"featured_media":4784,"comment_status":"open","ping_status":"closed","template":"","meta":{"_acf_changed":false},"brand":[268],"product_cat":[324],"product_tag":[852],"class_list":{"0":"post-6301","1":"product","2":"type-product","3":"status-publish","4":"has-post-thumbnail","6":"brand-altyn-yunus-tr","7":"product_cat-sakiz-cignemek","8":"product_tag-front-product-tr","10":"first","11":"instock","12":"shipping-taxable","13":"purchasable","14":"product-type-simple"},"acf":[],"_links":{"self":[{"href":"https:\/\/turkmenexporter.com\/tr\/wp-json\/wp\/v2\/product\/6301","targetHints":{"allow":["GET"]}}],"collection":[{"href":"https:\/\/turkmenexporter.com\/tr\/wp-json\/wp\/v2\/product"}],"about":[{"href":"https:\/\/turkmenexporter.com\/tr\/wp-json\/wp\/v2\/types\/product"}],"replies":[{"embeddable":true,"href":"https:\/\/turkmenexporter.com\/tr\/wp-json\/wp\/v2\/comments?post=6301"}],"version-history":[{"count":1,"href":"https:\/\/turkmenexporter.com\/tr\/wp-json\/wp\/v2\/product\/6301\/revisions"}],"predecessor-version":[{"id":10375,"href":"https:\/\/turkmenexporter.com\/tr\/wp-json\/wp\/v2\/product\/6301\/revisions\/10375"}],"wp:featuredmedia":[{"embeddable":true,"href":"https:\/\/turkmenexporter.com\/tr\/wp-json\/wp\/v2\/media\/4784"}],"wp:attachment":[{"href":"https:\/\/turkmenexporter.com\/tr\/wp-json\/wp\/v2\/media?parent=6301"}],"wp:term":[{"taxonomy":"brand","embeddable":true,"href":"https:\/\/turkmenexporter.com\/tr\/wp-json\/wp\/v2\/brand?post=6301"},{"taxonomy":"product_cat","embeddable":true,"href":"https:\/\/turkmenexporter.com\/tr\/wp-json\/wp\/v2\/product_cat?post=6301"},{"taxonomy":"product_tag","embeddable":true,"href":"https:\/\/turkmenexporter.com\/tr\/wp-json\/wp\/v2\/product_tag?post=6301"}],"curies":[{"name":"wp","href":"https:\/\/api.w.org\/{rel}","templated":true}]}}